{"id":970,"date":"2024-04-11T13:46:35","date_gmt":"2024-04-11T13:46:35","guid":{"rendered":"https:\/\/scrabble-it.com\/a-propos-de-nous\/"},"modified":"2024-07-24T12:28:12","modified_gmt":"2024-07-24T12:28:12","slug":"a-propos-de-nous","status":"publish","type":"page","link":"https:\/\/scrabble-it.com\/fr\/a-propos-de-nous\/","title":{"rendered":"A propos de nous"},"content":{"rendered":"\n<p>Nous, Ann &amp; Jan, sommes les h\u00f4tes de votre s\u00e9jour \u00e0 ScraB&amp;Ble.  <\/p>\n\n<p>Nous vivons ici depuis 2017. Peu apr\u00e8s, nos trois enfants ont quitt\u00e9 le nid. Cela a lib\u00e9r\u00e9 des chambres et nous a permis de cr\u00e9er notre chambre d&#8217;h\u00f4tes. Ensemble, nous avons d\u00e9j\u00e0 v\u00e9cu dans toutes les provinces, mais c&#8217;est ici, \u00e0 Weert, que nous avons trouv\u00e9 la paix, le calme et la nature.<\/p>\n\n<figure class=\"wp-block-image size-large\"><img decoding=\"async\" width=\"1024\" height=\"683\" data-src=\"https:\/\/scrabble-it.com\/wp-content\/uploads\/2023\/10\/Scrabble-161-web-1024x683.jpg\" alt=\"\" class=\"wp-image-633 lazyload\" data-srcset=\"https:\/\/scrabble-it.com\/wp-content\/uploads\/2023\/10\/Scrabble-161-web-1024x683.jpg 1024w, https:\/\/scrabble-it.com\/wp-content\/uploads\/2023\/10\/Scrabble-161-web-300x200.jpg 300w, https:\/\/scrabble-it.com\/wp-content\/uploads\/2023\/10\/Scrabble-161-web-768x512.jpg 768w, https:\/\/scrabble-it.com\/wp-content\/uploads\/2023\/10\/Scrabble-161-web-600x400.jpg 600w, https:\/\/scrabble-it.com\/wp-content\/uploads\/2023\/10\/Scrabble-161-web.jpg 1400w\" data-sizes=\"(max-width: 1024px) 100vw, 1024px\" src=\"data:image\/svg+xml;base64,PHN2ZyB3aWR0aD0iMSIgaGVpZ2h0PSIxIiB4bWxucz0iaHR0cDovL3d3dy53My5vcmcvMjAwMC9zdmciPjwvc3ZnPg==\" style=\"--smush-placeholder-width: 1024px; --smush-placeholder-aspect-ratio: 1024\/683;\" \/><\/figure>\n\n<div style=\"height:25px\" aria-hidden=\"true\" class=\"wp-block-spacer\"><\/div>\n\n<h4 class=\"wp-block-heading\">D&#8217;o\u00f9 vient le nom ScraB&amp;Ble ?<\/h4>\n\n<p>Scrabble-IT est le nom de l&#8217;entreprise de Jan. Le Scrabble a toujours \u00e9t\u00e9 un jeu de mots auquel nous aimions jouer, avec les \u00e9motions et les discussions que cela implique. Mais cela nous donne aussi une certaine flexibilit\u00e9. Avec le Scrabble, vous pouvez cr\u00e9er presque tous les mots que vous voulez, ce qui souligne d&#8217;embl\u00e9e sa flexibilit\u00e9. \u00c9chapper \u00e0 la course \u00e0 l&#8217;\u00e9chalote, s&#8217;engager dans des choses qui comptent vraiment (allez, on le pense quand m\u00eame). Voici un exemple. Scrabble-IT&#8217;s IT fait r\u00e9f\u00e9rence non seulement \u00e0 &#8220;scrabble it&#8221; mais aussi au secteur dans lequel Jan a travaill\u00e9 et travaille encore occasionnellement.  <\/p>\n\n<figure class=\"wp-block-image size-large\"><img decoding=\"async\" width=\"732\" height=\"1024\" data-src=\"https:\/\/scrabble-it.com\/wp-content\/uploads\/2024\/04\/6617c0ae4118d-Medium-732x1024.jpg\" alt=\"\" class=\"wp-image-960 lazyload\" data-srcset=\"https:\/\/scrabble-it.com\/wp-content\/uploads\/2024\/04\/6617c0ae4118d-Medium-732x1024.jpg 732w, https:\/\/scrabble-it.com\/wp-content\/uploads\/2024\/04\/6617c0ae4118d-Medium-214x300.jpg 214w, https:\/\/scrabble-it.com\/wp-content\/uploads\/2024\/04\/6617c0ae4118d-Medium-429x600.jpg 429w, https:\/\/scrabble-it.com\/wp-content\/uploads\/2024\/04\/6617c0ae4118d-Medium.jpg 768w\" data-sizes=\"(max-width: 732px) 100vw, 732px\" src=\"data:image\/svg+xml;base64,PHN2ZyB3aWR0aD0iMSIgaGVpZ2h0PSIxIiB4bWxucz0iaHR0cDovL3d3dy53My5vcmcvMjAwMC9zdmciPjwvc3ZnPg==\" style=\"--smush-placeholder-width: 732px; --smush-placeholder-aspect-ratio: 732\/1024;\" \/><\/figure>\n","protected":false},"excerpt":{"rendered":"<p>Nous, Ann &amp; Jan, sommes les h\u00f4tes de votre s\u00e9jour \u00e0 ScraB&amp;Ble. Nous vivons ici depuis 2017. Peu apr\u00e8s, nos [&hellip;]<\/p>\n","protected":false},"author":1,"featured_media":958,"parent":0,"menu_order":0,"comment_status":"closed","ping_status":"closed","template":"","meta":{"site-sidebar-layout":"default","site-content-layout":"","ast-site-content-layout":"default","site-content-style":"default","site-sidebar-style":"default","ast-global-header-display":"","ast-banner-title-visibility":"","ast-main-header-display":"","ast-hfb-above-header-display":"","ast-hfb-below-header-display":"","ast-hfb-mobile-header-display":"","site-post-title":"","ast-breadcrumbs-content":"","ast-featured-img":"","footer-sml-layout":"","ast-disable-related-posts":"","theme-transparent-header-meta":"","adv-header-id-meta":"","stick-header-meta":"","header-above-stick-meta":"","header-main-stick-meta":"","header-below-stick-meta":"","astra-migrate-meta-layouts":"default","ast-page-background-enabled":"default","ast-page-background-meta":{"desktop":{"background-color":"var(--ast-global-color-5)","background-image":"","background-repeat":"repeat","background-position":"center center","background-size":"auto","background-attachment":"scroll","background-type":"","background-media":"","overlay-type":"","overlay-color":"","overlay-opacity":"","overlay-gradient":""},"tablet":{"background-color":"","background-image":"","background-repeat":"repeat","background-position":"center center","background-size":"auto","background-attachment":"scroll","background-type":"","background-media":"","overlay-type":"","overlay-color":"","overlay-opacity":"","overlay-gradient":""},"mobile":{"background-color":"","background-image":"","background-repeat":"repeat","background-position":"center center","background-size":"auto","background-attachment":"scroll","background-type":"","background-media":"","overlay-type":"","overlay-color":"","overlay-opacity":"","overlay-gradient":""}},"ast-content-background-meta":{"desktop":{"background-color":"var(--ast-global-color-4)","background-image":"","background-repeat":"repeat","background-position":"center center","background-size":"auto","background-attachment":"scroll","background-type":"","background-media":"","overlay-type":"","overlay-color":"","overlay-opacity":"","overlay-gradient":""},"tablet":{"background-color":"var(--ast-global-color-4)","background-image":"","background-repeat":"repeat","background-position":"center center","background-size":"auto","background-attachment":"scroll","background-type":"","background-media":"","overlay-type":"","overlay-color":"","overlay-opacity":"","overlay-gradient":""},"mobile":{"background-color":"var(--ast-global-color-4)","background-image":"","background-repeat":"repeat","background-position":"center center","background-size":"auto","background-attachment":"scroll","background-type":"","background-media":"","overlay-type":"","overlay-color":"","overlay-opacity":"","overlay-gradient":""}},"footnotes":""},"class_list":["post-970","page","type-page","status-publish","has-post-thumbnail","hentry"],"aioseo_notices":[],"_links":{"self":[{"href":"https:\/\/scrabble-it.com\/fr\/wp-json\/wp\/v2\/pages\/970","targetHints":{"allow":["GET"]}}],"collection":[{"href":"https:\/\/scrabble-it.com\/fr\/wp-json\/wp\/v2\/pages"}],"about":[{"href":"https:\/\/scrabble-it.com\/fr\/wp-json\/wp\/v2\/types\/page"}],"author":[{"embeddable":true,"href":"https:\/\/scrabble-it.com\/fr\/wp-json\/wp\/v2\/users\/1"}],"replies":[{"embeddable":true,"href":"https:\/\/scrabble-it.com\/fr\/wp-json\/wp\/v2\/comments?post=970"}],"version-history":[{"count":3,"href":"https:\/\/scrabble-it.com\/fr\/wp-json\/wp\/v2\/pages\/970\/revisions"}],"predecessor-version":[{"id":976,"href":"https:\/\/scrabble-it.com\/fr\/wp-json\/wp\/v2\/pages\/970\/revisions\/976"}],"wp:featuredmedia":[{"embeddable":true,"href":"https:\/\/scrabble-it.com\/fr\/wp-json\/wp\/v2\/media\/958"}],"wp:attachment":[{"href":"https:\/\/scrabble-it.com\/fr\/wp-json\/wp\/v2\/media?parent=970"}],"curies":[{"name":"wp","href":"https:\/\/api.w.org\/{rel}","templated":true}]}}