{"id":417,"date":"2023-03-06T11:10:35","date_gmt":"2023-03-06T11:10:35","guid":{"rendered":"https:\/\/scrabble-it.com\/index.php\/que-faire\/"},"modified":"2025-03-10T09:21:53","modified_gmt":"2025-03-10T09:21:53","slug":"que-faire","status":"publish","type":"page","link":"https:\/\/scrabble-it.com\/fr\/que-faire\/","title":{"rendered":"Que faire ? activit\u00e9s dans et autour du Scrabble"},"content":{"rendered":"\n<p>Que faire ? Activit\u00e9s culturelles et li\u00e9es \u00e0 la nature dans et autour de Scrabble \u00e9galement !<\/p>\n\n<h4 class=\"wp-block-heading\">Activit\u00e9s culturelles<\/h4>\n\n<p>Pour les activit\u00e9s culturelles \u00e0 proximit\u00e9, il est pr\u00e9f\u00e9rable de surfer sur <a href=\"https:\/\/www.uitinvlaanderen.be\/agenda\/alle\/2880-bornem\" target=\"_blank\" rel=\"noreferrer noopener\">UItInVlaanderen<\/a>. Vous y trouverez tout ce qui se trouve dans les environs imm\u00e9diats, mais aussi un peu plus loin (Temse et Puurs-Sint-Amands), o\u00f9 l&#8217;offre est tr\u00e8s riche.<\/p>\n\n<h4 class=\"wp-block-heading\">Nature dans et autour de Weert<\/h4>\n\n<p>Le Petit-Brabant (Bornem \/ Puurs-Sint-Amands) offre une nature abondante. Les meilleurs sites pour en savoir plus sur notre nature sont les suivants :<\/p>\n\n<ul class=\"wp-block-list\">\n<li><a href=\"https:\/\/natuurgidsen-klein-brabant.com\/onze-territoria\/\" target=\"_blank\" rel=\"noreferrer noopener\">Guides nature Klein-Brabant<\/a><\/li>\n\n\n\n<li><a href=\"https:\/\/www.natuurpunt.be\/afdelingen\/natuurpunt-klein-brabant\/natuurgebieden\" target=\"_blank\" rel=\"noreferrer noopener\">Point nature du Klein-Brabant<\/a><\/li>\n\n\n\n<li><a href=\"https:\/\/www.natuurpunt.be\/afdelingen\/natuurpunt-rupelstreek\/ontdek-de-natuur\" target=\"_blank\" rel=\"noreferrer noopener\">Point nature Rupel<\/a><\/li>\n<\/ul>\n\n<p>Envie d&#8217;une promenade \u00e0 pied ou \u00e0 v\u00e9lo le long des zones de Sigma sur l&#8217;Escaut ?  <\/p>\n\n<p>Demandez-nous ou r\u00e9servez d\u00e9j\u00e0 lors de la r\u00e9servation de votre logement. Votre h\u00f4te, Jan, se fera un plaisir de vous guider dans le monde merveilleux de l&#8217;Escaut, du Sigma, du Climat et de la Nature.<\/p>\n\n<h4 class=\"wp-block-heading\">Manger et boire dans le quartier<\/h4>\n\n<p>Cette question est tellement importante que nous l&#8217;avons incluse dans une <a href=\"https:\/\/scrabble-it.com\/fr\/manger-et-boire-dans-le-quartier\/\" title=\"Manger et boire dans le quartier\">page s\u00e9par\u00e9e<\/a>.<\/p>\n","protected":false},"excerpt":{"rendered":"<p>Que faire ? Activit\u00e9s culturelles et li\u00e9es \u00e0 la nature dans et autour de Scrabble \u00e9galement ! Activit\u00e9s culturelles Pour [&hellip;]<\/p>\n","protected":false},"author":1,"featured_media":0,"parent":0,"menu_order":0,"comment_status":"closed","ping_status":"closed","template":"","meta":{"site-sidebar-layout":"default","site-content-layout":"","ast-site-content-layout":"default","site-content-style":"default","site-sidebar-style":"default","ast-global-header-display":"","ast-banner-title-visibility":"","ast-main-header-display":"","ast-hfb-above-header-display":"","ast-hfb-below-header-display":"","ast-hfb-mobile-header-display":"","site-post-title":"","ast-breadcrumbs-content":"","ast-featured-img":"","footer-sml-layout":"","ast-disable-related-posts":"","theme-transparent-header-meta":"","adv-header-id-meta":"","stick-header-meta":"","header-above-stick-meta":"","header-main-stick-meta":"","header-below-stick-meta":"","astra-migrate-meta-layouts":"default","ast-page-background-enabled":"default","ast-page-background-meta":{"desktop":{"background-color":"var(--ast-global-color-5)","background-image":"","background-repeat":"repeat","background-position":"center center","background-size":"auto","background-attachment":"scroll","background-type":"","background-media":"","overlay-type":"","overlay-color":"","overlay-opacity":"","overlay-gradient":""},"tablet":{"background-color":"","background-image":"","background-repeat":"repeat","background-position":"center center","background-size":"auto","background-attachment":"scroll","background-type":"","background-media":"","overlay-type":"","overlay-color":"","overlay-opacity":"","overlay-gradient":""},"mobile":{"background-color":"","background-image":"","background-repeat":"repeat","background-position":"center center","background-size":"auto","background-attachment":"scroll","background-type":"","background-media":"","overlay-type":"","overlay-color":"","overlay-opacity":"","overlay-gradient":""}},"ast-content-background-meta":{"desktop":{"background-color":"var(--ast-global-color-4)","background-image":"","background-repeat":"repeat","background-position":"center center","background-size":"auto","background-attachment":"scroll","background-type":"","background-media":"","overlay-type":"","overlay-color":"","overlay-opacity":"","overlay-gradient":""},"tablet":{"background-color":"var(--ast-global-color-4)","background-image":"","background-repeat":"repeat","background-position":"center center","background-size":"auto","background-attachment":"scroll","background-type":"","background-media":"","overlay-type":"","overlay-color":"","overlay-opacity":"","overlay-gradient":""},"mobile":{"background-color":"var(--ast-global-color-4)","background-image":"","background-repeat":"repeat","background-position":"center center","background-size":"auto","background-attachment":"scroll","background-type":"","background-media":"","overlay-type":"","overlay-color":"","overlay-opacity":"","overlay-gradient":""}},"footnotes":""},"class_list":["post-417","page","type-page","status-publish","hentry"],"aioseo_notices":[],"_links":{"self":[{"href":"https:\/\/scrabble-it.com\/fr\/wp-json\/wp\/v2\/pages\/417","targetHints":{"allow":["GET"]}}],"collection":[{"href":"https:\/\/scrabble-it.com\/fr\/wp-json\/wp\/v2\/pages"}],"about":[{"href":"https:\/\/scrabble-it.com\/fr\/wp-json\/wp\/v2\/types\/page"}],"author":[{"embeddable":true,"href":"https:\/\/scrabble-it.com\/fr\/wp-json\/wp\/v2\/users\/1"}],"replies":[{"embeddable":true,"href":"https:\/\/scrabble-it.com\/fr\/wp-json\/wp\/v2\/comments?post=417"}],"version-history":[{"count":6,"href":"https:\/\/scrabble-it.com\/fr\/wp-json\/wp\/v2\/pages\/417\/revisions"}],"predecessor-version":[{"id":755,"href":"https:\/\/scrabble-it.com\/fr\/wp-json\/wp\/v2\/pages\/417\/revisions\/755"}],"wp:attachment":[{"href":"https:\/\/scrabble-it.com\/fr\/wp-json\/wp\/v2\/media?parent=417"}],"curies":[{"name":"wp","href":"https:\/\/api.w.org\/{rel}","templated":true}]}}