{"id":398,"date":"2023-02-20T16:34:44","date_gmt":"2023-02-20T16:34:44","guid":{"rendered":"https:\/\/scrabble-it.com\/index.php\/durabilite\/reutilisation-et-recyclage\/"},"modified":"2023-04-24T12:37:22","modified_gmt":"2023-04-24T12:37:22","slug":"reutilisation-et-recyclage","status":"publish","type":"page","link":"https:\/\/scrabble-it.com\/fr\/durabilite\/reutilisation-et-recyclage\/","title":{"rendered":"R\u00e9utilisation et recyclage"},"content":{"rendered":"\n<p>Nous aimons faire preuve d&#8217;un peu de cr\u00e9ativit\u00e9 avec des objets de seconde main.  <\/p>\n\n<p>Dans notre maison, par exemple, on trouve beaucoup de portes d&#8217;occasion, qui servent maintenant de portes de placard. Nous avons donn\u00e9 un coup de peinture \u00e0 des meubles plus anciens (table et meuble TV dans le salon des invit\u00e9s).  <\/p>\n\n<p>Les armoires de cuisine ont \u00e9t\u00e9 achet\u00e9es &#8220;vintage&#8221; sur second-hand.be, puis embellies et int\u00e9gr\u00e9es. Nous avions 197 cm d&#8217;espace, et nous avons trouv\u00e9 des armoires de 80, 40, 40 et &#8230;. 37cm. Qu&#8217;il s&#8217;agisse d&#8217;un produit sur mesure &#8230;<\/p>\n\n<p>L&#8217;\u00e9clairage des chambres d&#8217;h\u00f4tes est &#8220;typiquement&#8221; belge. D&#8217;anciennes poubelles \u00e0 bi\u00e8re y ont trouv\u00e9 une nouvelle vie, remplies de bandes de LED.  <\/p>\n\n<p>La majorit\u00e9 de la vaisselle et du d\u00e9cor ont \u00e9galement \u00e9t\u00e9 achet\u00e9s dans des friperies.  <\/p>\n\n<p>J&#8217;esp\u00e8re que vous trouverez ici quelques id\u00e9es. La r\u00e9utilisation est encore mieux que le recyclage, car elle consomme moins d&#8217;\u00e9nergie dans de nombreux cas. Faites-nous part de vos id\u00e9es cr\u00e9atives.<\/p>\n\n<p><\/p>\n\n<figure class=\"wp-block-image size-large\"><img decoding=\"async\" width=\"1024\" height=\"768\" data-src=\"https:\/\/scrabble-it.com\/wp-content\/uploads\/2023\/02\/2022-04-27-16.28.01-1024x768.jpg\" alt=\"\" class=\"wp-image-88 lazyload\" data-srcset=\"https:\/\/scrabble-it.com\/wp-content\/uploads\/2023\/02\/2022-04-27-16.28.01-1024x768.jpg 1024w, https:\/\/scrabble-it.com\/wp-content\/uploads\/2023\/02\/2022-04-27-16.28.01-300x225.jpg 300w, https:\/\/scrabble-it.com\/wp-content\/uploads\/2023\/02\/2022-04-27-16.28.01-768x576.jpg 768w, https:\/\/scrabble-it.com\/wp-content\/uploads\/2023\/02\/2022-04-27-16.28.01-1536x1152.jpg 1536w, https:\/\/scrabble-it.com\/wp-content\/uploads\/2023\/02\/2022-04-27-16.28.01-2048x1536.jpg 2048w\" data-sizes=\"(max-width: 1024px) 100vw, 1024px\" src=\"data:image\/svg+xml;base64,PHN2ZyB3aWR0aD0iMSIgaGVpZ2h0PSIxIiB4bWxucz0iaHR0cDovL3d3dy53My5vcmcvMjAwMC9zdmciPjwvc3ZnPg==\" style=\"--smush-placeholder-width: 1024px; --smush-placeholder-aspect-ratio: 1024\/768;\" \/><figcaption class=\"wp-element-caption\">Les armoires de cuisine vintage<\/figcaption><\/figure>\n\n<figure class=\"wp-block-table\"><table><tbody><tr><td class=\"has-text-align-center\" data-align=\"center\"><img decoding=\"async\" width=\"150\" height=\"113\" class=\"wp-image-92 lazyload\" style=\"--smush-placeholder-width: 150px; --smush-placeholder-aspect-ratio: 150\/113;width: 150px;\" data-src=\"http:\/\/scrabble-it.com\/wp-content\/uploads\/2023\/02\/IMG_20230220_095435-scaled.jpg\" alt=\"\" data-srcset=\"https:\/\/scrabble-it.com\/wp-content\/uploads\/2023\/02\/IMG_20230220_095435-scaled.jpg 2560w, https:\/\/scrabble-it.com\/wp-content\/uploads\/2023\/02\/IMG_20230220_095435-300x225.jpg 300w, https:\/\/scrabble-it.com\/wp-content\/uploads\/2023\/02\/IMG_20230220_095435-1024x768.jpg 1024w, https:\/\/scrabble-it.com\/wp-content\/uploads\/2023\/02\/IMG_20230220_095435-768x576.jpg 768w, https:\/\/scrabble-it.com\/wp-content\/uploads\/2023\/02\/IMG_20230220_095435-1536x1152.jpg 1536w, https:\/\/scrabble-it.com\/wp-content\/uploads\/2023\/02\/IMG_20230220_095435-2048x1536.jpg 2048w\" data-sizes=\"(max-width: 150px) 100vw, 150px\" src=\"data:image\/svg+xml;base64,PHN2ZyB3aWR0aD0iMSIgaGVpZ2h0PSIxIiB4bWxucz0iaHR0cDovL3d3dy53My5vcmcvMjAwMC9zdmciPjwvc3ZnPg==\" \/><\/td><td class=\"has-text-align-center\" data-align=\"center\"><img decoding=\"async\" width=\"150\" height=\"113\" class=\"wp-image-91 lazyload\" style=\"--smush-placeholder-width: 150px; --smush-placeholder-aspect-ratio: 150\/113;width: 150px;\" data-src=\"http:\/\/scrabble-it.com\/wp-content\/uploads\/2023\/02\/IMG_20230220_095407-scaled.jpg\" alt=\"\" data-srcset=\"https:\/\/scrabble-it.com\/wp-content\/uploads\/2023\/02\/IMG_20230220_095407-scaled.jpg 2560w, https:\/\/scrabble-it.com\/wp-content\/uploads\/2023\/02\/IMG_20230220_095407-300x225.jpg 300w, https:\/\/scrabble-it.com\/wp-content\/uploads\/2023\/02\/IMG_20230220_095407-1024x768.jpg 1024w, https:\/\/scrabble-it.com\/wp-content\/uploads\/2023\/02\/IMG_20230220_095407-768x576.jpg 768w, https:\/\/scrabble-it.com\/wp-content\/uploads\/2023\/02\/IMG_20230220_095407-1536x1152.jpg 1536w, https:\/\/scrabble-it.com\/wp-content\/uploads\/2023\/02\/IMG_20230220_095407-2048x1536.jpg 2048w\" data-sizes=\"(max-width: 150px) 100vw, 150px\" src=\"data:image\/svg+xml;base64,PHN2ZyB3aWR0aD0iMSIgaGVpZ2h0PSIxIiB4bWxucz0iaHR0cDovL3d3dy53My5vcmcvMjAwMC9zdmciPjwvc3ZnPg==\" \/><\/td><\/tr><tr><td class=\"has-text-align-center\" data-align=\"center\"><img decoding=\"async\" width=\"150\" height=\"113\" class=\"wp-image-90 lazyload\" style=\"--smush-placeholder-width: 150px; --smush-placeholder-aspect-ratio: 150\/113;width: 150px;\" data-src=\"http:\/\/scrabble-it.com\/wp-content\/uploads\/2023\/02\/IMG_20230220_095351-scaled.jpg\" alt=\"\" data-srcset=\"https:\/\/scrabble-it.com\/wp-content\/uploads\/2023\/02\/IMG_20230220_095351-scaled.jpg 2560w, https:\/\/scrabble-it.com\/wp-content\/uploads\/2023\/02\/IMG_20230220_095351-300x225.jpg 300w, https:\/\/scrabble-it.com\/wp-content\/uploads\/2023\/02\/IMG_20230220_095351-1024x768.jpg 1024w, https:\/\/scrabble-it.com\/wp-content\/uploads\/2023\/02\/IMG_20230220_095351-768x576.jpg 768w, https:\/\/scrabble-it.com\/wp-content\/uploads\/2023\/02\/IMG_20230220_095351-1536x1152.jpg 1536w, https:\/\/scrabble-it.com\/wp-content\/uploads\/2023\/02\/IMG_20230220_095351-2048x1536.jpg 2048w\" data-sizes=\"(max-width: 150px) 100vw, 150px\" src=\"data:image\/svg+xml;base64,PHN2ZyB3aWR0aD0iMSIgaGVpZ2h0PSIxIiB4bWxucz0iaHR0cDovL3d3dy53My5vcmcvMjAwMC9zdmciPjwvc3ZnPg==\" \/><\/td><td class=\"has-text-align-center\" data-align=\"center\"><img decoding=\"async\" width=\"150\" height=\"113\" class=\"wp-image-89 lazyload\" style=\"--smush-placeholder-width: 150px; --smush-placeholder-aspect-ratio: 150\/113;width: 150px;\" data-src=\"http:\/\/scrabble-it.com\/wp-content\/uploads\/2023\/02\/IMG_20230220_095332-scaled.jpg\" alt=\"\" data-srcset=\"https:\/\/scrabble-it.com\/wp-content\/uploads\/2023\/02\/IMG_20230220_095332-scaled.jpg 2560w, https:\/\/scrabble-it.com\/wp-content\/uploads\/2023\/02\/IMG_20230220_095332-300x225.jpg 300w, https:\/\/scrabble-it.com\/wp-content\/uploads\/2023\/02\/IMG_20230220_095332-1024x768.jpg 1024w, https:\/\/scrabble-it.com\/wp-content\/uploads\/2023\/02\/IMG_20230220_095332-768x576.jpg 768w, https:\/\/scrabble-it.com\/wp-content\/uploads\/2023\/02\/IMG_20230220_095332-1536x1152.jpg 1536w, https:\/\/scrabble-it.com\/wp-content\/uploads\/2023\/02\/IMG_20230220_095332-2048x1536.jpg 2048w\" data-sizes=\"(max-width: 150px) 100vw, 150px\" src=\"data:image\/svg+xml;base64,PHN2ZyB3aWR0aD0iMSIgaGVpZ2h0PSIxIiB4bWxucz0iaHR0cDovL3d3dy53My5vcmcvMjAwMC9zdmciPjwvc3ZnPg==\" \/><\/td><\/tr><\/tbody><\/table><\/figure>\n","protected":false},"excerpt":{"rendered":"<p>Nous aimons faire preuve d&#8217;un peu de cr\u00e9ativit\u00e9 avec des objets de seconde main. Dans notre maison, par exemple, on [&hellip;]<\/p>\n","protected":false},"author":1,"featured_media":0,"parent":364,"menu_order":2,"comment_status":"closed","ping_status":"closed","template":"","meta":{"site-sidebar-layout":"default","site-content-layout":"","ast-site-content-layout":"default","site-content-style":"default","site-sidebar-style":"default","ast-global-header-display":"","ast-banner-title-visibility":"","ast-main-header-display":"","ast-hfb-above-header-display":"","ast-hfb-below-header-display":"","ast-hfb-mobile-header-display":"","site-post-title":"","ast-breadcrumbs-content":"","ast-featured-img":"","footer-sml-layout":"","ast-disable-related-posts":"","theme-transparent-header-meta":"","adv-header-id-meta":"","stick-header-meta":"","header-above-stick-meta":"","header-main-stick-meta":"","header-below-stick-meta":"","astra-migrate-meta-layouts":"default","ast-page-background-enabled":"default","ast-page-background-meta":{"desktop":{"background-color":"var(--ast-global-color-5)","background-image":"","background-repeat":"repeat","background-position":"center center","background-size":"auto","background-attachment":"scroll","background-type":"","background-media":"","overlay-type":"","overlay-color":"","overlay-opacity":"","overlay-gradient":""},"tablet":{"background-color":"","background-image":"","background-repeat":"repeat","background-position":"center center","background-size":"auto","background-attachment":"scroll","background-type":"","background-media":"","overlay-type":"","overlay-color":"","overlay-opacity":"","overlay-gradient":""},"mobile":{"background-color":"","background-image":"","background-repeat":"repeat","background-position":"center center","background-size":"auto","background-attachment":"scroll","background-type":"","background-media":"","overlay-type":"","overlay-color":"","overlay-opacity":"","overlay-gradient":""}},"ast-content-background-meta":{"desktop":{"background-color":"var(--ast-global-color-4)","background-image":"","background-repeat":"repeat","background-position":"center center","background-size":"auto","background-attachment":"scroll","background-type":"","background-media":"","overlay-type":"","overlay-color":"","overlay-opacity":"","overlay-gradient":""},"tablet":{"background-color":"var(--ast-global-color-4)","background-image":"","background-repeat":"repeat","background-position":"center center","background-size":"auto","background-attachment":"scroll","background-type":"","background-media":"","overlay-type":"","overlay-color":"","overlay-opacity":"","overlay-gradient":""},"mobile":{"background-color":"var(--ast-global-color-4)","background-image":"","background-repeat":"repeat","background-position":"center center","background-size":"auto","background-attachment":"scroll","background-type":"","background-media":"","overlay-type":"","overlay-color":"","overlay-opacity":"","overlay-gradient":""}},"footnotes":""},"class_list":["post-398","page","type-page","status-publish","hentry"],"aioseo_notices":[],"_links":{"self":[{"href":"https:\/\/scrabble-it.com\/fr\/wp-json\/wp\/v2\/pages\/398","targetHints":{"allow":["GET"]}}],"collection":[{"href":"https:\/\/scrabble-it.com\/fr\/wp-json\/wp\/v2\/pages"}],"about":[{"href":"https:\/\/scrabble-it.com\/fr\/wp-json\/wp\/v2\/types\/page"}],"author":[{"embeddable":true,"href":"https:\/\/scrabble-it.com\/fr\/wp-json\/wp\/v2\/users\/1"}],"replies":[{"embeddable":true,"href":"https:\/\/scrabble-it.com\/fr\/wp-json\/wp\/v2\/comments?post=398"}],"version-history":[{"count":1,"href":"https:\/\/scrabble-it.com\/fr\/wp-json\/wp\/v2\/pages\/398\/revisions"}],"predecessor-version":[{"id":399,"href":"https:\/\/scrabble-it.com\/fr\/wp-json\/wp\/v2\/pages\/398\/revisions\/399"}],"up":[{"embeddable":true,"href":"https:\/\/scrabble-it.com\/fr\/wp-json\/wp\/v2\/pages\/364"}],"wp:attachment":[{"href":"https:\/\/scrabble-it.com\/fr\/wp-json\/wp\/v2\/media?parent=398"}],"curies":[{"name":"wp","href":"https:\/\/api.w.org\/{rel}","templated":true}]}}