{"id":381,"date":"2023-03-06T13:28:21","date_gmt":"2023-03-06T13:28:21","guid":{"rendered":"https:\/\/scrabble-it.com\/index.php\/durabilite\/prochaines-etapes-durables\/"},"modified":"2026-01-05T14:00:05","modified_gmt":"2026-01-05T14:00:05","slug":"prochaines-etapes-durables","status":"publish","type":"page","link":"https:\/\/scrabble-it.com\/fr\/durabilite\/prochaines-etapes-durables\/","title":{"rendered":"Prochaines \u00e9tapes durables"},"content":{"rendered":"\n<p>Le syst\u00e8me d&#8217;\u00e9valuation de <a href=\"https:\/\/www.green-key.be\/\" target=\"_blank\" rel=\"noreferrer noopener\">Green-Key<\/a> permet \u00e9galement de savoir ce qui peut \u00eatre am\u00e9lior\u00e9. Pour les prochaines ann\u00e9es, nous voulons nous concentrer sur trois aspects sp\u00e9cifiques.<\/p>\n\n<h4 class=\"wp-block-heading\">1) Objectif concret et \u00e9laboration d&#8217;un plan en termes d&#8217;\u00e9missions de CO2  <\/h4>\n\n<figure class=\"wp-block-image size-full is-resized\"><img decoding=\"async\" width=\"807\" height=\"179\" data-src=\"https:\/\/scrabble-it.com\/wp-content\/uploads\/2023\/03\/CO2-Neutraal.png\" alt=\"\" class=\"wp-image-205 lazyload\" style=\"--smush-placeholder-width: 807px; --smush-placeholder-aspect-ratio: 807\/179;width:478px;height:106px\" data-srcset=\"https:\/\/scrabble-it.com\/wp-content\/uploads\/2023\/03\/CO2-Neutraal.png 807w, https:\/\/scrabble-it.com\/wp-content\/uploads\/2023\/03\/CO2-Neutraal-300x67.png 300w, https:\/\/scrabble-it.com\/wp-content\/uploads\/2023\/03\/CO2-Neutraal-768x170.png 768w\" data-sizes=\"(max-width: 807px) 100vw, 807px\" src=\"data:image\/svg+xml;base64,PHN2ZyB3aWR0aD0iMSIgaGVpZ2h0PSIxIiB4bWxucz0iaHR0cDovL3d3dy53My5vcmcvMjAwMC9zdmciPjwvc3ZnPg==\" \/><\/figure>\n\n<p>Nous voulons nous fixer un objectif concret en termes d&#8217;\u00e9missions nettes de CO2. Et ce, tant en termes d&#8217;\u00e9missions propres que de compensation des \u00e9missions r\u00e9siduelles.<\/p>\n\n<p>Objectif : \u00eatre neutre sur le plan climatique d&#8217;ici \u00e0 la fin de l&#8217;ann\u00e9e 2026.<\/p>\n\n<p>Statut 09-2025 :  <\/p>\n\n<ul class=\"wp-block-list\">\n<li>\u00c9missions de CO2 dues \u00e0 la consommation d&#8217;\u00e9nergie : des subventions de Tourisme Flandre ont \u00e9t\u00e9 demand\u00e9es pour l&#8217;installation d&#8217;une pompe \u00e0 chaleur. Une fois cette installation r\u00e9alis\u00e9e, nous sommes 100% neutres en termes de consommation d&#8217;\u00e9nergie (Scope 1 et 2). <\/li>\n\n\n\n<li>Il y aura toujours des \u00e9missions de type 3, m\u00eame si nous essayons de les r\u00e9duire en faisant autant de choix \u00e9cologiques que possible. Voir par exemple <a href=\"https:\/\/scrabble-it.com\/fr\/durabilite\/une-alimentation-saine-ecologique-et-equitable\/\" title=\"Une alimentation saine, &#xE9;cologique et &#xE9;quitable\">ici<\/a>. L&#8217;empreinte de nos syst\u00e8mes informatiques fait \u00e9galement l&#8217;objet d&#8217;un examen approfondi.  <\/li>\n\n\n\n<li>Nous cherchons \u00e0 savoir si cela peut \u00e9galement \u00eatre compens\u00e9, d&#8217;autres informations suivront.<\/li>\n<\/ul>\n\n<div style=\"height:56px\" aria-hidden=\"true\" class=\"wp-block-spacer\"><\/div>\n\n<h4 class=\"wp-block-heading\">2) Offrir une aide concr\u00e8te pour r\u00e9duire les \u00e9missions de CO2 de nos h\u00f4tes<\/h4>\n\n<p>L\u00e0 encore, nous pouvons travailler sur la base de compensations, mais aussi de conseils et d&#8217;astuces concrets. Les transports, en particulier, jouent un r\u00f4le important \u00e0 cet \u00e9gard.<\/p>\n\n<p>Objectif : d&#8217;ici 2025, 75 % des citoyens utilisent des transports durables ou compensent leurs d\u00e9placements non durables.<\/p>\n\n<figure class=\"wp-block-image size-full is-resized\"><img decoding=\"async\" width=\"768\" height=\"480\" data-src=\"https:\/\/scrabble-it.com\/wp-content\/uploads\/2023\/03\/Carbon-emission-Small.jpg\" alt=\"\" class=\"wp-image-206 lazyload\" style=\"--smush-placeholder-width: 768px; --smush-placeholder-aspect-ratio: 768\/480;width:320px;height:200px\" data-srcset=\"https:\/\/scrabble-it.com\/wp-content\/uploads\/2023\/03\/Carbon-emission-Small.jpg 768w, https:\/\/scrabble-it.com\/wp-content\/uploads\/2023\/03\/Carbon-emission-Small-300x188.jpg 300w\" data-sizes=\"(max-width: 768px) 100vw, 768px\" src=\"data:image\/svg+xml;base64,PHN2ZyB3aWR0aD0iMSIgaGVpZ2h0PSIxIiB4bWxucz0iaHR0cDovL3d3dy53My5vcmcvMjAwMC9zdmciPjwvc3ZnPg==\" \/><\/figure>\n\n<p>Consultez \u00e9galement la page sur la <a href=\"https:\/\/scrabble-it.com\/index.php\/duurzaamheid\/mobiliteit\/\">mobilit\u00e9<\/a>.<\/p>\n\n<p>\u00c9tat 09-2025<\/p>\n\n<ul class=\"wp-block-list\">\n<li>la majorit\u00e9 de nos h\u00f4tes viennent pour faire du v\u00e9lo ou de la marche. Nous ne disposons pas encore de donn\u00e9es statistiques \u00e0 ce sujet. <\/li>\n\n\n\n<li>de nombreux visiteurs viennent \u00e0 v\u00e9lo, en route pour l&#8217;un des <a href=\"https:\/\/www.icoonfietsroutes.be\/\" target=\"_blank\" rel=\"noopener\" title=\"\">circuits cyclistes embl\u00e9matiques<\/a><\/li>\n\n\n\n<li>nous constatons que de plus en plus de personnes viennent avec des voitures \u00e9lectriques<\/li>\n\n\n\n<li>nous avons collabor\u00e9 \u00e0 une documentation approfondie de toutes les options de transport dans la r\u00e9gion.  <a href=\"https:\/\/scrabble-it.com\/fr\/durabilite\/mobilite\/slim-onderweg-dans-et-vers-le-klein-brabant\/\" title=\"Slim Onderweg dans et vers le Klein-Brabant\">Voir ici<\/a><\/li>\n<\/ul>\n\n<div style=\"height:56px\" aria-hidden=\"true\" class=\"wp-block-spacer\"><\/div>\n\n<h4 class=\"wp-block-heading\">3) Boucles de r\u00e9troaction<\/h4>\n\n<p>Comment les visiteurs peuvent-ils nous donner un retour d&#8217;information plus important, meilleur et honn\u00eate sur notre travail en mati\u00e8re de d\u00e9veloppement durable ?  <\/p>\n\n<p>Actuellement, nous posons parfois la question aux clients, mais pas de mani\u00e8re syst\u00e9matique ou structur\u00e9e.  <\/p>\n\n<p>Nous pourrons peut-\u00eatre contribuer \u00e0 la mise en place du syst\u00e8me de retour d&#8217;information de Fairbnb.coop. Ou nous le faisons d&#8217;une mani\u00e8re plus simple. Juste pour le savoir.<\/p>\n\n<p>Objectif : d&#8217;ici \u00e0 2025, nous recevons un retour d&#8217;information utile et nous avons extrait au moins une action utile dont les r\u00e9sultats peuvent \u00eatre d\u00e9montr\u00e9s.<\/p>\n\n<p>\u00c9tat 09-2025<\/p>\n\n<ul class=\"wp-block-list\">\n<li>Nous avons pr\u00e9par\u00e9 un questionnaire que nous envoyons de temps en temps \u00e0 nos clients (https:\/\/scrabble-it.com\/feedbackformulier\/).<\/li>\n\n\n\n<li>Notez que nous recevons d\u00e9j\u00e0 beaucoup de commentaires par d&#8217;autres canaux : booking.com, google, tripadvisor.<\/li>\n\n\n\n<li>lorsque nous estimerons que l&#8217;int\u00e9r\u00eat est suffisant pour envoyer un autre formulaire suppl\u00e9mentaire, nous automatiserons ce processus.<\/li>\n<\/ul>\n\n<figure class=\"wp-block-image size-full is-resized\"><img decoding=\"async\" width=\"246\" height=\"282\" data-src=\"https:\/\/scrabble-it.com\/wp-content\/uploads\/2023\/03\/Schermafbeelding-2023-03-06-141229.jpg\" alt=\"\" class=\"wp-image-207 lazyload\" style=\"--smush-placeholder-width: 246px; --smush-placeholder-aspect-ratio: 246\/282;width:167px;height:192px\" src=\"data:image\/svg+xml;base64,PHN2ZyB3aWR0aD0iMSIgaGVpZ2h0PSIxIiB4bWxucz0iaHR0cDovL3d3dy53My5vcmcvMjAwMC9zdmciPjwvc3ZnPg==\" \/><\/figure>\n","protected":false},"excerpt":{"rendered":"<p>Le syst\u00e8me d&#8217;\u00e9valuation de Green-Key permet \u00e9galement de savoir ce qui peut \u00eatre am\u00e9lior\u00e9. Pour les prochaines ann\u00e9es, nous voulons [&hellip;]<\/p>\n","protected":false},"author":1,"featured_media":0,"parent":364,"menu_order":0,"comment_status":"closed","ping_status":"closed","template":"","meta":{"site-sidebar-layout":"default","site-content-layout":"","ast-site-content-layout":"default","site-content-style":"default","site-sidebar-style":"default","ast-global-header-display":"","ast-banner-title-visibility":"","ast-main-header-display":"","ast-hfb-above-header-display":"","ast-hfb-below-header-display":"","ast-hfb-mobile-header-display":"","site-post-title":"","ast-breadcrumbs-content":"","ast-featured-img":"","footer-sml-layout":"","ast-disable-related-posts":"","theme-transparent-header-meta":"","adv-header-id-meta":"","stick-header-meta":"","header-above-stick-meta":"","header-main-stick-meta":"","header-below-stick-meta":"","astra-migrate-meta-layouts":"default","ast-page-background-enabled":"default","ast-page-background-meta":{"desktop":{"background-color":"var(--ast-global-color-5)","background-image":"","background-repeat":"repeat","background-position":"center center","background-size":"auto","background-attachment":"scroll","background-type":"","background-media":"","overlay-type":"","overlay-color":"","overlay-opacity":"","overlay-gradient":""},"tablet":{"background-color":"","background-image":"","background-repeat":"repeat","background-position":"center center","background-size":"auto","background-attachment":"scroll","background-type":"","background-media":"","overlay-type":"","overlay-color":"","overlay-opacity":"","overlay-gradient":""},"mobile":{"background-color":"","background-image":"","background-repeat":"repeat","background-position":"center center","background-size":"auto","background-attachment":"scroll","background-type":"","background-media":"","overlay-type":"","overlay-color":"","overlay-opacity":"","overlay-gradient":""}},"ast-content-background-meta":{"desktop":{"background-color":"var(--ast-global-color-4)","background-image":"","background-repeat":"repeat","background-position":"center center","background-size":"auto","background-attachment":"scroll","background-type":"","background-media":"","overlay-type":"","overlay-color":"","overlay-opacity":"","overlay-gradient":""},"tablet":{"background-color":"var(--ast-global-color-4)","background-image":"","background-repeat":"repeat","background-position":"center center","background-size":"auto","background-attachment":"scroll","background-type":"","background-media":"","overlay-type":"","overlay-color":"","overlay-opacity":"","overlay-gradient":""},"mobile":{"background-color":"var(--ast-global-color-4)","background-image":"","background-repeat":"repeat","background-position":"center center","background-size":"auto","background-attachment":"scroll","background-type":"","background-media":"","overlay-type":"","overlay-color":"","overlay-opacity":"","overlay-gradient":""}},"footnotes":""},"class_list":["post-381","page","type-page","status-publish","hentry"],"aioseo_notices":[],"_links":{"self":[{"href":"https:\/\/scrabble-it.com\/fr\/wp-json\/wp\/v2\/pages\/381","targetHints":{"allow":["GET"]}}],"collection":[{"href":"https:\/\/scrabble-it.com\/fr\/wp-json\/wp\/v2\/pages"}],"about":[{"href":"https:\/\/scrabble-it.com\/fr\/wp-json\/wp\/v2\/types\/page"}],"author":[{"embeddable":true,"href":"https:\/\/scrabble-it.com\/fr\/wp-json\/wp\/v2\/users\/1"}],"replies":[{"embeddable":true,"href":"https:\/\/scrabble-it.com\/fr\/wp-json\/wp\/v2\/comments?post=381"}],"version-history":[{"count":5,"href":"https:\/\/scrabble-it.com\/fr\/wp-json\/wp\/v2\/pages\/381\/revisions"}],"predecessor-version":[{"id":1445,"href":"https:\/\/scrabble-it.com\/fr\/wp-json\/wp\/v2\/pages\/381\/revisions\/1445"}],"up":[{"embeddable":true,"href":"https:\/\/scrabble-it.com\/fr\/wp-json\/wp\/v2\/pages\/364"}],"wp:attachment":[{"href":"https:\/\/scrabble-it.com\/fr\/wp-json\/wp\/v2\/media?parent=381"}],"curies":[{"name":"wp","href":"https:\/\/api.w.org\/{rel}","templated":true}]}}