{"id":375,"date":"2023-02-24T07:34:31","date_gmt":"2023-02-24T07:34:31","guid":{"rendered":"https:\/\/scrabble-it.com\/index.php\/durabilite\/trier-les-dechets\/"},"modified":"2025-03-10T09:22:51","modified_gmt":"2025-03-10T09:22:51","slug":"trier-les-dechets","status":"publish","type":"page","link":"https:\/\/scrabble-it.com\/fr\/durabilite\/trier-les-dechets\/","title":{"rendered":"Trier les d\u00e9chets"},"content":{"rendered":"\n<p>Le tri des d\u00e9chets est tr\u00e8s important pour nous.<\/p>\n\n<p>Dans l&#8217;appartement, vous trouverez les diff\u00e9rentes poubelles n\u00e9cessaires. Nous aimerions rappeler comment trier. Des informations d\u00e9taill\u00e9es sont \u00e9galement disponibles sur le site <a href=\"https:\/\/www.betersorteren.be\/nl\/download-de-sorteergidsen-voor-pmd-papier-karton-en-glas\" target=\"_blank\" rel=\"noreferrer noopener\">www.betersorteren.be<\/a>.<\/p>\n\n<figure class=\"wp-block-image size-full\"><img decoding=\"async\" width=\"647\" height=\"911\" data-src=\"https:\/\/scrabble-it.com\/wp-content\/uploads\/2023\/02\/Schermafbeelding-2023-02-24-082803.jpg\" alt=\"\" class=\"wp-image-168 lazyload\" data-srcset=\"https:\/\/scrabble-it.com\/wp-content\/uploads\/2023\/02\/Schermafbeelding-2023-02-24-082803.jpg 647w, https:\/\/scrabble-it.com\/wp-content\/uploads\/2023\/02\/Schermafbeelding-2023-02-24-082803-213x300.jpg 213w\" data-sizes=\"(max-width: 647px) 100vw, 647px\" src=\"data:image\/svg+xml;base64,PHN2ZyB3aWR0aD0iMSIgaGVpZ2h0PSIxIiB4bWxucz0iaHR0cDovL3d3dy53My5vcmcvMjAwMC9zdmciPjwvc3ZnPg==\" style=\"--smush-placeholder-width: 647px; --smush-placeholder-aspect-ratio: 647\/911;\" \/><\/figure>\n\n<p><\/p>\n\n<figure class=\"wp-block-image size-full\"><img decoding=\"async\" width=\"643\" height=\"912\" data-src=\"https:\/\/scrabble-it.com\/wp-content\/uploads\/2023\/02\/Schermafbeelding-2023-02-24-082836.jpg\" alt=\"\" class=\"wp-image-169 lazyload\" data-srcset=\"https:\/\/scrabble-it.com\/wp-content\/uploads\/2023\/02\/Schermafbeelding-2023-02-24-082836.jpg 643w, https:\/\/scrabble-it.com\/wp-content\/uploads\/2023\/02\/Schermafbeelding-2023-02-24-082836-212x300.jpg 212w\" data-sizes=\"(max-width: 643px) 100vw, 643px\" src=\"data:image\/svg+xml;base64,PHN2ZyB3aWR0aD0iMSIgaGVpZ2h0PSIxIiB4bWxucz0iaHR0cDovL3d3dy53My5vcmcvMjAwMC9zdmciPjwvc3ZnPg==\" style=\"--smush-placeholder-width: 643px; --smush-placeholder-aspect-ratio: 643\/912;\" \/><\/figure>\n\n<p><\/p>\n\n<figure class=\"wp-block-image size-full\"><img decoding=\"async\" width=\"636\" height=\"739\" data-src=\"https:\/\/scrabble-it.com\/wp-content\/uploads\/2023\/02\/GFT-nieuw-2019.jpg\" alt=\"\" class=\"wp-image-170 lazyload\" data-srcset=\"https:\/\/scrabble-it.com\/wp-content\/uploads\/2023\/02\/GFT-nieuw-2019.jpg 636w, https:\/\/scrabble-it.com\/wp-content\/uploads\/2023\/02\/GFT-nieuw-2019-258x300.jpg 258w\" data-sizes=\"(max-width: 636px) 100vw, 636px\" src=\"data:image\/svg+xml;base64,PHN2ZyB3aWR0aD0iMSIgaGVpZ2h0PSIxIiB4bWxucz0iaHR0cDovL3d3dy53My5vcmcvMjAwMC9zdmciPjwvc3ZnPg==\" style=\"--smush-placeholder-width: 636px; --smush-placeholder-aspect-ratio: 636\/739;\" \/><\/figure>\n\n<h6 class=\"wp-block-heading\"><strong>Retour \u00e0 <\/strong><a href=\"https:\/\/scrabble-it.com\/index.php\/duurzaamheid\/\">aper\u00e7u de la durabilit\u00e9<\/a><\/h6>\n","protected":false},"excerpt":{"rendered":"<p>Le tri des d\u00e9chets est tr\u00e8s important pour nous. Dans l&#8217;appartement, vous trouverez les diff\u00e9rentes poubelles n\u00e9cessaires. Nous aimerions rappeler [&hellip;]<\/p>\n","protected":false},"author":1,"featured_media":0,"parent":364,"menu_order":0,"comment_status":"closed","ping_status":"closed","template":"","meta":{"site-sidebar-layout":"default","site-content-layout":"","ast-site-content-layout":"default","site-content-style":"default","site-sidebar-style":"default","ast-global-header-display":"","ast-banner-title-visibility":"","ast-main-header-display":"","ast-hfb-above-header-display":"","ast-hfb-below-header-display":"","ast-hfb-mobile-header-display":"","site-post-title":"","ast-breadcrumbs-content":"","ast-featured-img":"","footer-sml-layout":"","ast-disable-related-posts":"","theme-transparent-header-meta":"","adv-header-id-meta":"","stick-header-meta":"","header-above-stick-meta":"","header-main-stick-meta":"","header-below-stick-meta":"","astra-migrate-meta-layouts":"default","ast-page-background-enabled":"default","ast-page-background-meta":{"desktop":{"background-color":"var(--ast-global-color-5)","background-image":"","background-repeat":"repeat","background-position":"center center","background-size":"auto","background-attachment":"scroll","background-type":"","background-media":"","overlay-type":"","overlay-color":"","overlay-opacity":"","overlay-gradient":""},"tablet":{"background-color":"","background-image":"","background-repeat":"repeat","background-position":"center center","background-size":"auto","background-attachment":"scroll","background-type":"","background-media":"","overlay-type":"","overlay-color":"","overlay-opacity":"","overlay-gradient":""},"mobile":{"background-color":"","background-image":"","background-repeat":"repeat","background-position":"center center","background-size":"auto","background-attachment":"scroll","background-type":"","background-media":"","overlay-type":"","overlay-color":"","overlay-opacity":"","overlay-gradient":""}},"ast-content-background-meta":{"desktop":{"background-color":"var(--ast-global-color-4)","background-image":"","background-repeat":"repeat","background-position":"center center","background-size":"auto","background-attachment":"scroll","background-type":"","background-media":"","overlay-type":"","overlay-color":"","overlay-opacity":"","overlay-gradient":""},"tablet":{"background-color":"var(--ast-global-color-4)","background-image":"","background-repeat":"repeat","background-position":"center center","background-size":"auto","background-attachment":"scroll","background-type":"","background-media":"","overlay-type":"","overlay-color":"","overlay-opacity":"","overlay-gradient":""},"mobile":{"background-color":"var(--ast-global-color-4)","background-image":"","background-repeat":"repeat","background-position":"center center","background-size":"auto","background-attachment":"scroll","background-type":"","background-media":"","overlay-type":"","overlay-color":"","overlay-opacity":"","overlay-gradient":""}},"footnotes":""},"class_list":["post-375","page","type-page","status-publish","hentry"],"aioseo_notices":[],"_links":{"self":[{"href":"https:\/\/scrabble-it.com\/fr\/wp-json\/wp\/v2\/pages\/375","targetHints":{"allow":["GET"]}}],"collection":[{"href":"https:\/\/scrabble-it.com\/fr\/wp-json\/wp\/v2\/pages"}],"about":[{"href":"https:\/\/scrabble-it.com\/fr\/wp-json\/wp\/v2\/types\/page"}],"author":[{"embeddable":true,"href":"https:\/\/scrabble-it.com\/fr\/wp-json\/wp\/v2\/users\/1"}],"replies":[{"embeddable":true,"href":"https:\/\/scrabble-it.com\/fr\/wp-json\/wp\/v2\/comments?post=375"}],"version-history":[{"count":3,"href":"https:\/\/scrabble-it.com\/fr\/wp-json\/wp\/v2\/pages\/375\/revisions"}],"predecessor-version":[{"id":1082,"href":"https:\/\/scrabble-it.com\/fr\/wp-json\/wp\/v2\/pages\/375\/revisions\/1082"}],"up":[{"embeddable":true,"href":"https:\/\/scrabble-it.com\/fr\/wp-json\/wp\/v2\/pages\/364"}],"wp:attachment":[{"href":"https:\/\/scrabble-it.com\/fr\/wp-json\/wp\/v2\/media?parent=375"}],"curies":[{"name":"wp","href":"https:\/\/api.w.org\/{rel}","templated":true}]}}