{"id":364,"date":"2023-02-19T11:24:10","date_gmt":"2023-02-19T11:24:10","guid":{"rendered":"https:\/\/scrabble-it.com\/index.php\/durabilite\/"},"modified":"2024-04-16T10:47:16","modified_gmt":"2024-04-16T10:47:16","slug":"durabilite","status":"publish","type":"page","link":"https:\/\/scrabble-it.com\/fr\/durabilite\/","title":{"rendered":"Profitez d&#8217;une maison de vacances \u00e9cologiquement et socialement durable"},"content":{"rendered":"\n<figure class=\"wp-block-image alignright size-full is-resized is-style-default\"><img decoding=\"async\" data-src=\"https:\/\/scrabble-it.com\/wp-content\/uploads\/2023\/02\/image.png\" alt=\"Profitez d'une maison de vacances &#xE9;cologiquement et socialement durable.\" class=\"wp-image-16 lazyload\" width=\"393\" height=\"227\" data-srcset=\"https:\/\/scrabble-it.com\/wp-content\/uploads\/2023\/02\/image.png 727w, https:\/\/scrabble-it.com\/wp-content\/uploads\/2023\/02\/image-300x173.png 300w\" data-sizes=\"(max-width: 393px) 100vw, 393px\" src=\"data:image\/svg+xml;base64,PHN2ZyB3aWR0aD0iMSIgaGVpZ2h0PSIxIiB4bWxucz0iaHR0cDovL3d3dy53My5vcmcvMjAwMC9zdmciPjwvc3ZnPg==\" style=\"--smush-placeholder-width: 393px; --smush-placeholder-aspect-ratio: 393\/227;\" \/><\/figure>\n\n<p>Cette maison d&#8217;h\u00f4tes situ\u00e9e dans le quartier tranquille de Weert a pour objectif de fonctionner dans le cadre de l'&#8221;\u00e9conomie des beignets&#8221;. Notre maison d&#8217;h\u00f4tes tient donc compte des limites \u00e9cologiques de notre terre et des exigences sociales de notre syst\u00e8me social.<\/p>\n\n<p>Elle est et restera une entreprise et est donc \u00e9galement dynamique. Ce que nous consid\u00e9rons comme bon pour l&#8217;environnement et le milieu aujourd&#8217;hui ne le sera peut-\u00eatre plus demain, ou pas suffisamment. Il s&#8217;agit donc pour nous d&#8217;un processus d&#8217;am\u00e9lioration continue.<\/p>\n\n<p>En 2017, nous avons emm\u00e9nag\u00e9 dans notre maison enti\u00e8rement convertie \u00e0 l&#8217;\u00e9cologie. Avec un EPC de 7, nous sommes proches d&#8217;une maison \u00e9nerg\u00e9tiquement neutre. Nous surveillons en permanence la maison intelligente et y apportons r\u00e9guli\u00e8rement de petites modifications.<\/p>\n\n<p>Le jardin \u00e9cologique se compose de nombreux champs de fleurs sauvages, d&#8217;arbustes et d&#8217;arbres. Il y a peu de terrains en herbe &#8220;normaux&#8221;. Vous pouvez apercevoir un chevreuil, un martin-p\u00eacheur, un putois, un \u00e9cureuil, un pic, une m\u00e9sange \u00e0 longue queue, un chardonneret et bien d&#8217;autres encore.<\/p>\n\n<p>La <a href=\"https:\/\/scrabble-it.com\/index.php\/duurzaamheid\/mobiliteit\/\">mobilit\u00e9<\/a> est aussi particuli\u00e8rement importante pour nous. Si nous le pouvons, nous prenons le v\u00e9lo ou nous marchons. S&#8217;il est trop difficile de prendre les transports publics, nous roulons presque sans \u00e9mission de CO2 avec notre voiture \u00e9lectrique, notre v\u00e9lo cargo ou notre v\u00e9lo ordinaire.<\/p>\n\n<p>En ce qui concerne les biens de consommation, nous sommes attentifs au recyclage et au lieu d&#8217;origine. En ce qui concerne l&#8217;alimentation, nous sommes des &#8220;flexivegans&#8221;.<\/p>\n\n<p>La &#8220;flexibilit\u00e9&#8221; se refl\u00e8te \u00e9galement dans la mani\u00e8re dont nous interagissons avec les gens : nous accueillons des personnes uniques et essayons de le faire sans pr\u00e9jug\u00e9s dans la mesure du possible.<\/p>\n\n<p>Il y a de fortes chances que vous remarquiez ici et l\u00e0 dans nos chambres d&#8217;h\u00f4tes quelque chose qui vous inspire de l&#8217;\u00e9merveillement. Nous esp\u00e9rons ainsi apprendre \u00e0 nos h\u00f4tes quelque chose sur la &#8220;vie dans le beignet<\/p>\n\n<div style=\"height:72px\" aria-hidden=\"true\" class=\"wp-block-spacer\"><\/div>\n\n<p><\/p>\n\n<p>En collaboration avec<\/p>\n\n<figure class=\"wp-block-image size-large is-resized\"><a href=\"https:\/\/fairhospitality.coop\"><img decoding=\"async\" data-src=\"https:\/\/scrabble-it.com\/wp-content\/uploads\/2023\/02\/image-1-1024x93.png\" alt=\"\" class=\"wp-image-17 lazyload\" width=\"423\" height=\"38\" data-srcset=\"https:\/\/scrabble-it.com\/wp-content\/uploads\/2023\/02\/image-1-1024x93.png 1024w, https:\/\/scrabble-it.com\/wp-content\/uploads\/2023\/02\/image-1-300x27.png 300w, https:\/\/scrabble-it.com\/wp-content\/uploads\/2023\/02\/image-1-768x69.png 768w, https:\/\/scrabble-it.com\/wp-content\/uploads\/2023\/02\/image-1-1536x139.png 1536w, https:\/\/scrabble-it.com\/wp-content\/uploads\/2023\/02\/image-1.png 1771w\" data-sizes=\"(max-width: 423px) 100vw, 423px\" src=\"data:image\/svg+xml;base64,PHN2ZyB3aWR0aD0iMSIgaGVpZ2h0PSIxIiB4bWxucz0iaHR0cDovL3d3dy53My5vcmcvMjAwMC9zdmciPjwvc3ZnPg==\" style=\"--smush-placeholder-width: 423px; --smush-placeholder-aspect-ratio: 423\/38;\" \/><\/a><\/figure>\n\n<figure class=\"wp-block-image size-full\"><a href=\"https:\/\/booking.fairbnb.coop\/nl\"><img decoding=\"async\" width=\"212\" height=\"38\" data-src=\"https:\/\/scrabble-it.com\/wp-content\/uploads\/2023\/02\/image-2.png\" alt=\"\" class=\"wp-image-18 lazyload\" src=\"data:image\/svg+xml;base64,PHN2ZyB3aWR0aD0iMSIgaGVpZ2h0PSIxIiB4bWxucz0iaHR0cDovL3d3dy53My5vcmcvMjAwMC9zdmciPjwvc3ZnPg==\" style=\"--smush-placeholder-width: 212px; --smush-placeholder-aspect-ratio: 212\/38;\" \/><\/a><\/figure>\n\n<figure class=\"wp-block-image size-full is-resized\"><img decoding=\"async\" data-src=\"https:\/\/scrabble-it.com\/wp-content\/uploads\/2023\/02\/image-3.png\" alt=\"\" class=\"wp-image-19 lazyload\" width=\"93\" height=\"117\" src=\"data:image\/svg+xml;base64,PHN2ZyB3aWR0aD0iMSIgaGVpZ2h0PSIxIiB4bWxucz0iaHR0cDovL3d3dy53My5vcmcvMjAwMC9zdmciPjwvc3ZnPg==\" style=\"--smush-placeholder-width: 93px; --smush-placeholder-aspect-ratio: 93\/117;\" \/><\/figure>\n","protected":false},"excerpt":{"rendered":"<p>Cette maison d&#8217;h\u00f4tes situ\u00e9e dans le quartier tranquille de Weert a pour objectif de fonctionner dans le cadre de l&#8217;&#8221;\u00e9conomie [&hellip;]<\/p>\n","protected":false},"author":1,"featured_media":0,"parent":0,"menu_order":0,"comment_status":"closed","ping_status":"closed","template":"","meta":{"site-sidebar-layout":"default","site-content-layout":"","ast-site-content-layout":"default","site-content-style":"default","site-sidebar-style":"default","ast-global-header-display":"","ast-banner-title-visibility":"","ast-main-header-display":"","ast-hfb-above-header-display":"","ast-hfb-below-header-display":"","ast-hfb-mobile-header-display":"","site-post-title":"","ast-breadcrumbs-content":"","ast-featured-img":"","footer-sml-layout":"","ast-disable-related-posts":"","theme-transparent-header-meta":"","adv-header-id-meta":"","stick-header-meta":"","header-above-stick-meta":"","header-main-stick-meta":"","header-below-stick-meta":"","astra-migrate-meta-layouts":"default","ast-page-background-enabled":"default","ast-page-background-meta":{"desktop":{"background-color":"var(--ast-global-color-5)","background-image":"","background-repeat":"repeat","background-position":"center center","background-size":"auto","background-attachment":"scroll","background-type":"","background-media":"","overlay-type":"","overlay-color":"","overlay-opacity":"","overlay-gradient":""},"tablet":{"background-color":"","background-image":"","background-repeat":"repeat","background-position":"center center","background-size":"auto","background-attachment":"scroll","background-type":"","background-media":"","overlay-type":"","overlay-color":"","overlay-opacity":"","overlay-gradient":""},"mobile":{"background-color":"","background-image":"","background-repeat":"repeat","background-position":"center center","background-size":"auto","background-attachment":"scroll","background-type":"","background-media":"","overlay-type":"","overlay-color":"","overlay-opacity":"","overlay-gradient":""}},"ast-content-background-meta":{"desktop":{"background-color":"var(--ast-global-color-4)","background-image":"","background-repeat":"repeat","background-position":"center center","background-size":"auto","background-attachment":"scroll","background-type":"","background-media":"","overlay-type":"","overlay-color":"","overlay-opacity":"","overlay-gradient":""},"tablet":{"background-color":"var(--ast-global-color-4)","background-image":"","background-repeat":"repeat","background-position":"center center","background-size":"auto","background-attachment":"scroll","background-type":"","background-media":"","overlay-type":"","overlay-color":"","overlay-opacity":"","overlay-gradient":""},"mobile":{"background-color":"var(--ast-global-color-4)","background-image":"","background-repeat":"repeat","background-position":"center center","background-size":"auto","background-attachment":"scroll","background-type":"","background-media":"","overlay-type":"","overlay-color":"","overlay-opacity":"","overlay-gradient":""}},"footnotes":""},"class_list":["post-364","page","type-page","status-publish","hentry"],"aioseo_notices":[],"_links":{"self":[{"href":"https:\/\/scrabble-it.com\/fr\/wp-json\/wp\/v2\/pages\/364","targetHints":{"allow":["GET"]}}],"collection":[{"href":"https:\/\/scrabble-it.com\/fr\/wp-json\/wp\/v2\/pages"}],"about":[{"href":"https:\/\/scrabble-it.com\/fr\/wp-json\/wp\/v2\/types\/page"}],"author":[{"embeddable":true,"href":"https:\/\/scrabble-it.com\/fr\/wp-json\/wp\/v2\/users\/1"}],"replies":[{"embeddable":true,"href":"https:\/\/scrabble-it.com\/fr\/wp-json\/wp\/v2\/comments?post=364"}],"version-history":[{"count":7,"href":"https:\/\/scrabble-it.com\/fr\/wp-json\/wp\/v2\/pages\/364\/revisions"}],"predecessor-version":[{"id":658,"href":"https:\/\/scrabble-it.com\/fr\/wp-json\/wp\/v2\/pages\/364\/revisions\/658"}],"wp:attachment":[{"href":"https:\/\/scrabble-it.com\/fr\/wp-json\/wp\/v2\/media?parent=364"}],"curies":[{"name":"wp","href":"https:\/\/api.w.org\/{rel}","templated":true}]}}