{"id":339,"date":"2023-02-20T17:38:27","date_gmt":"2023-02-20T17:38:27","guid":{"rendered":"https:\/\/scrabble-it.com\/index.php\/lenergie\/"},"modified":"2023-04-24T12:27:51","modified_gmt":"2023-04-24T12:27:51","slug":"lenergie","status":"publish","type":"page","link":"https:\/\/scrabble-it.com\/fr\/durabilite\/lenergie\/","title":{"rendered":"L&#8217;\u00e9nergie"},"content":{"rendered":"\n<p>L&#8217;\u00e9nergie est particuli\u00e8rement importante dans le d\u00e9bat sur la crise climatique. Et en particulier l&#8217;utilisation des combustibles fossiles. Nous appliquons le concept de Trias Ecologica.<\/p>\n\n<figure class=\"wp-block-image size-full is-resized\"><img decoding=\"async\" data-src=\"https:\/\/scrabble-it.com\/wp-content\/uploads\/2023\/02\/trias_ecologica.jpg\" alt=\"\" class=\"wp-image-96 lazyload\" width=\"239\" height=\"171\" data-srcset=\"https:\/\/scrabble-it.com\/wp-content\/uploads\/2023\/02\/trias_ecologica.jpg 380w, https:\/\/scrabble-it.com\/wp-content\/uploads\/2023\/02\/trias_ecologica-300x215.jpg 300w\" data-sizes=\"(max-width: 239px) 100vw, 239px\" src=\"data:image\/svg+xml;base64,PHN2ZyB3aWR0aD0iMSIgaGVpZ2h0PSIxIiB4bWxucz0iaHR0cDovL3d3dy53My5vcmcvMjAwMC9zdmciPjwvc3ZnPg==\" style=\"--smush-placeholder-width: 239px; --smush-placeholder-aspect-ratio: 239\/171;\" \/><\/figure>\n\n<p>La maison est tr\u00e8s bien isol\u00e9e. Avec des murs d&#8217;une \u00e9paisseur d&#8217;environ 45 cm (ossature en bois remplie de cellulose, avec des panneaux en fibre de bois \u00e0 l&#8217;ext\u00e9rieur et des tuyaux \u00e0 l&#8217;int\u00e9rieur), nous \u00e9vitons que la chaleur ne sorte en hiver et ne rentre en \u00e9t\u00e9.<\/p>\n\n<p>Pour l&#8217;\u00e9nergie dont nous avons encore besoin, nous n&#8217;utilisons que de l&#8217;\u00e9lectricit\u00e9 provenant d&#8217;\u00e9nergies renouvelables (panneaux solaires photovolta\u00efques ou \u00e9lectricit\u00e9 verte de <a href=\"https:\/\/ecopower.be\">ecopower.be<\/a>). Pour le chauffage (des pi\u00e8ces et de l&#8217;eau), nous utilisons autant que possible notre chaudi\u00e8re solaire. Si cela ne suffit pas, nous utilisons notre chaudi\u00e8re \u00e0 gaz \u00e0 condensation.  <\/p>\n\n<p>Ces mesures, ainsi que d&#8217;autres, nous permettent de pr\u00e9senter un certificat de performance \u00e9nerg\u00e9tique extr\u00eamement favorable :<\/p>\n\n<figure class=\"wp-block-image size-full\"><img decoding=\"async\" width=\"507\" height=\"141\" data-src=\"https:\/\/scrabble-it.com\/wp-content\/uploads\/2023\/02\/image-6.png\" alt=\"\" class=\"wp-image-97 lazyload\" data-srcset=\"https:\/\/scrabble-it.com\/wp-content\/uploads\/2023\/02\/image-6.png 507w, https:\/\/scrabble-it.com\/wp-content\/uploads\/2023\/02\/image-6-300x83.png 300w\" data-sizes=\"(max-width: 507px) 100vw, 507px\" src=\"data:image\/svg+xml;base64,PHN2ZyB3aWR0aD0iMSIgaGVpZ2h0PSIxIiB4bWxucz0iaHR0cDovL3d3dy53My5vcmcvMjAwMC9zdmciPjwvc3ZnPg==\" style=\"--smush-placeholder-width: 507px; --smush-placeholder-aspect-ratio: 507\/141;\" \/><\/figure>\n\n<figure class=\"wp-block-image size-large\"><a href=\"https:\/\/www.vreg.be\/nl\/groencheck-results\/2023022102\/541448820058177790\"><img decoding=\"async\" width=\"1024\" height=\"550\" data-src=\"https:\/\/scrabble-it.com\/wp-content\/uploads\/2023\/02\/image-7-1024x550.png\" alt=\"\" class=\"wp-image-100 lazyload\" data-srcset=\"https:\/\/scrabble-it.com\/wp-content\/uploads\/2023\/02\/image-7-1024x550.png 1024w, https:\/\/scrabble-it.com\/wp-content\/uploads\/2023\/02\/image-7-300x161.png 300w, https:\/\/scrabble-it.com\/wp-content\/uploads\/2023\/02\/image-7-768x412.png 768w, https:\/\/scrabble-it.com\/wp-content\/uploads\/2023\/02\/image-7.png 1140w\" data-sizes=\"(max-width: 1024px) 100vw, 1024px\" src=\"data:image\/svg+xml;base64,PHN2ZyB3aWR0aD0iMSIgaGVpZ2h0PSIxIiB4bWxucz0iaHR0cDovL3d3dy53My5vcmcvMjAwMC9zdmciPjwvc3ZnPg==\" style=\"--smush-placeholder-width: 1024px; --smush-placeholder-aspect-ratio: 1024\/550;\" \/><\/a><\/figure>\n","protected":false},"excerpt":{"rendered":"<p>L&#8217;\u00e9nergie est particuli\u00e8rement importante dans le d\u00e9bat sur la crise climatique. Et en particulier l&#8217;utilisation des combustibles fossiles. Nous appliquons [&hellip;]<\/p>\n","protected":false},"author":1,"featured_media":0,"parent":364,"menu_order":0,"comment_status":"closed","ping_status":"closed","template":"","meta":{"site-sidebar-layout":"default","site-content-layout":"","ast-site-content-layout":"default","site-content-style":"default","site-sidebar-style":"default","ast-global-header-display":"","ast-banner-title-visibility":"","ast-main-header-display":"","ast-hfb-above-header-display":"","ast-hfb-below-header-display":"","ast-hfb-mobile-header-display":"","site-post-title":"","ast-breadcrumbs-content":"","ast-featured-img":"","footer-sml-layout":"","ast-disable-related-posts":"","theme-transparent-header-meta":"","adv-header-id-meta":"","stick-header-meta":"","header-above-stick-meta":"","header-main-stick-meta":"","header-below-stick-meta":"","astra-migrate-meta-layouts":"default","ast-page-background-enabled":"default","ast-page-background-meta":{"desktop":{"background-color":"var(--ast-global-color-5)","background-image":"","background-repeat":"repeat","background-position":"center center","background-size":"auto","background-attachment":"scroll","background-type":"","background-media":"","overlay-type":"","overlay-color":"","overlay-opacity":"","overlay-gradient":""},"tablet":{"background-color":"","background-image":"","background-repeat":"repeat","background-position":"center center","background-size":"auto","background-attachment":"scroll","background-type":"","background-media":"","overlay-type":"","overlay-color":"","overlay-opacity":"","overlay-gradient":""},"mobile":{"background-color":"","background-image":"","background-repeat":"repeat","background-position":"center center","background-size":"auto","background-attachment":"scroll","background-type":"","background-media":"","overlay-type":"","overlay-color":"","overlay-opacity":"","overlay-gradient":""}},"ast-content-background-meta":{"desktop":{"background-color":"var(--ast-global-color-4)","background-image":"","background-repeat":"repeat","background-position":"center center","background-size":"auto","background-attachment":"scroll","background-type":"","background-media":"","overlay-type":"","overlay-color":"","overlay-opacity":"","overlay-gradient":""},"tablet":{"background-color":"var(--ast-global-color-4)","background-image":"","background-repeat":"repeat","background-position":"center center","background-size":"auto","background-attachment":"scroll","background-type":"","background-media":"","overlay-type":"","overlay-color":"","overlay-opacity":"","overlay-gradient":""},"mobile":{"background-color":"var(--ast-global-color-4)","background-image":"","background-repeat":"repeat","background-position":"center center","background-size":"auto","background-attachment":"scroll","background-type":"","background-media":"","overlay-type":"","overlay-color":"","overlay-opacity":"","overlay-gradient":""}},"footnotes":""},"class_list":["post-339","page","type-page","status-publish","hentry"],"aioseo_notices":[],"_links":{"self":[{"href":"https:\/\/scrabble-it.com\/fr\/wp-json\/wp\/v2\/pages\/339","targetHints":{"allow":["GET"]}}],"collection":[{"href":"https:\/\/scrabble-it.com\/fr\/wp-json\/wp\/v2\/pages"}],"about":[{"href":"https:\/\/scrabble-it.com\/fr\/wp-json\/wp\/v2\/types\/page"}],"author":[{"embeddable":true,"href":"https:\/\/scrabble-it.com\/fr\/wp-json\/wp\/v2\/users\/1"}],"replies":[{"embeddable":true,"href":"https:\/\/scrabble-it.com\/fr\/wp-json\/wp\/v2\/comments?post=339"}],"version-history":[{"count":1,"href":"https:\/\/scrabble-it.com\/fr\/wp-json\/wp\/v2\/pages\/339\/revisions"}],"predecessor-version":[{"id":341,"href":"https:\/\/scrabble-it.com\/fr\/wp-json\/wp\/v2\/pages\/339\/revisions\/341"}],"up":[{"embeddable":true,"href":"https:\/\/scrabble-it.com\/fr\/wp-json\/wp\/v2\/pages\/364"}],"wp:attachment":[{"href":"https:\/\/scrabble-it.com\/fr\/wp-json\/wp\/v2\/media?parent=339"}],"curies":[{"name":"wp","href":"https:\/\/api.w.org\/{rel}","templated":true}]}}