{"id":1427,"date":"2025-08-29T07:00:27","date_gmt":"2025-08-29T07:00:27","guid":{"rendered":"https:\/\/scrabble-it.com\/durabilite\/mobilite\/slim-onderweg-dans-et-vers-le-klein-brabant\/"},"modified":"2025-08-31T09:13:26","modified_gmt":"2025-08-31T09:13:26","slug":"slim-onderweg-dans-et-vers-le-klein-brabant","status":"publish","type":"page","link":"https:\/\/scrabble-it.com\/fr\/durabilite\/mobilite\/slim-onderweg-dans-et-vers-le-klein-brabant\/","title":{"rendered":"Slim Onderweg dans et vers le Klein-Brabant"},"content":{"rendered":"\n<pre class=\"wp-block-verse\">Source : Plate-forme citoyenne Climat Petit Brabant<\/pre>\n\n<figure class=\"wp-block-image size-full\"><a href=\"https:\/\/umap.openstreetmap.fr\/nl\/map\/mobiliteit-in-klein-brabant_1226307#13\/51.0899\/4.2706\" target=\"_blank\" rel=\" noreferrer noopener\"><img decoding=\"async\" width=\"300\" height=\"175\" data-src=\"https:\/\/scrabble-it.com\/wp-content\/uploads\/2025\/08\/Mobiliteit-in-Klein-Brabant.webp\" alt=\"\" class=\"wp-image-1367 lazyload\" src=\"data:image\/svg+xml;base64,PHN2ZyB3aWR0aD0iMSIgaGVpZ2h0PSIxIiB4bWxucz0iaHR0cDovL3d3dy53My5vcmcvMjAwMC9zdmciPjwvc3ZnPg==\" style=\"--smush-placeholder-width: 300px; --smush-placeholder-aspect-ratio: 300\/175;\" \/><\/a><\/figure>\n\n<p>Que vous pr\u00e9f\u00e9riez le v\u00e9lo, le covoiturage, le Flexbus ou une voiture partag\u00e9e, le voyage durable commence par une bonne vue d&#8217;ensemble des possibilit\u00e9s. Sur cette carte interactive de la mobilit\u00e9, vous d\u00e9couvrirez en un coup d&#8217;\u0153il les points Hoppin, les arr\u00eats de bus, les gares, les v\u00e9los partag\u00e9s, les voitures partag\u00e9es, les stations de v\u00e9los, etc. Et comme tout ne tient pas sur une carte, vous trouverez \u00e9galement ci-dessous des explications suppl\u00e9mentaires sur les applications de mobilit\u00e9 pratiques et d&#8217;autres informations utiles.  <\/p>\n\n<h3 class=\"wp-block-heading\">Carte<\/h3>\n\n<p>Vous trouverez sur <a href=\"https:\/\/umap.openstreetmap.fr\/nl\/map\/mobiliteit-in-klein-brabant_1226307#13\/51.0899\/4.2706\" target=\"_blank\" rel=\"noopener\" title=\"\">cette carte<\/a> une vue d&#8217;ensemble de toutes les options de mobilit\u00e9 durable !<\/p>\n\n<ul class=\"wp-block-list\">\n<li><strong>Fonctionnement de la carte.<\/strong>\n<ul class=\"wp-block-list\">\n<li><img decoding=\"async\" width=\"46\" height=\"47\" class=\"wp-image-1379 lazyload\" style=\"--smush-placeholder-width: 46px; --smush-placeholder-aspect-ratio: 46\/47;width: 46px;\" data-src=\"https:\/\/scrabble-it.com\/wp-content\/uploads\/2025\/08\/Schermafbeelding-2025-08-29-082409.png\" alt=\"\" src=\"data:image\/svg+xml;base64,PHN2ZyB3aWR0aD0iMSIgaGVpZ2h0PSIxIiB4bWxucz0iaHR0cDovL3d3dy53My5vcmcvMjAwMC9zdmciPjwvc3ZnPg==\" \/>  En cliquant dessus, vous ferez appara\u00eetre ou dispara\u00eetre le navigateur de donn\u00e9es. Dans le navigateur de donn\u00e9es, un clic sur un \u0153il <img decoding=\"async\" width=\"150\" height=\"89\" class=\"wp-image-1400 lazyload\" style=\"--smush-placeholder-width: 150px; --smush-placeholder-aspect-ratio: 150\/89;width: 150px;\" data-src=\"https:\/\/scrabble-it.com\/wp-content\/uploads\/2025\/08\/Schermafbeelding-2025-08-29-084017-1.png\" alt=\"\" src=\"data:image\/svg+xml;base64,PHN2ZyB3aWR0aD0iMSIgaGVpZ2h0PSIxIiB4bWxucz0iaHR0cDovL3d3dy53My5vcmcvMjAwMC9zdmciPjwvc3ZnPg==\" \/>vous permet de faire appara\u00eetre ou dispara\u00eetre les diff\u00e9rentes cat\u00e9gories. Si vous cliquez sur l&#8217;\u0153il sup\u00e9rieur, vous affichez toutes les cat\u00e9gories ou aucune d&#8217;entre elles sur la carte. Avec les autres yeux, vous activez ou d\u00e9sactivez une seule cat\u00e9gorie.   <\/li>\n\n\n\n<li><img decoding=\"async\" width=\"42\" height=\"46\" class=\"wp-image-1383 lazyload\" style=\"--smush-placeholder-width: 42px; --smush-placeholder-aspect-ratio: 42\/46;width: 42px;\" data-src=\"https:\/\/scrabble-it.com\/wp-content\/uploads\/2025\/08\/Schermafbeelding-2025-08-29-082553.png\" alt=\"\" src=\"data:image\/svg+xml;base64,PHN2ZyB3aWR0aD0iMSIgaGVpZ2h0PSIxIiB4bWxucz0iaHR0cDovL3d3dy53My5vcmcvMjAwMC9zdmciPjwvc3ZnPg==\" \/>  Permet d&#8217;agrandir la carte jusqu&#8217;\u00e0 votre position actuelle<\/li>\n\n\n\n<li><img decoding=\"async\" width=\"55\" height=\"132\" class=\"wp-image-1391 lazyload\" style=\"--smush-placeholder-width: 55px; --smush-placeholder-aspect-ratio: 55\/132;width: 55px;\" data-src=\"https:\/\/scrabble-it.com\/wp-content\/uploads\/2025\/08\/Schermafbeelding-2025-08-29-083045.png\" alt=\"\" src=\"data:image\/svg+xml;base64,PHN2ZyB3aWR0aD0iMSIgaGVpZ2h0PSIxIiB4bWxucz0iaHR0cDovL3d3dy53My5vcmcvMjAwMC9zdmciPjwvc3ZnPg==\" \/>  en passant votre curseur sur la petite carte indiqu\u00e9e par le carr\u00e9 rouge, vous aurez le choix entre diff\u00e9rents fonds de carte. En cliquant sur <img decoding=\"async\" width=\"87\" height=\"88\" class=\"wp-image-1387 lazyload\" style=\"--smush-placeholder-width: 87px; --smush-placeholder-aspect-ratio: 87\/88;width: 87px;\" data-src=\"https:\/\/scrabble-it.com\/wp-content\/uploads\/2025\/08\/Schermafbeelding-2025-08-29-082716.png\" alt=\"\" src=\"data:image\/svg+xml;base64,PHN2ZyB3aWR0aD0iMSIgaGVpZ2h0PSIxIiB4bWxucz0iaHR0cDovL3d3dy53My5vcmcvMjAwMC9zdmciPjwvc3ZnPg==\" \/>, vous obtiendrez une carte int\u00e9ressante des itin\u00e9raires cyclables. <\/li>\n<\/ul>\n<\/li>\n\n\n\n<li><strong>Diff\u00e9rentes cat\u00e9gories sur la carte<\/strong>\n<ul class=\"wp-block-list\">\n<li><strong><em>Points d&#8217;appui<\/em><\/strong>\n<ul class=\"wp-block-list\">\n<li>Les points d&#8217;arr\u00eat regroupent diff\u00e9rents moyens de transport tels que le train, le (flex)bus, le tramway ou les syst\u00e8mes partag\u00e9s, de sorte que vous pouvez facilement passer d&#8217;un moyen de transport \u00e0 l&#8217;autre. Il y a souvent un abri pour les v\u00e9los et parfois vous trouverez \u00e9galement des services suppl\u00e9mentaires tels qu&#8217;un distributeur de colis, une pompe \u00e0 v\u00e9lo ou des bornes de recharge pour les v\u00e9hicules \u00e9lectriques. <\/li>\n<\/ul>\n<\/li>\n\n\n\n<li><strong><em>Arr\u00eats de train<\/em><\/strong>\n<ul class=\"wp-block-list\">\n<li>Il y a 3 gares ferroviaires dans le Petit-Brabant : Bornem, Puurs et Ruisbroek-Sauvegarde.<\/li>\n<\/ul>\n<\/li>\n\n\n\n<li><strong><em>Arr\u00eats de bus ligne 25<\/em><\/strong>\n<ul class=\"wp-block-list\">\n<li>Ce bus circule toutes les demi-heures aux heures de pointe et toutes les heures aux heures creuses.<\/li>\n<\/ul>\n<\/li>\n\n\n\n<li><strong><em>Arr\u00eats de bus ligne 26<\/em><\/strong>\n<ul class=\"wp-block-list\">\n<li>Ce bus circule toutes les demi-heures aux heures de pointe et toutes les heures aux heures creuses.<\/li>\n<\/ul>\n<\/li>\n\n\n\n<li><strong><em>Arr\u00eats de bus ligne 89<\/em><\/strong>\n<ul class=\"wp-block-list\">\n<li>Ce bus circule toutes les heures entre 8h et 20h.<\/li>\n<\/ul>\n<\/li>\n\n\n\n<li><strong><em>Arr\u00eats de bus ligne 257<\/em><\/strong>\n<ul class=\"wp-block-list\">\n<li>Attention : cette ligne est une ligne de bus scolaire et ne fonctionne pas en juillet et ao\u00fbt.<\/li>\n<\/ul>\n<\/li>\n\n\n\n<li><strong><em>Arr\u00eats de bus ligne 269<\/em><\/strong>\n<ul class=\"wp-block-list\">\n<li>Attention : cette ligne est une ligne de bus scolaire et ne fonctionne pas en juillet et ao\u00fbt.<\/li>\n\n\n\n<li>pendant les jours d&#8217;\u00e9cole, le bus circule deux fois par jour : entre 07h00 et 08h00 environ et entre 16h00 et 17h00 environ (bus scolaires)<\/li>\n<\/ul>\n<\/li>\n\n\n\n<li><strong><em>Flexbus<\/em><\/strong>\n<ul class=\"wp-block-list\">\n<li>Tous les arr\u00eats de bus sont \u00e9galement des arr\u00eats pour le Flexbus. Il existe \u00e9galement des arr\u00eats de bus r\u00e9serv\u00e9s au Flexbus, vous les trouverez ici <\/li>\n<\/ul>\n<\/li>\n\n\n\n<li><strong><em>V\u00e9los partag\u00e9s<\/em><\/strong>\n<ul class=\"wp-block-list\">\n<li>Les v\u00e9los partag\u00e9s de Donkey ou d&#8217;autres organisations se trouvent \u00e0 10 endroits sur la carte.<\/li>\n<\/ul>\n<\/li>\n\n\n\n<li><strong><em>Parking \u00e0 v\u00e9los<\/em><\/strong><\/li>\n\n\n\n<li><strong><em>Voitures partag\u00e9es<\/em><\/strong>\n<ul class=\"wp-block-list\">\n<li>Actuellement (1\/7\/2025), il y a 9 endroits qui ont des voitures partag\u00e9es par mobishare. Il s&#8217;agit de voitures \u00e9lectriques, soit Renault Zo\u00eb, soit Renault Kangoo ZE. <\/li>\n<\/ul>\n<\/li>\n<\/ul>\n<\/li>\n<\/ul>\n\n<h3 class=\"wp-block-heading\">Bavoir de v\u00e9lo<\/h3>\n\n<p>Chez Nektari, vous pouvez emprunter des v\u00e9los pendant un an. Voir https:\/\/nektari.be\/fietsen-op-maat\/ <\/p>\n\n<h3 class=\"wp-block-heading\">Compagnies de taxis<\/h3>\n\n<p>Taxi Bjorn, https:\/\/www.taxi-bjorn.be\/taxi\/, +32 493 92 54 25 (il s&#8217;agit d&#8217;une entreprise de Lokeren)<br\/>Taxi C-motion, https:\/\/www.cmotion.be\/#ContactUs , +32 465 07 55 96<br\/>Drive 2, https:\/\/www.drive2.be\/ , +32 488 00 58 38<br\/>Taxi Bornem, https:\/\/taxibornem.be\/, +32 472 706.245<br\/>Bornem Taxi, https:\/\/bornemtaxi.be\/, 0476 29.30.96<\/p>\n\n<p>Il existe \u00e9galement des services de taxi uniquement par le biais d&#8217;une application :<br\/><a href=\"https:\/\/bolt.eu\/nl-be\/\" target=\"_blank\" rel=\"noopener\" title=\"\">Bolt<\/a><br\/> Uber<\/p>\n\n<h3 class=\"wp-block-heading\">Applications de mobilit\u00e9<\/h3>\n\n<p><br\/>Nous avons effectu\u00e9 une analyse non exhaustive des applications de mobilit\u00e9 existantes.<br\/>Ce faisant, nous avons \u00e9valu\u00e9 les diff\u00e9rentes options, en mettant l&#8217;accent sur le transport multimodal si n\u00e9cessaire ou souhait\u00e9.<\/p>\n\n<ol start=\"4\" class=\"wp-block-list\"><\/ol>\n\n<p>Nous avons examin\u00e9 de plus pr\u00e8s ces applications : Slim Naar Antwerpen, Floya (Bruxelles), Hoppin, Google Maps, OSMAnd, Magic Earth, NMBS, De Lijn, De Waterbus<\/p>\n\n<h4 class=\"wp-block-heading\"><strong>Slim Naar Antwerpen (SNA)  <\/strong><\/h4>\n\n<p>SNA est notre choix pr\u00e9f\u00e9r\u00e9 \u00e0 cet \u00e9gard. Il s&#8217;agit d&#8217;une application tr\u00e8s compl\u00e8te qui propose imm\u00e9diatement diff\u00e9rentes alternatives. Vous pouvez donc l&#8217;utiliser pour les transports publics, mais aussi pour le v\u00e9lo, la marche ou la voiture. Ou une combinaison. Cette derni\u00e8re option est une valeur ajout\u00e9e par rapport \u00e0 la plupart des autres applications. Bien qu&#8217;il s&#8217;agisse d&#8217;une application pour la ville d&#8217;Anvers, elle peut certainement \u00eatre utilis\u00e9e bien au-del\u00e0 et donc \u00e9galement dans le Petit Brabant.     <\/p>\n\n<ul class=\"wp-block-list\">\n<li>Multimodal<\/li>\n\n\n\n<li>Inclut les syst\u00e8mes de partage (v\u00e9lo, scooter, voiture)<\/li>\n\n\n\n<li>Donne une indication du co\u00fbt et des Kcal que vous allez consommer<\/li>\n\n\n\n<li>Liens vers la vente de billets dans l&#8217;application ou le site web concern\u00e9<\/li>\n\n\n\n<li>Fonctionne \u00e9galement dans le navigateur<\/li>\n\n\n\n<li>Le Flexbus n&#8217;est pas inclus<\/li>\n\n\n\n<li>Non compatible avec Android Car<\/li>\n<\/ul>\n\n<p>Note : Floya a \u00e0 peu pr\u00e8s les m\u00eames fonctionnalit\u00e9s que SNA, mais se concentre sur Bruxelles : Floya poss\u00e8de \u00e0 peu pr\u00e8s les m\u00eames fonctionnalit\u00e9s que SNA, mais se concentre sur Bruxelles et nous ne l&#8217;aborderons pas plus avant ici.<\/p>\n\n<h4 class=\"wp-block-heading\"><strong>Terre magique<\/strong><\/h4>\n\n<p>Magic earth est bas\u00e9 sur les cartes open source d&#8217;OpenStreetMap, mais dispose de nombreux param\u00e8tres cartographiques (satellite, 3D, &#8230;). L&#8217;application fonctionne avec Android Car et Apple Car.<br\/>Elle n&#8217;est pas multimodale, mais vous donne des options pour la marche, le v\u00e9lo, les transports publics, le camion ou la voiture. Vous trouverez des informations actualis\u00e9es sur les transports publics et le trafic.  <\/p>\n\n<ul class=\"wp-block-list\">\n<li>open source\/non sensible \u00e0 la protection de la vie priv\u00e9e<\/li>\n\n\n\n<li>diff\u00e9rents modes de transport sont propos\u00e9s<\/li>\n\n\n\n<li>fonctionne avec les syst\u00e8mes automobiles connus<\/li>\n\n\n\n<li>tr\u00e8s facile \u00e0 travailler hors ligne<\/li>\n\n\n\n<li>Pas de multimodalit\u00e9<\/li>\n\n\n\n<li>pas d&#8217;information sur le prix<\/li>\n\n\n\n<li>Le Flexbus n&#8217;est pas inclus<\/li>\n\n\n\n<li>Les sous-syst\u00e8mes ne sont pas li\u00e9s<\/li>\n<\/ul>\n\n<h4 class=\"wp-block-heading\"><strong>Google Maps<\/strong><\/h4>\n\n<p>Google maps offre \u00e0 peu pr\u00e8s les m\u00eames fonctionnalit\u00e9s que Magic Earth. Il offre \u00e9galement des informations sur la mobilit\u00e9 partag\u00e9e dans certaines grandes villes. <\/p>\n\n<ul class=\"wp-block-list\">\n<li>diff\u00e9rents modes de transport sont propos\u00e9s<\/li>\n\n\n\n<li>fonctionne avec les syst\u00e8mes automobiles connus<\/li>\n\n\n\n<li>des informations actualis\u00e9es en ligne sur la circulation et les transports publics<\/li>\n\n\n\n<li>Pas de multimodalit\u00e9<\/li>\n\n\n\n<li>pas d&#8217;information sur le prix<\/li>\n\n\n\n<li>Le Flexbus n&#8217;est pas inclus<\/li>\n\n\n\n<li>Les sous-syst\u00e8mes ne sont que partiellement li\u00e9s<\/li>\n<\/ul>\n\n<h4 class=\"wp-block-heading\"><strong>Hoppin<\/strong><\/h4>\n\n<p>Hoppin n&#8217;est pas une application mais un site web. Il refl\u00e8te la philosophie que nous voulons adopter pour notre mobilit\u00e9. <\/p>\n\n<p>Le site web donne un bon aper\u00e7u de notre mobilit\u00e9.<br\/>Vous y trouverez \u00e9galement les diff\u00e9rentes applications &#8216;officielles&#8217; qui existent en Flandre (De Lijn, NMBS), mais aussi d&#8217;autres applications telles que les applications de covoiturage, de parking et de recharge. Ne manquez pas de jeter un coup d&#8217;\u0153il ici <\/p>\n\n<h3 class=\"wp-block-heading\">Mobitwin (anciennement Minder Mobielen Centrale) Klein-Brabant<\/h3>\n\n<p>Mobitwin est un service de transport b\u00e9n\u00e9vole pour les personnes incapables de se d\u00e9placer elles-m\u00eames pour diverses raisons : \u00e2ge, maladie, handicap, <br\/>urgence sociale<br\/>Conditions et proc\u00e9dure : voir https:\/\/www.puurs-sint-amands.be\/mobitwin-klein-brabant<\/p>\n\n<h3 class=\"wp-block-heading\">Commentaires et suggestions<\/h3>\n\n<p>Si vous avez des commentaires ou des suggestions sur le contenu ci-dessus, veuillez nous envoyer un message \u00e0 l&#8217;adresse suivante : burgerklimaat@gmail.co<\/p>\n\n<p><\/p>\n","protected":false},"excerpt":{"rendered":"<p>Source : Plate-forme citoyenne Climat Petit Brabant Que vous pr\u00e9f\u00e9riez le v\u00e9lo, le covoiturage, le Flexbus ou une voiture partag\u00e9e, [&hellip;]<\/p>\n","protected":false},"author":1,"featured_media":1369,"parent":345,"menu_order":0,"comment_status":"closed","ping_status":"closed","template":"","meta":{"site-sidebar-layout":"default","site-content-layout":"","ast-site-content-layout":"default","site-content-style":"default","site-sidebar-style":"default","ast-global-header-display":"","ast-banner-title-visibility":"","ast-main-header-display":"","ast-hfb-above-header-display":"","ast-hfb-below-header-display":"","ast-hfb-mobile-header-display":"","site-post-title":"","ast-breadcrumbs-content":"","ast-featured-img":"disabled","footer-sml-layout":"","ast-disable-related-posts":"","theme-transparent-header-meta":"","adv-header-id-meta":"","stick-header-meta":"","header-above-stick-meta":"","header-main-stick-meta":"","header-below-stick-meta":"","astra-migrate-meta-layouts":"default","ast-page-background-enabled":"default","ast-page-background-meta":{"desktop":{"background-color":"var(--ast-global-color-5)","background-image":"","background-repeat":"repeat","background-position":"center center","background-size":"auto","background-attachment":"scroll","background-type":"","background-media":"","overlay-type":"","overlay-color":"","overlay-opacity":"","overlay-gradient":""},"tablet":{"background-color":"","background-image":"","background-repeat":"repeat","background-position":"center center","background-size":"auto","background-attachment":"scroll","background-type":"","background-media":"","overlay-type":"","overlay-color":"","overlay-opacity":"","overlay-gradient":""},"mobile":{"background-color":"","background-image":"","background-repeat":"repeat","background-position":"center center","background-size":"auto","background-attachment":"scroll","background-type":"","background-media":"","overlay-type":"","overlay-color":"","overlay-opacity":"","overlay-gradient":""}},"ast-content-background-meta":{"desktop":{"background-color":"var(--ast-global-color-4)","background-image":"","background-repeat":"repeat","background-position":"center center","background-size":"auto","background-attachment":"scroll","background-type":"","background-media":"","overlay-type":"","overlay-color":"","overlay-opacity":"","overlay-gradient":""},"tablet":{"background-color":"var(--ast-global-color-4)","background-image":"","background-repeat":"repeat","background-position":"center center","background-size":"auto","background-attachment":"scroll","background-type":"","background-media":"","overlay-type":"","overlay-color":"","overlay-opacity":"","overlay-gradient":""},"mobile":{"background-color":"var(--ast-global-color-4)","background-image":"","background-repeat":"repeat","background-position":"center center","background-size":"auto","background-attachment":"scroll","background-type":"","background-media":"","overlay-type":"","overlay-color":"","overlay-opacity":"","overlay-gradient":""}},"footnotes":""},"class_list":["post-1427","page","type-page","status-publish","has-post-thumbnail","hentry"],"aioseo_notices":[],"_links":{"self":[{"href":"https:\/\/scrabble-it.com\/fr\/wp-json\/wp\/v2\/pages\/1427","targetHints":{"allow":["GET"]}}],"collection":[{"href":"https:\/\/scrabble-it.com\/fr\/wp-json\/wp\/v2\/pages"}],"about":[{"href":"https:\/\/scrabble-it.com\/fr\/wp-json\/wp\/v2\/types\/page"}],"author":[{"embeddable":true,"href":"https:\/\/scrabble-it.com\/fr\/wp-json\/wp\/v2\/users\/1"}],"replies":[{"embeddable":true,"href":"https:\/\/scrabble-it.com\/fr\/wp-json\/wp\/v2\/comments?post=1427"}],"version-history":[{"count":1,"href":"https:\/\/scrabble-it.com\/fr\/wp-json\/wp\/v2\/pages\/1427\/revisions"}],"predecessor-version":[{"id":1428,"href":"https:\/\/scrabble-it.com\/fr\/wp-json\/wp\/v2\/pages\/1427\/revisions\/1428"}],"up":[{"embeddable":true,"href":"https:\/\/scrabble-it.com\/fr\/wp-json\/wp\/v2\/pages\/345"}],"wp:featuredmedia":[{"embeddable":true,"href":"https:\/\/scrabble-it.com\/fr\/wp-json\/wp\/v2\/media\/1369"}],"wp:attachment":[{"href":"https:\/\/scrabble-it.com\/fr\/wp-json\/wp\/v2\/media?parent=1427"}],"curies":[{"name":"wp","href":"https:\/\/api.w.org\/{rel}","templated":true}]}}