{"id":1339,"date":"2025-08-13T16:05:43","date_gmt":"2025-08-13T16:05:43","guid":{"rendered":"https:\/\/scrabble-it.com\/jardin-ecologique\/"},"modified":"2025-08-13T16:05:52","modified_gmt":"2025-08-13T16:05:52","slug":"jardin-ecologique","status":"publish","type":"page","link":"https:\/\/scrabble-it.com\/fr\/jardin-ecologique\/","title":{"rendered":"Jardin \u00e9cologique"},"content":{"rendered":"\n<figure class=\"wp-block-image\"><img decoding=\"async\" data-src=\"https:\/\/natuurgidsen-klein-brabant.com\/wp-content\/uploads\/2024\/08\/2021-05-30-09.26.33-scaled-e1724403703579.jpg\" alt=\"\" src=\"data:image\/svg+xml;base64,PHN2ZyB3aWR0aD0iMSIgaGVpZ2h0PSIxIiB4bWxucz0iaHR0cDovL3d3dy53My5vcmcvMjAwMC9zdmciPjwvc3ZnPg==\" class=\"lazyload\" \/><\/figure>\n\n<p>Dans notre chambre d&#8217;h\u00f4tes, les clients nous posent r\u00e9guli\u00e8rement des questions sur notre construction bio-\u00e9cologique avec int\u00e9r\u00eat. Je parle aussi souvent de notre jardin \u00e9cologique. <\/p>\n\n<p>&#8220;Qu&#8217;est-ce qu&#8217;un jardin \u00e9cologique ?&#8221; a demand\u00e9 l&#8217;un de nos invit\u00e9s. J&#8217;ai d&#8217;abord pens\u00e9 que c&#8217;\u00e9tait une question simple. Nous n&#8217;utilisons pas de pesticides, nous n&#8217;avons pas beaucoup d&#8217;asphalte et bien d&#8217;autres r\u00e9ponses habituelles. Mais en fait, cela va beaucoup plus loin. Il s&#8217;agit de la fa\u00e7on dont vous consid\u00e9rez un jardin, de ce que vous en attendez.    <\/p>\n\n<h3 class=\"wp-block-heading\">Jardins \u00e9gologiques<\/h3>\n\n<figure class=\"wp-block-image\"><img decoding=\"async\" data-src=\"https:\/\/natuurgidsen-klein-brabant.com\/wp-content\/uploads\/2024\/08\/Schermafbeelding-2024-08-23-111211.png\" alt=\"\" class=\"wp-image-7549 lazyload\" src=\"data:image\/svg+xml;base64,PHN2ZyB3aWR0aD0iMSIgaGVpZ2h0PSIxIiB4bWxucz0iaHR0cDovL3d3dy53My5vcmcvMjAwMC9zdmciPjwvc3ZnPg==\" \/><\/figure>\n\n<p>Les jardins \u00e9gologiques sont con\u00e7us \u00e0 100 % pour satisfaire l&#8217;homme et son ego. De belles et grandes pelouses vertes, bien d\u00e9limit\u00e9es, plates comme un billard, r\u00e9guli\u00e8rement fertilis\u00e9es, fr\u00e9quemment taill\u00e9es, de pr\u00e9f\u00e9rence m\u00eame avec un robot. Vous pouvez y jouer au golf, au Kubb, planter une tente, &#8230; Dans les bordures, il y a de belles fleurs et de beaux arbustes. Des fleurs que nous, en tant qu&#8217;\u00eatres humains, trouvons belles. Beau signifie g\u00e9n\u00e9ralement : sp\u00e9cial, unique, qu&#8217;on ne trouve pas facilement ailleurs. Les fleurs et plantes exotiques et cultiv\u00e9es s&#8217;int\u00e8grent donc parfaitement. Les mauvaises herbes doivent \u00eatre \u00e9vit\u00e9es par un d\u00e9sherbage intensif ou, plus facilement encore, par l&#8217;utilisation d&#8217;herbicides. Une taupe ruine notre jardin id\u00e9al. Un exemple extr\u00eame d&#8217;un tel jardin \u00e9gologique est le suivant <a href=\"https:\/\/www.gva.be\/cnt\/dmf20240129_93434672\" target=\"_blank\" rel=\"noreferrer noopener\">: &#8220;Le gazon artificiel est vert, n&#8217;est-ce pas ?<\/a>        <\/p>\n\n<h3 class=\"wp-block-heading\">Jardins \u00e9cologiques<\/h3>\n\n<figure class=\"wp-block-image\"><img decoding=\"async\" data-src=\"https:\/\/natuurgidsen-klein-brabant.com\/wp-content\/uploads\/2024\/08\/Schermafbeelding-2024-08-23-111230.png\" alt=\"\" class=\"wp-image-7550 lazyload\" src=\"data:image\/svg+xml;base64,PHN2ZyB3aWR0aD0iMSIgaGVpZ2h0PSIxIiB4bWxucz0iaHR0cDovL3d3dy53My5vcmcvMjAwMC9zdmciPjwvc3ZnPg==\" \/><\/figure>\n\n<p>Les jardins \u00e9cologiques mettent la nature au premier plan. L&#8217;homme n&#8217;est qu&#8217;une partie de cette nature. Pour parler d&#8217;un jardin riche en nature, il faut accorder beaucoup d&#8217;attention aux plantes et aux animaux locaux et indig\u00e8nes. Ou mieux encore, il faut laisser la nature faire son chemin et laisser \u00e9merger des plantes qui, dans un jardin \u00e9cologique, seraient consid\u00e9r\u00e9es comme des mauvaises herbes. En fait, la gestion pour les humains est beaucoup plus facile dans un tel jardin et c&#8217;est pourquoi on parle de jardinier paresseux. Il se contente g\u00e9n\u00e9ralement de donner un coup de main \u00e0 la nature en broyant les sols, en \u00e9liminant les plantes exotiques et en contr\u00f4lant les mauvaises herbes. Il peut y avoir des prairies serr\u00e9es, mais elles sont r\u00e9duites au minimum.      <\/p>\n\n<p>Un jardin fleuri semble souvent \u00eatre un jardin \u00e9cologique. Mais &#8230;<br\/>Nous cultivons et fleurissons beaucoup de plantes sauvages dans notre jardin. Nous avons \u00e9galement plant\u00e9 et achet\u00e9 des fleurs telles que des tournesols et des rudbeckias. La diff\u00e9rence ? sur les plantes sauvages, il y a une mer de vie : bourdonnement, succion, vol, reniflement, propagation, pollinisation. Sur le mat\u00e9riel achet\u00e9, on ne peut en observer que la moiti\u00e9. R\u00e9cemment, des chardonnerets se sont r\u00e9gal\u00e9s de nos boutonni\u00e8res.      <\/p>\n\n<p>Il en va de m\u00eame pour notre \u00e9tang \u00e9cologique. Il a \u00e9t\u00e9 construit avec un impact minimal sur l&#8217;environnement : pas de construction en b\u00e9ton, mais de l&#8217;EPDM pour maintenir le niveau de l&#8217;eau, qui est purifi\u00e9e par une roseli\u00e8re. Nous nous y baignons r\u00e9guli\u00e8rement ! Mais ce que nous appr\u00e9cions le plus, c&#8217;est la nature qu&#8217;il attire : grenouilles, salamandres, libellules, demoiselles, patineurs. Et notre grand favori : le martin-p\u00eacheur. Mais aussi le h\u00e9ron cendr\u00e9, le cormoran, la poule d&#8217;eau, la foulque, &#8230; Je vous laisse faire la comparaison avec une piscine chlor\u00e9e.      <\/p>\n\n<h3 class=\"wp-block-heading\">\u00cates-vous un jardinier \u00e9gologique ou \u00e9cologique ?<\/h3>\n\n<ul class=\"wp-block-list\">\n<li>Vous arrive-t-il de laisser pousser les mauvaises herbes ?<\/li>\n\n\n\n<li>Participez-vous \u00e0 mow may not ?<\/li>\n\n\n\n<li>Laissez la taupe retrouver son foyer et mettez une fleur sur les taupini\u00e8res ?<\/li>\n\n\n\n<li>Pr\u00e9voyez-vous des trous dans la cl\u00f4ture pour permettre aux h\u00e9rissons de passer ?<\/li>\n\n\n\n<li>Laissez-vous parfois un cerf d\u00e9guster un peu de votre savoureux jardin ?<\/li>\n\n\n\n<li>N&#8217;utilisez-vous pas d&#8217;herbicides et de pesticides ?<\/li>\n\n\n\n<li>Vous ne pulv\u00e9risez pas ou tr\u00e8s exceptionnellement ?<\/li>\n<\/ul>\n\n<p>Quel est votre jardin ? Vous pouvez placer ces deux fa\u00e7ons fondamentalement diff\u00e9rentes de jardiner sur une \u00e9chelle et les consid\u00e9rer comme les extr\u00eames d&#8217;un continuum. La plupart des jardins se situent entre les deux. Mais malheureusement, la plupart des jardins se situent du c\u00f4t\u00e9 de l&#8217;<strong>\u00e9gologique<\/strong>.   <\/p>\n\n<p>R\u00e9cemment, la loi europ\u00e9enne sur la restauration de la nature est entr\u00e9e en vigueur. Allez-vous faire votre part et transformer votre jardin en une opulence \u00e9cologique ? <\/p>\n","protected":false},"excerpt":{"rendered":"<p>Dans notre chambre d&#8217;h\u00f4tes, les clients nous posent r\u00e9guli\u00e8rement des questions sur notre construction bio-\u00e9cologique avec int\u00e9r\u00eat. Je parle aussi [&hellip;]<\/p>\n","protected":false},"author":1,"featured_media":0,"parent":0,"menu_order":0,"comment_status":"closed","ping_status":"closed","template":"","meta":{"site-sidebar-layout":"default","site-content-layout":"","ast-site-content-layout":"default","site-content-style":"default","site-sidebar-style":"default","ast-global-header-display":"","ast-banner-title-visibility":"","ast-main-header-display":"","ast-hfb-above-header-display":"","ast-hfb-below-header-display":"","ast-hfb-mobile-header-display":"","site-post-title":"","ast-breadcrumbs-content":"","ast-featured-img":"","footer-sml-layout":"","ast-disable-related-posts":"","theme-transparent-header-meta":"","adv-header-id-meta":"","stick-header-meta":"","header-above-stick-meta":"","header-main-stick-meta":"","header-below-stick-meta":"","astra-migrate-meta-layouts":"default","ast-page-background-enabled":"default","ast-page-background-meta":{"desktop":{"background-color":"var(--ast-global-color-5)","background-image":"","background-repeat":"repeat","background-position":"center center","background-size":"auto","background-attachment":"scroll","background-type":"","background-media":"","overlay-type":"","overlay-color":"","overlay-opacity":"","overlay-gradient":""},"tablet":{"background-color":"","background-image":"","background-repeat":"repeat","background-position":"center center","background-size":"auto","background-attachment":"scroll","background-type":"","background-media":"","overlay-type":"","overlay-color":"","overlay-opacity":"","overlay-gradient":""},"mobile":{"background-color":"","background-image":"","background-repeat":"repeat","background-position":"center center","background-size":"auto","background-attachment":"scroll","background-type":"","background-media":"","overlay-type":"","overlay-color":"","overlay-opacity":"","overlay-gradient":""}},"ast-content-background-meta":{"desktop":{"background-color":"var(--ast-global-color-4)","background-image":"","background-repeat":"repeat","background-position":"center center","background-size":"auto","background-attachment":"scroll","background-type":"","background-media":"","overlay-type":"","overlay-color":"","overlay-opacity":"","overlay-gradient":""},"tablet":{"background-color":"var(--ast-global-color-4)","background-image":"","background-repeat":"repeat","background-position":"center center","background-size":"auto","background-attachment":"scroll","background-type":"","background-media":"","overlay-type":"","overlay-color":"","overlay-opacity":"","overlay-gradient":""},"mobile":{"background-color":"var(--ast-global-color-4)","background-image":"","background-repeat":"repeat","background-position":"center center","background-size":"auto","background-attachment":"scroll","background-type":"","background-media":"","overlay-type":"","overlay-color":"","overlay-opacity":"","overlay-gradient":""}},"footnotes":""},"class_list":["post-1339","page","type-page","status-publish","hentry"],"aioseo_notices":[],"_links":{"self":[{"href":"https:\/\/scrabble-it.com\/fr\/wp-json\/wp\/v2\/pages\/1339","targetHints":{"allow":["GET"]}}],"collection":[{"href":"https:\/\/scrabble-it.com\/fr\/wp-json\/wp\/v2\/pages"}],"about":[{"href":"https:\/\/scrabble-it.com\/fr\/wp-json\/wp\/v2\/types\/page"}],"author":[{"embeddable":true,"href":"https:\/\/scrabble-it.com\/fr\/wp-json\/wp\/v2\/users\/1"}],"replies":[{"embeddable":true,"href":"https:\/\/scrabble-it.com\/fr\/wp-json\/wp\/v2\/comments?post=1339"}],"version-history":[{"count":1,"href":"https:\/\/scrabble-it.com\/fr\/wp-json\/wp\/v2\/pages\/1339\/revisions"}],"predecessor-version":[{"id":1341,"href":"https:\/\/scrabble-it.com\/fr\/wp-json\/wp\/v2\/pages\/1339\/revisions\/1341"}],"wp:attachment":[{"href":"https:\/\/scrabble-it.com\/fr\/wp-json\/wp\/v2\/media?parent=1339"}],"curies":[{"name":"wp","href":"https:\/\/api.w.org\/{rel}","templated":true}]}}