{"id":1220,"date":"2025-07-24T13:28:07","date_gmt":"2025-07-24T13:28:07","guid":{"rendered":"https:\/\/scrabble-it.com\/durabilite\/site-web-durable\/"},"modified":"2025-07-28T15:02:45","modified_gmt":"2025-07-28T15:02:45","slug":"site-web-durable","status":"publish","type":"page","link":"https:\/\/scrabble-it.com\/fr\/durabilite\/site-web-durable\/","title":{"rendered":"Site web durable"},"content":{"rendered":"\n<p>Les logiciels et le mat\u00e9riel informatique p\u00e8sent de plus en plus lourd dans nos \u00e9missions de CO2 et notre consommation d&#8217;\u00e9nergie.<\/p>\n\n<p>C&#8217;est pourquoi nous avons optimis\u00e9 notre site web pour qu&#8217;il consomme le moins possible \u00e0 chaque page consult\u00e9e.<\/p>\n\n<p>Le principal outil que nous utilisons \u00e0 cet effet est <a href=\"http:\/\/ecograder.com\" target=\"_blank\" rel=\"noopener\" title=\"\">Ecograder.com.<\/a><\/p>\n\n<p><a href=\"https:\/\/ecograder.com\/report\/DLmjmFBJ79jkrzU4actKxRsi\">https:\/\/ecograder.com\/report\/DLmjmFBJ79jkrzU4actKxRsi<\/a><\/p>\n\n<figure class=\"wp-block-image size-full\"><img decoding=\"async\" width=\"800\" height=\"519\" data-src=\"https:\/\/scrabble-it.com\/wp-content\/uploads\/2025\/07\/Schermafbeelding-2025-07-24-141937.webp\" alt=\"\" class=\"wp-image-1213 lazyload\" data-srcset=\"https:\/\/scrabble-it.com\/wp-content\/uploads\/2025\/07\/Schermafbeelding-2025-07-24-141937.webp 800w, https:\/\/scrabble-it.com\/wp-content\/uploads\/2025\/07\/Schermafbeelding-2025-07-24-141937-300x195.webp 300w, https:\/\/scrabble-it.com\/wp-content\/uploads\/2025\/07\/Schermafbeelding-2025-07-24-141937-768x498.webp 768w\" data-sizes=\"(max-width: 800px) 100vw, 800px\" src=\"data:image\/svg+xml;base64,PHN2ZyB3aWR0aD0iMSIgaGVpZ2h0PSIxIiB4bWxucz0iaHR0cDovL3d3dy53My5vcmcvMjAwMC9zdmciPjwvc3ZnPg==\" style=\"--smush-placeholder-width: 800px; --smush-placeholder-aspect-ratio: 800\/519;\" \/><\/figure>\n\n<p><\/p>\n\n<p>Un autre outil est le calculateur de carbone pour sites web, qui donne un peu moins de d\u00e9tails sur ce que vous pouvez am\u00e9liorer exactement.<\/p>\n\n<figure class=\"wp-block-embed is-type-wp-embed is-provider-website-carbon-calculator wp-block-embed-website-carbon-calculator\"><div class=\"wp-block-embed__wrapper\">\n<blockquote class=\"wp-embedded-content\" data-secret=\"t1t8GFXdmN\"><a href=\"https:\/\/www.websitecarbon.com\/website\/scrabble-it-com\/\">scrabble-it.com<\/a><\/blockquote><iframe class=\"wp-embedded-content lazyload\" sandbox=\"allow-scripts\" security=\"restricted\" style=\"position: absolute; visibility: hidden;\" title=\"&#8220;scrabble-it.com&#8221; &#8212; Website Carbon Calculator\" data-src=\"https:\/\/www.websitecarbon.com\/website\/scrabble-it-com\/embed\/#?secret=agE7IuSQQv#?secret=t1t8GFXdmN\" data-secret=\"t1t8GFXdmN\" width=\"500\" height=\"282\" frameborder=\"0\" marginwidth=\"0\" marginheight=\"0\" scrolling=\"no\" src=\"data:image\/svg+xml;base64,PHN2ZyB3aWR0aD0iMSIgaGVpZ2h0PSIxIiB4bWxucz0iaHR0cDovL3d3dy53My5vcmcvMjAwMC9zdmciPjwvc3ZnPg==\" data-load-mode=\"1\"><\/iframe>\n<\/div><\/figure>\n\n<p><\/p>\n","protected":false},"excerpt":{"rendered":"<p>Les logiciels et le mat\u00e9riel informatique p\u00e8sent de plus en plus lourd dans nos \u00e9missions de CO2 et notre consommation [&hellip;]<\/p>\n","protected":false},"author":1,"featured_media":0,"parent":364,"menu_order":0,"comment_status":"closed","ping_status":"closed","template":"","meta":{"site-sidebar-layout":"default","site-content-layout":"","ast-site-content-layout":"default","site-content-style":"default","site-sidebar-style":"default","ast-global-header-display":"","ast-banner-title-visibility":"","ast-main-header-display":"","ast-hfb-above-header-display":"","ast-hfb-below-header-display":"","ast-hfb-mobile-header-display":"","site-post-title":"","ast-breadcrumbs-content":"","ast-featured-img":"","footer-sml-layout":"","ast-disable-related-posts":"","theme-transparent-header-meta":"","adv-header-id-meta":"","stick-header-meta":"","header-above-stick-meta":"","header-main-stick-meta":"","header-below-stick-meta":"","astra-migrate-meta-layouts":"default","ast-page-background-enabled":"default","ast-page-background-meta":{"desktop":{"background-color":"var(--ast-global-color-5)","background-image":"","background-repeat":"repeat","background-position":"center center","background-size":"auto","background-attachment":"scroll","background-type":"","background-media":"","overlay-type":"","overlay-color":"","overlay-opacity":"","overlay-gradient":""},"tablet":{"background-color":"","background-image":"","background-repeat":"repeat","background-position":"center center","background-size":"auto","background-attachment":"scroll","background-type":"","background-media":"","overlay-type":"","overlay-color":"","overlay-opacity":"","overlay-gradient":""},"mobile":{"background-color":"","background-image":"","background-repeat":"repeat","background-position":"center center","background-size":"auto","background-attachment":"scroll","background-type":"","background-media":"","overlay-type":"","overlay-color":"","overlay-opacity":"","overlay-gradient":""}},"ast-content-background-meta":{"desktop":{"background-color":"var(--ast-global-color-4)","background-image":"","background-repeat":"repeat","background-position":"center center","background-size":"auto","background-attachment":"scroll","background-type":"","background-media":"","overlay-type":"","overlay-color":"","overlay-opacity":"","overlay-gradient":""},"tablet":{"background-color":"var(--ast-global-color-4)","background-image":"","background-repeat":"repeat","background-position":"center center","background-size":"auto","background-attachment":"scroll","background-type":"","background-media":"","overlay-type":"","overlay-color":"","overlay-opacity":"","overlay-gradient":""},"mobile":{"background-color":"var(--ast-global-color-4)","background-image":"","background-repeat":"repeat","background-position":"center center","background-size":"auto","background-attachment":"scroll","background-type":"","background-media":"","overlay-type":"","overlay-color":"","overlay-opacity":"","overlay-gradient":""}},"footnotes":""},"class_list":["post-1220","page","type-page","status-publish","hentry"],"aioseo_notices":[],"_links":{"self":[{"href":"https:\/\/scrabble-it.com\/fr\/wp-json\/wp\/v2\/pages\/1220","targetHints":{"allow":["GET"]}}],"collection":[{"href":"https:\/\/scrabble-it.com\/fr\/wp-json\/wp\/v2\/pages"}],"about":[{"href":"https:\/\/scrabble-it.com\/fr\/wp-json\/wp\/v2\/types\/page"}],"author":[{"embeddable":true,"href":"https:\/\/scrabble-it.com\/fr\/wp-json\/wp\/v2\/users\/1"}],"replies":[{"embeddable":true,"href":"https:\/\/scrabble-it.com\/fr\/wp-json\/wp\/v2\/comments?post=1220"}],"version-history":[{"count":2,"href":"https:\/\/scrabble-it.com\/fr\/wp-json\/wp\/v2\/pages\/1220\/revisions"}],"predecessor-version":[{"id":1285,"href":"https:\/\/scrabble-it.com\/fr\/wp-json\/wp\/v2\/pages\/1220\/revisions\/1285"}],"up":[{"embeddable":true,"href":"https:\/\/scrabble-it.com\/fr\/wp-json\/wp\/v2\/pages\/364"}],"wp:attachment":[{"href":"https:\/\/scrabble-it.com\/fr\/wp-json\/wp\/v2\/media?parent=1220"}],"curies":[{"name":"wp","href":"https:\/\/api.w.org\/{rel}","templated":true}]}}