{"id":969,"date":"2024-04-11T13:46:35","date_gmt":"2024-04-11T13:46:35","guid":{"rendered":"https:\/\/scrabble-it.com\/ueber-uns\/"},"modified":"2024-07-24T12:28:12","modified_gmt":"2024-07-24T12:28:12","slug":"ueber-uns","status":"publish","type":"page","link":"https:\/\/scrabble-it.com\/de\/ueber-uns\/","title":{"rendered":"\u00dcber uns"},"content":{"rendered":"\n<p>Wir, Ann &amp; Jan, sind die Gastgeber w\u00e4hrend eures Aufenthalts bei ScraB&amp;Ble.  <\/p>\n\n<p>Wir leben hier seit 2017. Bald darauf verlie\u00dfen unsere drei Kinder das Nest. Dadurch wurden R\u00e4ume frei und wir konnten unser B&amp;B er\u00f6ffnen. Gemeinsam haben wir schon in allen Provinzen gelebt, aber hier in Weert haben wir Ruhe, Frieden und Natur gefunden.<\/p>\n\n<figure class=\"wp-block-image size-large\"><img decoding=\"async\" width=\"1024\" height=\"683\" data-src=\"https:\/\/scrabble-it.com\/wp-content\/uploads\/2023\/10\/Scrabble-161-web-1024x683.jpg\" alt=\"\" class=\"wp-image-633 lazyload\" data-srcset=\"https:\/\/scrabble-it.com\/wp-content\/uploads\/2023\/10\/Scrabble-161-web-1024x683.jpg 1024w, https:\/\/scrabble-it.com\/wp-content\/uploads\/2023\/10\/Scrabble-161-web-300x200.jpg 300w, https:\/\/scrabble-it.com\/wp-content\/uploads\/2023\/10\/Scrabble-161-web-768x512.jpg 768w, https:\/\/scrabble-it.com\/wp-content\/uploads\/2023\/10\/Scrabble-161-web-600x400.jpg 600w, https:\/\/scrabble-it.com\/wp-content\/uploads\/2023\/10\/Scrabble-161-web.jpg 1400w\" data-sizes=\"(max-width: 1024px) 100vw, 1024px\" src=\"data:image\/svg+xml;base64,PHN2ZyB3aWR0aD0iMSIgaGVpZ2h0PSIxIiB4bWxucz0iaHR0cDovL3d3dy53My5vcmcvMjAwMC9zdmciPjwvc3ZnPg==\" style=\"--smush-placeholder-width: 1024px; --smush-placeholder-aspect-ratio: 1024\/683;\" \/><\/figure>\n\n<div style=\"height:25px\" aria-hidden=\"true\" class=\"wp-block-spacer\"><\/div>\n\n<h4 class=\"wp-block-heading\">Woher kommt der Name ScraB&amp;Ble?<\/h4>\n\n<p>Scrabble-IT ist der Name von Jans Unternehmen. Scrabble war schon immer ein Wortspiel, das wir gerne gespielt haben, einschlie\u00dflich der damit verbundenen Emotionen und Diskussionen. Aber es gibt uns auch eine gewisse Flexibilit\u00e4t. Bei Scrabble k\u00f6nnen Sie fast alle W\u00f6rter bilden, die Sie wollen, was sofort auf die Flexibilit\u00e4t des Spiels hinweist. Dem Rattenrennen entkommen, sich mit Dingen besch\u00e4ftigen, die wirklich wichtig sind (zumindest glauben wir das). Nachstehend finden Sie ein Beispiel. Scrabble-IT&#8217;s IT bezieht sich nicht nur auf &#8216;scrabble it&#8217;, sondern auch auf den Sektor, in dem Jan fr\u00fcher gearbeitet hat und gelegentlich noch arbeitet.  <\/p>\n\n<figure class=\"wp-block-image size-large\"><img decoding=\"async\" width=\"732\" height=\"1024\" data-src=\"https:\/\/scrabble-it.com\/wp-content\/uploads\/2024\/04\/6617c0ae4118d-Medium-732x1024.jpg\" alt=\"\" class=\"wp-image-960 lazyload\" data-srcset=\"https:\/\/scrabble-it.com\/wp-content\/uploads\/2024\/04\/6617c0ae4118d-Medium-732x1024.jpg 732w, https:\/\/scrabble-it.com\/wp-content\/uploads\/2024\/04\/6617c0ae4118d-Medium-214x300.jpg 214w, https:\/\/scrabble-it.com\/wp-content\/uploads\/2024\/04\/6617c0ae4118d-Medium-429x600.jpg 429w, https:\/\/scrabble-it.com\/wp-content\/uploads\/2024\/04\/6617c0ae4118d-Medium.jpg 768w\" data-sizes=\"(max-width: 732px) 100vw, 732px\" src=\"data:image\/svg+xml;base64,PHN2ZyB3aWR0aD0iMSIgaGVpZ2h0PSIxIiB4bWxucz0iaHR0cDovL3d3dy53My5vcmcvMjAwMC9zdmciPjwvc3ZnPg==\" style=\"--smush-placeholder-width: 732px; --smush-placeholder-aspect-ratio: 732\/1024;\" \/><\/figure>\n","protected":false},"excerpt":{"rendered":"<p>Wir, Ann &amp; Jan, sind die Gastgeber w\u00e4hrend eures Aufenthalts bei ScraB&amp;Ble. Wir leben hier seit 2017. Bald darauf verlie\u00dfen [&hellip;]<\/p>\n","protected":false},"author":1,"featured_media":959,"parent":0,"menu_order":0,"comment_status":"closed","ping_status":"closed","template":"","meta":{"site-sidebar-layout":"default","site-content-layout":"","ast-site-content-layout":"default","site-content-style":"default","site-sidebar-style":"default","ast-global-header-display":"","ast-banner-title-visibility":"","ast-main-header-display":"","ast-hfb-above-header-display":"","ast-hfb-below-header-display":"","ast-hfb-mobile-header-display":"","site-post-title":"","ast-breadcrumbs-content":"","ast-featured-img":"","footer-sml-layout":"","ast-disable-related-posts":"","theme-transparent-header-meta":"","adv-header-id-meta":"","stick-header-meta":"","header-above-stick-meta":"","header-main-stick-meta":"","header-below-stick-meta":"","astra-migrate-meta-layouts":"default","ast-page-background-enabled":"default","ast-page-background-meta":{"desktop":{"background-color":"var(--ast-global-color-5)","background-image":"","background-repeat":"repeat","background-position":"center center","background-size":"auto","background-attachment":"scroll","background-type":"","background-media":"","overlay-type":"","overlay-color":"","overlay-opacity":"","overlay-gradient":""},"tablet":{"background-color":"","background-image":"","background-repeat":"repeat","background-position":"center center","background-size":"auto","background-attachment":"scroll","background-type":"","background-media":"","overlay-type":"","overlay-color":"","overlay-opacity":"","overlay-gradient":""},"mobile":{"background-color":"","background-image":"","background-repeat":"repeat","background-position":"center center","background-size":"auto","background-attachment":"scroll","background-type":"","background-media":"","overlay-type":"","overlay-color":"","overlay-opacity":"","overlay-gradient":""}},"ast-content-background-meta":{"desktop":{"background-color":"var(--ast-global-color-4)","background-image":"","background-repeat":"repeat","background-position":"center center","background-size":"auto","background-attachment":"scroll","background-type":"","background-media":"","overlay-type":"","overlay-color":"","overlay-opacity":"","overlay-gradient":""},"tablet":{"background-color":"var(--ast-global-color-4)","background-image":"","background-repeat":"repeat","background-position":"center center","background-size":"auto","background-attachment":"scroll","background-type":"","background-media":"","overlay-type":"","overlay-color":"","overlay-opacity":"","overlay-gradient":""},"mobile":{"background-color":"var(--ast-global-color-4)","background-image":"","background-repeat":"repeat","background-position":"center center","background-size":"auto","background-attachment":"scroll","background-type":"","background-media":"","overlay-type":"","overlay-color":"","overlay-opacity":"","overlay-gradient":""}},"footnotes":""},"class_list":["post-969","page","type-page","status-publish","has-post-thumbnail","hentry"],"aioseo_notices":[],"_links":{"self":[{"href":"https:\/\/scrabble-it.com\/de\/wp-json\/wp\/v2\/pages\/969","targetHints":{"allow":["GET"]}}],"collection":[{"href":"https:\/\/scrabble-it.com\/de\/wp-json\/wp\/v2\/pages"}],"about":[{"href":"https:\/\/scrabble-it.com\/de\/wp-json\/wp\/v2\/types\/page"}],"author":[{"embeddable":true,"href":"https:\/\/scrabble-it.com\/de\/wp-json\/wp\/v2\/users\/1"}],"replies":[{"embeddable":true,"href":"https:\/\/scrabble-it.com\/de\/wp-json\/wp\/v2\/comments?post=969"}],"version-history":[{"count":3,"href":"https:\/\/scrabble-it.com\/de\/wp-json\/wp\/v2\/pages\/969\/revisions"}],"predecessor-version":[{"id":978,"href":"https:\/\/scrabble-it.com\/de\/wp-json\/wp\/v2\/pages\/969\/revisions\/978"}],"wp:featuredmedia":[{"embeddable":true,"href":"https:\/\/scrabble-it.com\/de\/wp-json\/wp\/v2\/media\/959"}],"wp:attachment":[{"href":"https:\/\/scrabble-it.com\/de\/wp-json\/wp\/v2\/media?parent=969"}],"curies":[{"name":"wp","href":"https:\/\/api.w.org\/{rel}","templated":true}]}}