{"id":724,"date":"2024-02-28T09:46:06","date_gmt":"2024-02-28T09:46:06","guid":{"rendered":"https:\/\/scrabble-it.com\/essen-und-trinken-in-der-nachbarschaft\/"},"modified":"2025-02-11T12:54:48","modified_gmt":"2025-02-11T12:54:48","slug":"essen-und-trinken-in-der-nachbarschaft","status":"publish","type":"page","link":"https:\/\/scrabble-it.com\/de\/essen-und-trinken-in-der-nachbarschaft\/","title":{"rendered":"Essen und Trinken in der Nachbarschaft"},"content":{"rendered":"\n<p>Nachstehend finden Sie eine Auswahl von Restaurants und Caf\u00e9s in der N\u00e4he. Die Entfernung in Metern ist die Entfernung zu Fu\u00df von <strong>ScraB&amp;Ble<\/strong>. Wir haben die Preisangaben von Google \u00fcbernommen. Die Er\u00f6ffnungstage sind indikativ. Die aktuellen Termine und \u00d6ffnungszeiten finden Sie immer \u00fcber den Link. Wir empfehlen, f\u00fcr die Wochenenden unbedingt zu reservieren. Viele der gastronomischen Betriebe sind am Freitag und Samstag ausgebucht.<\/p>\n\n<p>Die Reihenfolge richtet sich mehr oder weniger nach der Entfernung und nach (Teil-)Gemeinden<\/p>\n\n<h3 class=\"wp-block-heading\">Zu Fu\u00df erreichbar \/ in Weert<\/h3>\n\n<p>Jeden Tag etwas Sch\u00f6nes zu essen und zu trinken in der Nachbarschaft finden!<\/p>\n\n<figure class=\"wp-block-table\"><table><tbody><tr><td>Name<\/td><td>Entfernung (m)<\/td><td>Ma<\/td><td>Di<\/td><td>Mi<\/td><td>Do<\/td><td>Fr<\/td><td>Za<\/td><td>Also<\/td><td>Kommentare<\/td><td>Preis<\/td><\/tr><tr><td><a href=\"https:\/\/www.google.com\/maps\/place\/Groenendijk+Weert\/@51.103953,4.1952797,16z\/data=!4m14!1m7!3m6!1s0x47c39278b71040e7:0xfe3bbffd598a888a!2sGroenendijk+Weert!8m2!3d51.1034888!4d4.1901162!16s%2Fg%2F1tq4q7jb!3m5!1s0x47c39278b71040e7:0xfe3bbffd598a888a!8m2!3d51.1034888!4d4.1901162!16s%2Fg%2F1tq4q7jb?entry=ttu\" target=\"_blank\" rel=\"noopener\" title=\"\">Groenendijk Weert<\/a><\/td><td>250<\/td><td>X<\/td><td>X<\/td><td>X<\/td><td>O<\/td><td>O<\/td><td>O<\/td><td>O<\/td><td>Vegane Auszeichnung!<\/td><td>\u20ac\u20ac<\/td><\/tr><tr><td><a href=\"https:\/\/www.google.com\/maps\/place\/Taverne+Oud+Gemeentehuis\/@51.1040728,4.1962988,15.75z\/data=!4m14!1m7!3m6!1s0x47c39278b71040e7:0xfe3bbffd598a888a!2sGroenendijk+Weert!8m2!3d51.1034888!4d4.1901162!16s%2Fg%2F1tq4q7jb!3m5!1s0x47c3927efc8a5d41:0xdff706c0cf4f313!8m2!3d51.1016906!4d4.1928143!16s%2Fg%2F11cs2wx0tm?entry=ttu\" target=\"_blank\" rel=\"noopener\" title=\"\">Taverne Oud Gemeentehuis<\/a><\/td><td>550<\/td><td>O<\/td><td>X<\/td><td>O<\/td><td>O<\/td><td>O<\/td><td>O<\/td><td>O<\/td><td><\/td><td>\u20ac\u20ac<\/td><\/tr><tr><td><a href=\"https:\/\/www.google.com\/maps\/place\/Skaldu\/@51.1044989,4.2003729,15z\/data=!4m14!1m7!3m6!1s0x47c39278b71040e7:0xfe3bbffd598a888a!2sGroenendijk+Weert!8m2!3d51.1034888!4d4.1901162!16s%2Fg%2F1tq4q7jb!3m5!1s0x47c393ab26407e17:0x527ea5280ff1efe3!8m2!3d51.1025933!4d4.1951582!16s%2Fg%2F11ll1gqrmq?entry=ttu\" target=\"_blank\" rel=\"noopener\" title=\"\">Skaldu<\/a><\/td><td>700<\/td><td>O<\/td><td>O<\/td><td>X<\/td><td>O<\/td><td>O<\/td><td>O<\/td><td>O<\/td><td><\/td><td>\u20ac\u20ac<\/td><\/tr><tr><td><a href=\"https:\/\/www.google.com\/maps\/place\/''t+Sas'\/@51.1165963,4.2115094,16z\/data=!4m14!1m7!3m6!1s0x47c39278b71040e7:0xfe3bbffd598a888a!2sGroenendijk+Weert!8m2!3d51.1034888!4d4.1901162!16s%2Fg%2F1tq4q7jb!3m5!1s0x47c38d6e8bede03d:0xfe7d8bb26d1e52a!8m2!3d51.1184085!4d4.2157037!16s%2Fg%2F1pxw5nyr3?entry=ttu\" target=\"_blank\" rel=\"noopener\" title=\"\">&#8216;t Sas<\/a><\/td><td>2450<\/td><td>X<\/td><td>X<\/td><td>X<\/td><td>O<\/td><td>O<\/td><td>O<\/td><td>O<\/td><td><\/td><td>\u20ac\u20ac<\/td><\/tr><tr><td><a href=\"https:\/\/www.google.com\/maps\/place\/De+Zilverreiger+vzw+Streek-+en+Vlechtmuseum+van+Klein-Brabant\/@51.1045123,4.192734,16z\/data=!4m14!1m7!3m6!1s0x47c39278b71040e7:0xfe3bbffd598a888a!2sGroenendijk+Weert!8m2!3d51.1034888!4d4.1901162!16s%2Fg%2F1tq4q7jb!3m5!1s0x47c3927f3c7ef75d:0x1994150667e63bc2!8m2!3d51.102859!4d4.1911319!16s%2Fg%2F1td7b9qc?entry=ttu\" target=\"_blank\" rel=\"noopener\" title=\"\">Museum-K-F\u00e9 v\/d Zilverreiger<\/a><\/td><td>350<\/td><td>X<\/td><td>O<\/td><td>O<\/td><td>O<\/td><td>X<\/td><td>O<\/td><td>O<\/td><td>nur in der Saison (1\/3 bis 1\/11), nur Getr\u00e4nke<\/td><td>\u20ac\u20ac<\/td><\/tr><\/tbody><\/table><\/figure>\n\n<h3 class=\"wp-block-heading\">In Temse (gleich hinter der Br\u00fccke)<\/h3>\n\n<figure class=\"wp-block-table\"><table><tbody><tr><td>Name<\/td><td>Entfernung (m)<\/td><td>Ma<\/td><td>Di<\/td><td>Mi<\/td><td>Do<\/td><td>Fr<\/td><td>Za<\/td><td>Also<\/td><td>Kommentare<\/td><td>Preis<\/td><\/tr><tr><td><a href=\"https:\/\/www.google.com\/maps\/place\/Bar+Coup%C3%A9\/@51.1240952,4.2189311,16.5z\/data=!4m14!1m7!3m6!1s0x47c39278b71040e7:0xfe3bbffd598a888a!2sGroenendijk+Weert!8m2!3d51.1034888!4d4.1901162!16s%2Fg%2F1tq4q7jb!3m5!1s0x47c38d25820aeb8f:0xa4be3ed97e88ef61!8m2!3d51.1231534!4d4.2191289!16s%2Fg%2F11hzhdbryb?entry=ttu\" target=\"_blank\" rel=\"noopener\" title=\"\">Bar Coup\u00e9<\/a><\/td><td>3200<\/td><td>O<\/td><td>X<\/td><td>O<\/td><td>O<\/td><td>O<\/td><td>O<\/td><td>O<\/td><td>Manchmal nur Men\u00fc m\u00f6glich<\/td><td>\u20ac\u20ac<\/td><\/tr><tr><td><a href=\"https:\/\/www.google.com\/maps\/place\/Het+Moment+in+Temse\/@51.1262474,4.2204332,16.5z\/data=!4m14!1m7!3m6!1s0x47c39278b71040e7:0xfe3bbffd598a888a!2sGroenendijk+Weert!8m2!3d51.1034888!4d4.1901162!16s%2Fg%2F1tq4q7jb!3m5!1s0x47c38d14515518db:0xc3e525eafbea8e1f!8m2!3d51.1278319!4d4.222706!16s%2Fg%2F11b6c9wzn8?entry=ttu\" target=\"_blank\" rel=\"noopener\" title=\"\">Het Moment<\/a><\/td><td>3900<\/td><td>X<\/td><td>O<\/td><td>O<\/td><td>O<\/td><td>O<\/td><td>O<\/td><td>X<\/td><td>Denn wenn es ein bisschen mehr sein darf<\/td><td>\u20ac\u20ac\u20ac<\/td><\/tr><tr><td><a href=\"https:\/\/www.google.com\/maps\/place\/Kaai22\/@51.124906,4.2151215,15.25z\/data=!4m14!1m7!3m6!1s0x47c39278b71040e7:0xfe3bbffd598a888a!2sGroenendijk+Weert!8m2!3d51.1034888!4d4.1901162!16s%2Fg%2F1tq4q7jb!3m5!1s0x47c38d6cc074d605:0x7039acc86ac9507!8m2!3d51.1232254!4d4.2165509!16s%2Fg%2F11hbfj795x?entry=ttu\" target=\"_blank\" rel=\"noopener\" title=\"\">Kaai 22<\/a><\/td><td>3400<\/td><td>O<\/td><td>O<\/td><td>O<\/td><td>O<\/td><td>O<\/td><td>O<\/td><td>O<\/td><td>Es ist auch sch\u00f6n, dort einen Drink zu nehmen  <\/td><td>\u20ac\u20ac<\/td><\/tr><tr><td><a href=\"https:\/\/www.google.com\/maps\/place\/Bistro+De+Zaatman\/@51.1212637,4.2068152,16.5z\/data=!4m14!1m7!3m6!1s0x47c39278b71040e7:0xfe3bbffd598a888a!2sGroenendijk+Weert!8m2!3d51.1034888!4d4.1901162!16s%2Fg%2F1tq4q7jb!3m5!1s0x47c38d73048d3afd:0x3430b1a3db25e531!8m2!3d51.122513!4d4.20947!16s%2Fg%2F1pxwmf89d?entry=ttu\" target=\"_blank\" rel=\"noopener\" title=\"\">Bistro De Zaatman<\/a><\/td><td>4000<\/td><td>O<\/td><td>X<\/td><td>O<\/td><td>O<\/td><td>O<\/td><td>O<\/td><td>O<\/td><td><\/td><td>\u20ac\u20ac<\/td><\/tr><\/tbody><\/table><\/figure>\n\n<h3 class=\"wp-block-heading\">In Branst  <\/h3>\n\n<figure class=\"wp-block-table\"><table><tbody><tr><td>Name<\/td><td>Entfernung (m)<\/td><td>Ma<\/td><td>Di<\/td><td>Mi<\/td><td>Do<\/td><td>Fr<\/td><td>Za<\/td><td>Also<\/td><td>Kommentare<\/td><td>Preis<\/td><\/tr><tr><td><a href=\"https:\/\/www.google.com\/maps\/place\/Frituur+De+Frutbaron\/@51.0826043,4.1899103,16.5z\/data=!4m23!1m16!4m15!1m6!1m2!1s0x47c38d80997c857f:0xc897e9f9afb8794d!2sDijkstraat+4,+Bornem!2m2!1d4.1928735!2d51.1049112!1m6!1m2!1s0x47c392f372c38c93:0xceaf23bacf741b7e!2sBistro+de+Zandstuiver,+Luipegem+165,+2880+Bornem!2m2!1d4.2017858!2d51.0811746!3e2!3m5!1s0x47c392f40d4ab815:0x6417f1e93378cac4!8m2!3d51.0794119!4d4.1989252!16s%2Fg%2F11c5s70y3t?entry=ttu\" target=\"_blank\" rel=\"noopener\" title=\"\">De Frutbaron<\/a><\/td><td>3400<\/td><td>X<\/td><td>X<\/td><td>O<\/td><td>O<\/td><td>O<\/td><td>O<\/td><td>O<\/td><td>Pommesbude, Imbiss<\/td><td><\/td><\/tr><tr><td><a href=\"https:\/\/www.google.com\/maps\/place\/Bistro+de+Zandstuiver\/@51.0925198,4.1771054,14z\/data=!4m23!1m16!4m15!1m6!1m2!1s0x47c38d80997c857f:0xc897e9f9afb8794d!2sDijkstraat+4,+Bornem!2m2!1d4.1928735!2d51.1049112!1m6!1m2!1s0x47c392f372c38c93:0xceaf23bacf741b7e!2sBistro+de+Zandstuiver,+Luipegem+165,+2880+Bornem!2m2!1d4.2017858!2d51.0811746!3e2!3m5!1s0x47c392f372c38c93:0xceaf23bacf741b7e!8m2!3d51.0811746!4d4.2017858!16s%2Fg%2F11cjj580pm?entry=ttu\" target=\"_blank\" rel=\"noopener\" title=\"\">De Zandstuiver<\/a><\/td><td>3400<\/td><td>X<\/td><td>O<\/td><td>O<\/td><td>O<\/td><td>O<\/td><td>O<\/td><td>O<\/td><td><\/td><td>\u20ac\u20ac<\/td><\/tr><\/tbody><\/table><\/figure>\n\n<h3 class=\"wp-block-heading\">Im Buitenland (&#8220;Ausland&#8221;) (aber in der N\u00e4he)<\/h3>\n\n<figure class=\"wp-block-table\"><table><tbody><tr><td>Name<\/td><td>Entfernung (m)<\/td><td>Ma<\/td><td>Di<\/td><td>Mi<\/td><td>Do<\/td><td>Fr<\/td><td>Za<\/td><td>Also<\/td><td>Kommentare<\/td><td>Preis<\/td><\/tr><tr><td><a href=\"https:\/\/www.google.com\/maps\/place\/L'Etranger\/@51.1156869,4.2221876,16z\/data=!4m14!1m7!3m6!1s0x47c39278b71040e7:0xfe3bbffd598a888a!2sGroenendijk+Weert!8m2!3d51.1034888!4d4.1901162!16s%2Fg%2F1tq4q7jb!3m5!1s0x47c38d44ee3d88db:0x3baf36f3245a82b4!8m2!3d51.1156295!4d4.232442!16s%2Fg%2F11bzx25t70?entry=ttu\" target=\"_blank\" rel=\"noopener\" title=\"\">L&#8217;\u00e9tranger<\/a><\/td><td>4100<\/td><td>X<\/td><td>X<\/td><td>O<\/td><td>O<\/td><td>O<\/td><td>O<\/td><td>O<\/td><td><\/td><td>\u20ac\u20ac<\/td><\/tr><\/tbody><\/table><\/figure>\n\n<h3 class=\"wp-block-heading\">In Bornem (unserer Hauptgemeinde)<\/h3>\n\n<figure class=\"wp-block-table\"><table><tbody><tr><td>Name<\/td><td>Entfernung (m)<\/td><td>Ma<\/td><td>Di<\/td><td>Mi<\/td><td>Do<\/td><td>Fr<\/td><td>Za<\/td><td>Also<\/td><td>Kommentare<\/td><td>Preis<\/td><\/tr><tr><td><a href=\"https:\/\/www.google.com\/maps\/place\/De+Cluyse\/@51.0908893,4.2396236,16.25z\/data=!4m17!1m7!3m6!1s0x47c39278b71040e7:0xfe3bbffd598a888a!2sGroenendijk+Weert!8m2!3d51.1034888!4d4.1901162!16s%2Fg%2F1tq4q7jb!3m8!1s0x47c3ed4eb17389f3:0xbe03a693ad7b2c54!5m2!4m1!1i2!8m2!3d51.088918!4d4.251129!16s%2Fg%2F1tgm2082?entry=ttu\" target=\"_blank\" rel=\"noopener\" title=\"\">De Cluyse<\/a><\/td><td>6900<\/td><td>X<\/td><td>O<\/td><td>O<\/td><td>O<\/td><td>O<\/td><td>O<\/td><td>O<\/td><td><\/td><td>\u20ac\u20ac<\/td><\/tr><tr><td><a href=\"https:\/\/www.google.com\/maps\/place\/Biestro+H-eat\/@51.0979747,4.2343395,16.25z\/data=!4m14!1m7!3m6!1s0x47c39278b71040e7:0xfe3bbffd598a888a!2sGroenendijk+Weert!8m2!3d51.1034888!4d4.1901162!16s%2Fg%2F1tq4q7jb!3m5!1s0x47c392aad0e4dfbd:0xba7fd7012716dd32!8m2!3d51.1001816!4d4.2462134!16s%2Fg%2F1tscn4st?entry=ttu\" target=\"_blank\" rel=\"noopener\" title=\"\">Biestro H-Eat<\/a><\/td><td>5800<\/td><td>X<\/td><td>O<\/td><td>O<\/td><td>O<\/td><td>O<\/td><td>O<\/td><td>X<\/td><td><\/td><td>\u20ac\u20ac<\/td><\/tr><tr><td><a href=\"https:\/\/www.google.com\/maps\/place\/Bast+Bornem\/@51.0979747,4.2343395,16.25z\/data=!4m14!1m7!3m6!1s0x47c39278b71040e7:0xfe3bbffd598a888a!2sGroenendijk+Weert!8m2!3d51.1034888!4d4.1901162!16s%2Fg%2F1tq4q7jb!3m5!1s0x47c393a76cadcdcd:0x24bd900eff41c4a8!8m2!3d51.1000702!4d4.2340799!16s%2Fg%2F11rm_yqwjx?entry=ttu\" target=\"_blank\" rel=\"noopener\" title=\"\">Bast<\/a><\/td><td>5200<\/td><td>O<\/td><td>X<\/td><td>O<\/td><td>O<\/td><td>O<\/td><td>O<\/td><td>O<\/td><td><\/td><td>\u20ac\u20ac (?)<\/td><\/tr><tr><td><a href=\"https:\/\/www.google.com\/maps\/place\/Cultuurcaf%C3%A9+Bornem\/@51.0943995,4.2318198,19.75z\/data=!4m14!1m7!3m6!1s0x47c39278b71040e7:0xfe3bbffd598a888a!2sGroenendijk+Weert!8m2!3d51.1034888!4d4.1901162!16s%2Fg%2F1tq4q7jb!3m5!1s0x47c392a56cc96371:0x9b4e5ae08a9610d0!8m2!3d51.0943612!4d4.2319251!16s%2Fg%2F11gbzcfrc1?entry=ttu\" target=\"_blank\" rel=\"noopener\" title=\"\">Kulturcaf\u00e9 (cc Ter Dilft)<\/a><\/td><td>5200<\/td><td>O<\/td><td>O<\/td><td>O<\/td><td>O<\/td><td>O<\/td><td>O<\/td><td>X<\/td><td>auch um etwas zu trinken<\/td><td>\u20ac\u20ac<\/td><\/tr><tr><td><a href=\"https:\/\/www.google.com\/maps\/place\/Bij+de+Moemoe\/@51.0992214,4.2348763,18.5z\/data=!4m14!1m7!3m6!1s0x47c39278b71040e7:0xfe3bbffd598a888a!2sGroenendijk+Weert!8m2!3d51.1034888!4d4.1901162!16s%2Fg%2F1tq4q7jb!3m5!1s0x47c3934b75cc9dd1:0x413726692ad58618!8m2!3d51.0996183!4d4.2360182!16s%2Fg%2F11t2w635_5?entry=ttu\" target=\"_blank\" rel=\"noopener\" title=\"\">Bij de Moemoe<\/a><\/td><td>5400<\/td><td>X<\/td><td>O<\/td><td>X<\/td><td>O<\/td><td>O<\/td><td>O<\/td><td>O<\/td><td><\/td><td>\u20ac\u20ac<\/td><\/tr><tr><td><a href=\"https:\/\/www.google.com\/maps\/place\/Castel+Sardo\/@51.1003347,4.2356678,17.75z\/data=!4m14!1m7!3m6!1s0x47c39278b71040e7:0xfe3bbffd598a888a!2sGroenendijk+Weert!8m2!3d51.1034888!4d4.1901162!16s%2Fg%2F1tq4q7jb!3m5!1s0x47c392a7d5f9751d:0xce0ae9d5309b79f8!8m2!3d51.100633!4d4.23447!16s%2Fg%2F1tg8hx63?entry=ttu\" target=\"_blank\" rel=\"noopener\" title=\"\">Castel Sardo<\/a><\/td><td>5100<\/td><td>O<\/td><td>X<\/td><td>O<\/td><td>O<\/td><td>O<\/td><td>O<\/td><td>O<\/td><td><\/td><td>\u20ac\u20ac<\/td><\/tr><tr><td><a href=\"https:\/\/www.google.com\/maps\/place\/Pub+De+Hopschuur\/@51.0992214,4.2348763,18.5z\/data=!4m14!1m7!3m6!1s0x47c39278b71040e7:0xfe3bbffd598a888a!2sGroenendijk+Weert!8m2!3d51.1034888!4d4.1901162!16s%2Fg%2F1tq4q7jb!3m5!1s0x47c392a8c4efb4cf:0xbb492f1b9570fd!8m2!3d51.099613!4d4.2365444!16s%2Fg%2F11crylgc6b?entry=ttu\" target=\"_blank\" rel=\"noopener\" title=\"\">Pub De Hopschuur<\/a><\/td><td>5300<\/td><td>O<\/td><td>X<\/td><td>O<\/td><td>O<\/td><td>O<\/td><td>O<\/td><td>O<\/td><td>Caf\u00e9<\/td><td><\/td><\/tr><\/tbody><\/table><\/figure>\n\n<h3 class=\"wp-block-heading\">In Sint-Amands (Bezirk Puurs)<\/h3>\n\n<figure class=\"wp-block-table\"><table><tbody><tr><td>Name<\/td><td>Entfernung (m)<\/td><td>Ma<\/td><td>Di<\/td><td>Mi<\/td><td>Do<\/td><td>Fr<\/td><td>Za<\/td><td>Also<\/td><td>Kommentare<\/td><td>Preis<\/td><\/tr><tr><td><a href=\"https:\/\/www.google.com\/maps\/place\/Restaurant+Rollier\/@51.0597275,4.1931203,15z\/data=!4m14!1m7!3m6!1s0x47c39278b71040e7:0xfe3bbffd598a888a!2sGroenendijk+Weert!8m2!3d51.1034888!4d4.1901162!16s%2Fg%2F1tq4q7jb!3m5!1s0x47c393034a050237:0xc5e500d89cc51fbd!8m2!3d51.0577232!4d4.202227!16s%2Fg%2F11clzh58rf?entry=ttu\" target=\"_blank\" rel=\"noopener\" title=\"\">Rollier<\/a><\/td><td>6100<\/td><td>O<\/td><td>X<\/td><td>O<\/td><td>O<\/td><td>O<\/td><td>O<\/td><td>O<\/td><td>Denn wenn es ein bisschen mehr sein darf<\/td><td>\u20ac\u20ac\u20ac<\/td><\/tr><tr><td><a href=\"https:\/\/www.google.com\/maps\/place\/Bistro+Lara+Louise\/@51.0555961,4.2039765,17.25z\/data=!4m14!1m7!3m6!1s0x47c39278b71040e7:0xfe3bbffd598a888a!2sGroenendijk+Weert!8m2!3d51.1034888!4d4.1901162!16s%2Fg%2F1tq4q7jb!3m5!1s0x47c39304b04f51f1:0x65464e96b598320!8m2!3d51.0564939!4d4.2022988!16s%2Fg%2F11b69dr6m0?entry=ttu\" target=\"_blank\" rel=\"noopener\" title=\"\">Bistro Laura Louise<\/a><\/td><td>6300<\/td><td>O<\/td><td>X<\/td><td>X<\/td><td>O<\/td><td>O<\/td><td>O<\/td><td>O<\/td><td><\/td><td>\u20ac\u20ac<\/td><\/tr><tr><td><a href=\"https:\/\/www.google.com\/maps\/place\/Den+Amandus\/@51.0528117,4.1989964,17.25z\/data=!4m14!1m7!3m6!1s0x47c39278b71040e7:0xfe3bbffd598a888a!2sGroenendijk+Weert!8m2!3d51.1034888!4d4.1901162!16s%2Fg%2F1tq4q7jb!3m5!1s0x47c393f800ca3595:0xf30a19c01199d5a5!8m2!3d51.0520094!4d4.197567!16s%2Fg%2F11g0qjvzr0?entry=ttu\" target=\"_blank\" rel=\"noopener\" title=\"\">Den Amandus<\/a><\/td><td>7000<\/td><td>O<\/td><td>O<\/td><td>X<\/td><td>X<\/td><td>O<\/td><td>O<\/td><td>O<\/td><td><\/td><td>\u20ac\u20ac<\/td><\/tr><\/tbody><\/table><\/figure>\n\n<h3 class=\"wp-block-heading\">In Hingene (ein anderes Dorf am Ende der Stra\u00dfe)<\/h3>\n\n<figure class=\"wp-block-table\"><table><tbody><tr><td>Name<\/td><td>Entfernung (m)<\/td><td>Ma<\/td><td>Di<\/td><td>Mi<\/td><td>Do<\/td><td>Fr<\/td><td>Za<\/td><td>Also<\/td><td>Kommentare<\/td><td>Preis<\/td><\/tr><tr><td><a href=\"https:\/\/www.google.com\/maps\/place\/In+d%E2%80%99Oude+Poort\/@51.1117265,4.2694374,16z\/data=!4m14!1m7!3m6!1s0x47c39278b71040e7:0xfe3bbffd598a888a!2sGroenendijk+Weert!8m2!3d51.1034888!4d4.1901162!16s%2Fg%2F1tq4q7jb!3m5!1s0x47c3f2a23bcb0b0d:0xc4617728ec16b394!8m2!3d51.1077565!4d4.271033!16s%2Fg%2F11b724fjp0?entry=ttu\" target=\"_blank\" rel=\"noopener\" title=\"\">In d&#8217;Oude Poort<\/a><\/td><td>7600<\/td><td>X<\/td><td>X<\/td><td>O<\/td><td>O<\/td><td>O<\/td><td>O<\/td><td>O<\/td><td><\/td><td>\u20ac\u20ac<\/td><\/tr><\/tbody><\/table><\/figure>\n\n<p><\/p>\n","protected":false},"excerpt":{"rendered":"<p>Nachstehend finden Sie eine Auswahl von Restaurants und Caf\u00e9s in der N\u00e4he. Die Entfernung in Metern ist die Entfernung zu Fu\u00df von ScraB&amp;Ble . Wir haben die Preisangaben von Google \u00fcbernommen. Die Er\u00f6ffnungstage sind indikativ. Die aktuellen Termine und \u00d6ffnungszeiten finden Sie immer \u00fcber den Link. Wir empfehlen, f\u00fcr die Wochenenden unbedingt zu reservieren. Viele der gastronomischen Betriebe sind am Freitag und Samstag ausgebucht.<\/p>\n","protected":false},"author":1,"featured_media":719,"parent":0,"menu_order":0,"comment_status":"closed","ping_status":"closed","template":"","meta":{"site-sidebar-layout":"default","site-content-layout":"","ast-site-content-layout":"default","site-content-style":"default","site-sidebar-style":"default","ast-global-header-display":"","ast-banner-title-visibility":"","ast-main-header-display":"","ast-hfb-above-header-display":"","ast-hfb-below-header-display":"","ast-hfb-mobile-header-display":"","site-post-title":"","ast-breadcrumbs-content":"","ast-featured-img":"","footer-sml-layout":"","ast-disable-related-posts":"","theme-transparent-header-meta":"","adv-header-id-meta":"","stick-header-meta":"","header-above-stick-meta":"","header-main-stick-meta":"","header-below-stick-meta":"","astra-migrate-meta-layouts":"default","ast-page-background-enabled":"default","ast-page-background-meta":{"desktop":{"background-color":"var(--ast-global-color-5)","background-image":"","background-repeat":"repeat","background-position":"center center","background-size":"auto","background-attachment":"scroll","background-type":"","background-media":"","overlay-type":"","overlay-color":"","overlay-opacity":"","overlay-gradient":""},"tablet":{"background-color":"","background-image":"","background-repeat":"repeat","background-position":"center center","background-size":"auto","background-attachment":"scroll","background-type":"","background-media":"","overlay-type":"","overlay-color":"","overlay-opacity":"","overlay-gradient":""},"mobile":{"background-color":"","background-image":"","background-repeat":"repeat","background-position":"center center","background-size":"auto","background-attachment":"scroll","background-type":"","background-media":"","overlay-type":"","overlay-color":"","overlay-opacity":"","overlay-gradient":""}},"ast-content-background-meta":{"desktop":{"background-color":"var(--ast-global-color-4)","background-image":"","background-repeat":"repeat","background-position":"center center","background-size":"auto","background-attachment":"scroll","background-type":"","background-media":"","overlay-type":"","overlay-color":"","overlay-opacity":"","overlay-gradient":""},"tablet":{"background-color":"var(--ast-global-color-4)","background-image":"","background-repeat":"repeat","background-position":"center center","background-size":"auto","background-attachment":"scroll","background-type":"","background-media":"","overlay-type":"","overlay-color":"","overlay-opacity":"","overlay-gradient":""},"mobile":{"background-color":"var(--ast-global-color-4)","background-image":"","background-repeat":"repeat","background-position":"center center","background-size":"auto","background-attachment":"scroll","background-type":"","background-media":"","overlay-type":"","overlay-color":"","overlay-opacity":"","overlay-gradient":""}},"footnotes":""},"class_list":["post-724","page","type-page","status-publish","has-post-thumbnail","hentry"],"aioseo_notices":[],"_links":{"self":[{"href":"https:\/\/scrabble-it.com\/de\/wp-json\/wp\/v2\/pages\/724","targetHints":{"allow":["GET"]}}],"collection":[{"href":"https:\/\/scrabble-it.com\/de\/wp-json\/wp\/v2\/pages"}],"about":[{"href":"https:\/\/scrabble-it.com\/de\/wp-json\/wp\/v2\/types\/page"}],"author":[{"embeddable":true,"href":"https:\/\/scrabble-it.com\/de\/wp-json\/wp\/v2\/users\/1"}],"replies":[{"embeddable":true,"href":"https:\/\/scrabble-it.com\/de\/wp-json\/wp\/v2\/comments?post=724"}],"version-history":[{"count":9,"href":"https:\/\/scrabble-it.com\/de\/wp-json\/wp\/v2\/pages\/724\/revisions"}],"predecessor-version":[{"id":785,"href":"https:\/\/scrabble-it.com\/de\/wp-json\/wp\/v2\/pages\/724\/revisions\/785"}],"wp:featuredmedia":[{"embeddable":true,"href":"https:\/\/scrabble-it.com\/de\/wp-json\/wp\/v2\/media\/719"}],"wp:attachment":[{"href":"https:\/\/scrabble-it.com\/de\/wp-json\/wp\/v2\/media?parent=724"}],"curies":[{"name":"wp","href":"https:\/\/api.w.org\/{rel}","templated":true}]}}