{"id":420,"date":"2023-03-06T11:10:35","date_gmt":"2023-03-06T11:10:35","guid":{"rendered":"https:\/\/scrabble-it.com\/index.php\/was-ist-zu-tun\/"},"modified":"2025-03-10T09:21:53","modified_gmt":"2025-03-10T09:21:53","slug":"was-ist-zu-tun","status":"publish","type":"page","link":"https:\/\/scrabble-it.com\/de\/was-ist-zu-tun\/","title":{"rendered":"Was ist zu tun? Aktivit\u00e4ten in und um Scrabble"},"content":{"rendered":"\n<p>Was ist zu tun? Sowohl kulturelle als auch naturbezogene Aktivit\u00e4ten in und um Scrabble!<\/p>\n\n<h4 class=\"wp-block-heading\">Kulturelle Aktivit\u00e4ten<\/h4>\n\n<p>F\u00fcr kulturelle Aktivit\u00e4ten in der N\u00e4he surfen Sie am besten zu <a href=\"https:\/\/www.uitinvlaanderen.be\/agenda\/alle\/2880-bornem\" target=\"_blank\" rel=\"noreferrer noopener\">UItInVlaanderen<\/a>. Dort finden Sie alles in unmittelbarer N\u00e4he, aber auch etwas weiter entfernt (Temse und Puurs-Sint-Amands) gibt es ein reichhaltiges Angebot.<\/p>\n\n<h4 class=\"wp-block-heading\">Natur in und um Weert<\/h4>\n\n<p>In Klein-Brabant (Bornem \/ Puurs-Sint-Amands) gibt es viel Natur. Die besten Seiten, um etwas \u00fcber unsere Natur zu erfahren, sind:<\/p>\n\n<ul class=\"wp-block-list\">\n<li><a href=\"https:\/\/natuurgidsen-klein-brabant.com\/onze-territoria\/\" target=\"_blank\" rel=\"noreferrer noopener\">Naturf\u00fchrer Klein-Brabant<\/a><\/li>\n\n\n\n<li><a href=\"https:\/\/www.natuurpunt.be\/afdelingen\/natuurpunt-klein-brabant\/natuurgebieden\" target=\"_blank\" rel=\"noreferrer noopener\">Naturpunkt Klein-Brabant<\/a><\/li>\n\n\n\n<li><a href=\"https:\/\/www.natuurpunt.be\/afdelingen\/natuurpunt-rupelstreek\/ontdek-de-natuur\" target=\"_blank\" rel=\"noreferrer noopener\">Naturpunkt Rupel<\/a><\/li>\n<\/ul>\n\n<p>Lust auf einen Spaziergang oder eine Fahrradtour entlang der Sigma-Gebiete an der Schelde?  <\/p>\n\n<p>Fragen Sie uns oder buchen Sie es bereits bei der Buchung Ihrer Unterkunft. Ihr Gastgeber Jan f\u00fchrt Sie gerne durch die wunderbare Welt von Schelde, Sigma, Klima und Natur.<\/p>\n\n<h4 class=\"wp-block-heading\">Essen und Trinken in der Nachbarschaft<\/h4>\n\n<p>Das ist so viel, dass wir es auf eine <a href=\"https:\/\/scrabble-it.com\/de\/essen-und-trinken-in-der-nachbarschaft\/\" title=\"Essen und Trinken in der Nachbarschaft\">eigene Seite<\/a> gestellt haben<\/p>\n","protected":false},"excerpt":{"rendered":"<p>Was ist zu tun? Sowohl kulturelle als auch naturbezogene Aktivit\u00e4ten in und um Scrabble! Kulturelle Aktivit\u00e4ten F\u00fcr kulturelle Aktivit\u00e4ten in [&hellip;]<\/p>\n","protected":false},"author":1,"featured_media":0,"parent":0,"menu_order":0,"comment_status":"closed","ping_status":"closed","template":"","meta":{"site-sidebar-layout":"default","site-content-layout":"","ast-site-content-layout":"default","site-content-style":"default","site-sidebar-style":"default","ast-global-header-display":"","ast-banner-title-visibility":"","ast-main-header-display":"","ast-hfb-above-header-display":"","ast-hfb-below-header-display":"","ast-hfb-mobile-header-display":"","site-post-title":"","ast-breadcrumbs-content":"","ast-featured-img":"","footer-sml-layout":"","ast-disable-related-posts":"","theme-transparent-header-meta":"","adv-header-id-meta":"","stick-header-meta":"","header-above-stick-meta":"","header-main-stick-meta":"","header-below-stick-meta":"","astra-migrate-meta-layouts":"default","ast-page-background-enabled":"default","ast-page-background-meta":{"desktop":{"background-color":"var(--ast-global-color-5)","background-image":"","background-repeat":"repeat","background-position":"center center","background-size":"auto","background-attachment":"scroll","background-type":"","background-media":"","overlay-type":"","overlay-color":"","overlay-opacity":"","overlay-gradient":""},"tablet":{"background-color":"","background-image":"","background-repeat":"repeat","background-position":"center center","background-size":"auto","background-attachment":"scroll","background-type":"","background-media":"","overlay-type":"","overlay-color":"","overlay-opacity":"","overlay-gradient":""},"mobile":{"background-color":"","background-image":"","background-repeat":"repeat","background-position":"center center","background-size":"auto","background-attachment":"scroll","background-type":"","background-media":"","overlay-type":"","overlay-color":"","overlay-opacity":"","overlay-gradient":""}},"ast-content-background-meta":{"desktop":{"background-color":"var(--ast-global-color-4)","background-image":"","background-repeat":"repeat","background-position":"center center","background-size":"auto","background-attachment":"scroll","background-type":"","background-media":"","overlay-type":"","overlay-color":"","overlay-opacity":"","overlay-gradient":""},"tablet":{"background-color":"var(--ast-global-color-4)","background-image":"","background-repeat":"repeat","background-position":"center center","background-size":"auto","background-attachment":"scroll","background-type":"","background-media":"","overlay-type":"","overlay-color":"","overlay-opacity":"","overlay-gradient":""},"mobile":{"background-color":"var(--ast-global-color-4)","background-image":"","background-repeat":"repeat","background-position":"center center","background-size":"auto","background-attachment":"scroll","background-type":"","background-media":"","overlay-type":"","overlay-color":"","overlay-opacity":"","overlay-gradient":""}},"footnotes":""},"class_list":["post-420","page","type-page","status-publish","hentry"],"aioseo_notices":[],"_links":{"self":[{"href":"https:\/\/scrabble-it.com\/de\/wp-json\/wp\/v2\/pages\/420","targetHints":{"allow":["GET"]}}],"collection":[{"href":"https:\/\/scrabble-it.com\/de\/wp-json\/wp\/v2\/pages"}],"about":[{"href":"https:\/\/scrabble-it.com\/de\/wp-json\/wp\/v2\/types\/page"}],"author":[{"embeddable":true,"href":"https:\/\/scrabble-it.com\/de\/wp-json\/wp\/v2\/users\/1"}],"replies":[{"embeddable":true,"href":"https:\/\/scrabble-it.com\/de\/wp-json\/wp\/v2\/comments?post=420"}],"version-history":[{"count":6,"href":"https:\/\/scrabble-it.com\/de\/wp-json\/wp\/v2\/pages\/420\/revisions"}],"predecessor-version":[{"id":757,"href":"https:\/\/scrabble-it.com\/de\/wp-json\/wp\/v2\/pages\/420\/revisions\/757"}],"wp:attachment":[{"href":"https:\/\/scrabble-it.com\/de\/wp-json\/wp\/v2\/media?parent=420"}],"curies":[{"name":"wp","href":"https:\/\/api.w.org\/{rel}","templated":true}]}}