{"id":400,"date":"2023-02-20T16:34:44","date_gmt":"2023-02-20T16:34:44","guid":{"rendered":"https:\/\/scrabble-it.com\/index.php\/nachhaltigkeit\/wiederverwendung-und-recycling\/"},"modified":"2023-04-24T12:37:23","modified_gmt":"2023-04-24T12:37:23","slug":"wiederverwendung-und-recycling","status":"publish","type":"page","link":"https:\/\/scrabble-it.com\/de\/nachhaltigkeit\/wiederverwendung-und-recycling\/","title":{"rendered":"Wiederverwendung und Recycling"},"content":{"rendered":"\n<p>Wir sind gerne ein bisschen kreativ mit gebrauchten Sachen.  <\/p>\n\n<p>In unserem Haus gibt es zum Beispiel viele gebrauchte T\u00fcren, die jetzt als Schrankt\u00fcren verwendet werden. Wir haben \u00e4ltere M\u00f6bel mit einem Farbanstrich aufgepeppt (Tisch und TV-Schrank im G\u00e4stewohnzimmer).  <\/p>\n\n<p>Die K\u00fcchenschr\u00e4nke wurden &#8220;vintage&#8221; auf second-hand.be gekauft und dann versch\u00f6nert und integriert. Wir hatten 197 cm Platz, und wir fanden Schr\u00e4nke mit 80, 40, 40 und &#8230; 37cm. Also genau, ob es ma\u00dfgeschneidert war &#8230;<\/p>\n\n<p>Die Beleuchtung in den G\u00e4stezimmern ist &#8220;typisch&#8221; belgisch. Alte Biertonnen wurden dort zu neuem Leben erweckt und mit LED-Streifen best\u00fcckt.  <\/p>\n\n<p>Der Gro\u00dfteil des Geschirrs und der Dekoration wurde ebenfalls in Secondhandl\u00e4den gekauft.  <\/p>\n\n<p>Hoffentlich erhalten Sie hier einige Anregungen. Die Wiederverwendung von Dingen ist sogar besser als Recycling, da sie in vielen F\u00e4llen weniger energieintensiv ist. Lassen Sie uns wissen, was Ihre kreativen Ideen sind?<\/p>\n\n<p><\/p>\n\n<figure class=\"wp-block-image size-large\"><img decoding=\"async\" width=\"1024\" height=\"768\" data-src=\"https:\/\/scrabble-it.com\/wp-content\/uploads\/2023\/02\/2022-04-27-16.28.01-1024x768.jpg\" alt=\"\" class=\"wp-image-88 lazyload\" data-srcset=\"https:\/\/scrabble-it.com\/wp-content\/uploads\/2023\/02\/2022-04-27-16.28.01-1024x768.jpg 1024w, https:\/\/scrabble-it.com\/wp-content\/uploads\/2023\/02\/2022-04-27-16.28.01-300x225.jpg 300w, https:\/\/scrabble-it.com\/wp-content\/uploads\/2023\/02\/2022-04-27-16.28.01-768x576.jpg 768w, https:\/\/scrabble-it.com\/wp-content\/uploads\/2023\/02\/2022-04-27-16.28.01-1536x1152.jpg 1536w, https:\/\/scrabble-it.com\/wp-content\/uploads\/2023\/02\/2022-04-27-16.28.01-2048x1536.jpg 2048w\" data-sizes=\"(max-width: 1024px) 100vw, 1024px\" src=\"data:image\/svg+xml;base64,PHN2ZyB3aWR0aD0iMSIgaGVpZ2h0PSIxIiB4bWxucz0iaHR0cDovL3d3dy53My5vcmcvMjAwMC9zdmciPjwvc3ZnPg==\" style=\"--smush-placeholder-width: 1024px; --smush-placeholder-aspect-ratio: 1024\/768;\" \/><figcaption class=\"wp-element-caption\">Die alten K\u00fcchenschr\u00e4nke<\/figcaption><\/figure>\n\n<figure class=\"wp-block-table\"><table><tbody><tr><td class=\"has-text-align-center\" data-align=\"center\"><img decoding=\"async\" width=\"150\" height=\"113\" class=\"wp-image-92 lazyload\" style=\"--smush-placeholder-width: 150px; --smush-placeholder-aspect-ratio: 150\/113;width: 150px;\" data-src=\"http:\/\/scrabble-it.com\/wp-content\/uploads\/2023\/02\/IMG_20230220_095435-scaled.jpg\" alt=\"\" data-srcset=\"https:\/\/scrabble-it.com\/wp-content\/uploads\/2023\/02\/IMG_20230220_095435-scaled.jpg 2560w, https:\/\/scrabble-it.com\/wp-content\/uploads\/2023\/02\/IMG_20230220_095435-300x225.jpg 300w, https:\/\/scrabble-it.com\/wp-content\/uploads\/2023\/02\/IMG_20230220_095435-1024x768.jpg 1024w, https:\/\/scrabble-it.com\/wp-content\/uploads\/2023\/02\/IMG_20230220_095435-768x576.jpg 768w, https:\/\/scrabble-it.com\/wp-content\/uploads\/2023\/02\/IMG_20230220_095435-1536x1152.jpg 1536w, https:\/\/scrabble-it.com\/wp-content\/uploads\/2023\/02\/IMG_20230220_095435-2048x1536.jpg 2048w\" data-sizes=\"(max-width: 150px) 100vw, 150px\" src=\"data:image\/svg+xml;base64,PHN2ZyB3aWR0aD0iMSIgaGVpZ2h0PSIxIiB4bWxucz0iaHR0cDovL3d3dy53My5vcmcvMjAwMC9zdmciPjwvc3ZnPg==\" \/><\/td><td class=\"has-text-align-center\" data-align=\"center\"><img decoding=\"async\" width=\"150\" height=\"113\" class=\"wp-image-91 lazyload\" style=\"--smush-placeholder-width: 150px; --smush-placeholder-aspect-ratio: 150\/113;width: 150px;\" data-src=\"http:\/\/scrabble-it.com\/wp-content\/uploads\/2023\/02\/IMG_20230220_095407-scaled.jpg\" alt=\"\" data-srcset=\"https:\/\/scrabble-it.com\/wp-content\/uploads\/2023\/02\/IMG_20230220_095407-scaled.jpg 2560w, https:\/\/scrabble-it.com\/wp-content\/uploads\/2023\/02\/IMG_20230220_095407-300x225.jpg 300w, https:\/\/scrabble-it.com\/wp-content\/uploads\/2023\/02\/IMG_20230220_095407-1024x768.jpg 1024w, https:\/\/scrabble-it.com\/wp-content\/uploads\/2023\/02\/IMG_20230220_095407-768x576.jpg 768w, https:\/\/scrabble-it.com\/wp-content\/uploads\/2023\/02\/IMG_20230220_095407-1536x1152.jpg 1536w, https:\/\/scrabble-it.com\/wp-content\/uploads\/2023\/02\/IMG_20230220_095407-2048x1536.jpg 2048w\" data-sizes=\"(max-width: 150px) 100vw, 150px\" src=\"data:image\/svg+xml;base64,PHN2ZyB3aWR0aD0iMSIgaGVpZ2h0PSIxIiB4bWxucz0iaHR0cDovL3d3dy53My5vcmcvMjAwMC9zdmciPjwvc3ZnPg==\" \/><\/td><\/tr><tr><td class=\"has-text-align-center\" data-align=\"center\"><img decoding=\"async\" width=\"150\" height=\"113\" class=\"wp-image-90 lazyload\" style=\"--smush-placeholder-width: 150px; --smush-placeholder-aspect-ratio: 150\/113;width: 150px;\" data-src=\"http:\/\/scrabble-it.com\/wp-content\/uploads\/2023\/02\/IMG_20230220_095351-scaled.jpg\" alt=\"\" data-srcset=\"https:\/\/scrabble-it.com\/wp-content\/uploads\/2023\/02\/IMG_20230220_095351-scaled.jpg 2560w, https:\/\/scrabble-it.com\/wp-content\/uploads\/2023\/02\/IMG_20230220_095351-300x225.jpg 300w, https:\/\/scrabble-it.com\/wp-content\/uploads\/2023\/02\/IMG_20230220_095351-1024x768.jpg 1024w, https:\/\/scrabble-it.com\/wp-content\/uploads\/2023\/02\/IMG_20230220_095351-768x576.jpg 768w, https:\/\/scrabble-it.com\/wp-content\/uploads\/2023\/02\/IMG_20230220_095351-1536x1152.jpg 1536w, https:\/\/scrabble-it.com\/wp-content\/uploads\/2023\/02\/IMG_20230220_095351-2048x1536.jpg 2048w\" data-sizes=\"(max-width: 150px) 100vw, 150px\" src=\"data:image\/svg+xml;base64,PHN2ZyB3aWR0aD0iMSIgaGVpZ2h0PSIxIiB4bWxucz0iaHR0cDovL3d3dy53My5vcmcvMjAwMC9zdmciPjwvc3ZnPg==\" \/><\/td><td class=\"has-text-align-center\" data-align=\"center\"><img decoding=\"async\" width=\"150\" height=\"113\" class=\"wp-image-89 lazyload\" style=\"--smush-placeholder-width: 150px; --smush-placeholder-aspect-ratio: 150\/113;width: 150px;\" data-src=\"http:\/\/scrabble-it.com\/wp-content\/uploads\/2023\/02\/IMG_20230220_095332-scaled.jpg\" alt=\"\" data-srcset=\"https:\/\/scrabble-it.com\/wp-content\/uploads\/2023\/02\/IMG_20230220_095332-scaled.jpg 2560w, https:\/\/scrabble-it.com\/wp-content\/uploads\/2023\/02\/IMG_20230220_095332-300x225.jpg 300w, https:\/\/scrabble-it.com\/wp-content\/uploads\/2023\/02\/IMG_20230220_095332-1024x768.jpg 1024w, https:\/\/scrabble-it.com\/wp-content\/uploads\/2023\/02\/IMG_20230220_095332-768x576.jpg 768w, https:\/\/scrabble-it.com\/wp-content\/uploads\/2023\/02\/IMG_20230220_095332-1536x1152.jpg 1536w, https:\/\/scrabble-it.com\/wp-content\/uploads\/2023\/02\/IMG_20230220_095332-2048x1536.jpg 2048w\" data-sizes=\"(max-width: 150px) 100vw, 150px\" src=\"data:image\/svg+xml;base64,PHN2ZyB3aWR0aD0iMSIgaGVpZ2h0PSIxIiB4bWxucz0iaHR0cDovL3d3dy53My5vcmcvMjAwMC9zdmciPjwvc3ZnPg==\" \/><\/td><\/tr><\/tbody><\/table><\/figure>\n","protected":false},"excerpt":{"rendered":"<p>Wir sind gerne ein bisschen kreativ mit gebrauchten Sachen. In unserem Haus gibt es zum Beispiel viele gebrauchte T\u00fcren, die [&hellip;]<\/p>\n","protected":false},"author":1,"featured_media":0,"parent":367,"menu_order":2,"comment_status":"closed","ping_status":"closed","template":"","meta":{"site-sidebar-layout":"default","site-content-layout":"","ast-site-content-layout":"default","site-content-style":"default","site-sidebar-style":"default","ast-global-header-display":"","ast-banner-title-visibility":"","ast-main-header-display":"","ast-hfb-above-header-display":"","ast-hfb-below-header-display":"","ast-hfb-mobile-header-display":"","site-post-title":"","ast-breadcrumbs-content":"","ast-featured-img":"","footer-sml-layout":"","ast-disable-related-posts":"","theme-transparent-header-meta":"","adv-header-id-meta":"","stick-header-meta":"","header-above-stick-meta":"","header-main-stick-meta":"","header-below-stick-meta":"","astra-migrate-meta-layouts":"default","ast-page-background-enabled":"default","ast-page-background-meta":{"desktop":{"background-color":"var(--ast-global-color-5)","background-image":"","background-repeat":"repeat","background-position":"center center","background-size":"auto","background-attachment":"scroll","background-type":"","background-media":"","overlay-type":"","overlay-color":"","overlay-opacity":"","overlay-gradient":""},"tablet":{"background-color":"","background-image":"","background-repeat":"repeat","background-position":"center center","background-size":"auto","background-attachment":"scroll","background-type":"","background-media":"","overlay-type":"","overlay-color":"","overlay-opacity":"","overlay-gradient":""},"mobile":{"background-color":"","background-image":"","background-repeat":"repeat","background-position":"center center","background-size":"auto","background-attachment":"scroll","background-type":"","background-media":"","overlay-type":"","overlay-color":"","overlay-opacity":"","overlay-gradient":""}},"ast-content-background-meta":{"desktop":{"background-color":"var(--ast-global-color-4)","background-image":"","background-repeat":"repeat","background-position":"center center","background-size":"auto","background-attachment":"scroll","background-type":"","background-media":"","overlay-type":"","overlay-color":"","overlay-opacity":"","overlay-gradient":""},"tablet":{"background-color":"var(--ast-global-color-4)","background-image":"","background-repeat":"repeat","background-position":"center center","background-size":"auto","background-attachment":"scroll","background-type":"","background-media":"","overlay-type":"","overlay-color":"","overlay-opacity":"","overlay-gradient":""},"mobile":{"background-color":"var(--ast-global-color-4)","background-image":"","background-repeat":"repeat","background-position":"center center","background-size":"auto","background-attachment":"scroll","background-type":"","background-media":"","overlay-type":"","overlay-color":"","overlay-opacity":"","overlay-gradient":""}},"footnotes":""},"class_list":["post-400","page","type-page","status-publish","hentry"],"aioseo_notices":[],"_links":{"self":[{"href":"https:\/\/scrabble-it.com\/de\/wp-json\/wp\/v2\/pages\/400","targetHints":{"allow":["GET"]}}],"collection":[{"href":"https:\/\/scrabble-it.com\/de\/wp-json\/wp\/v2\/pages"}],"about":[{"href":"https:\/\/scrabble-it.com\/de\/wp-json\/wp\/v2\/types\/page"}],"author":[{"embeddable":true,"href":"https:\/\/scrabble-it.com\/de\/wp-json\/wp\/v2\/users\/1"}],"replies":[{"embeddable":true,"href":"https:\/\/scrabble-it.com\/de\/wp-json\/wp\/v2\/comments?post=400"}],"version-history":[{"count":1,"href":"https:\/\/scrabble-it.com\/de\/wp-json\/wp\/v2\/pages\/400\/revisions"}],"predecessor-version":[{"id":401,"href":"https:\/\/scrabble-it.com\/de\/wp-json\/wp\/v2\/pages\/400\/revisions\/401"}],"up":[{"embeddable":true,"href":"https:\/\/scrabble-it.com\/de\/wp-json\/wp\/v2\/pages\/367"}],"wp:attachment":[{"href":"https:\/\/scrabble-it.com\/de\/wp-json\/wp\/v2\/media?parent=400"}],"curies":[{"name":"wp","href":"https:\/\/api.w.org\/{rel}","templated":true}]}}