{"id":389,"date":"2023-03-06T08:49:43","date_gmt":"2023-03-06T08:49:43","guid":{"rendered":"https:\/\/scrabble-it.com\/index.php\/nachhaltigkeit\/woher-bekommen-wir-unsere-informationen\/"},"modified":"2023-04-24T12:31:48","modified_gmt":"2023-04-24T12:31:48","slug":"woher-bekommen-wir-unsere-informationen","status":"publish","type":"page","link":"https:\/\/scrabble-it.com\/de\/nachhaltigkeit\/woher-bekommen-wir-unsere-informationen\/","title":{"rendered":"Woher bekommen wir unsere Informationen?"},"content":{"rendered":"\n<h4 class=\"wp-block-heading\">Arbeitsgruppe Energie-Klima-B\u00fcrgerplattform Klein-Brabant (2019 &#8211; jetzt)<\/h4>\n\n<p>regelm\u00e4\u00dfige Kontakte mit Experten aller Art<\/p>\n\n<figure class=\"wp-block-image size-full is-resized\"><img decoding=\"async\" data-src=\"https:\/\/scrabble-it.com\/wp-content\/uploads\/2023\/03\/image-2-e1612864816920.webp\" alt=\"\" class=\"wp-image-188 lazyload\" width=\"146\" height=\"145\" data-srcset=\"https:\/\/scrabble-it.com\/wp-content\/uploads\/2023\/03\/image-2-e1612864816920.webp 300w, https:\/\/scrabble-it.com\/wp-content\/uploads\/2023\/03\/image-2-e1612864816920-150x150.webp 150w\" data-sizes=\"(max-width: 146px) 100vw, 146px\" src=\"data:image\/svg+xml;base64,PHN2ZyB3aWR0aD0iMSIgaGVpZ2h0PSIxIiB4bWxucz0iaHR0cDovL3d3dy53My5vcmcvMjAwMC9zdmciPjwvc3ZnPg==\" style=\"--smush-placeholder-width: 146px; --smush-placeholder-aspect-ratio: 146\/145;\" \/><\/figure>\n\n<h4 class=\"wp-block-heading\">Ausbildung zum Klimaguide 2020-2021<\/h4>\n\n<p>In Zusammenarbeit mit der <a href=\"https:\/\/www.rlsd.be\/\">Regionalen Landschaft Schelde Durme<\/a> (In Dendermonde)<\/p>\n\n<figure class=\"wp-block-image size-full is-resized\"><img decoding=\"async\" data-src=\"https:\/\/scrabble-it.com\/wp-content\/uploads\/2023\/03\/image.png\" alt=\"\" class=\"wp-image-187 lazyload\" width=\"299\" height=\"109\" data-srcset=\"https:\/\/scrabble-it.com\/wp-content\/uploads\/2023\/03\/image.png 656w, https:\/\/scrabble-it.com\/wp-content\/uploads\/2023\/03\/image-300x109.png 300w\" data-sizes=\"(max-width: 299px) 100vw, 299px\" src=\"data:image\/svg+xml;base64,PHN2ZyB3aWR0aD0iMSIgaGVpZ2h0PSIxIiB4bWxucz0iaHR0cDovL3d3dy53My5vcmcvMjAwMC9zdmciPjwvc3ZnPg==\" style=\"--smush-placeholder-width: 299px; --smush-placeholder-aspect-ratio: 299\/109;\" \/><\/figure>\n\n<h4 class=\"wp-block-heading\">Naturf\u00fchrerausbildung 2019<\/h4>\n\n<p>Organisiert von <a href=\"https:\/\/natuurgidsen-klein-brabant.com\/\">Natuurgidsen Klein-Brabant<\/a> in Zusammenarbeit mit <a href=\"https:\/\/www.natuurpunt.be\/afdelingen\/natuurpunt-klein-brabant\">Natuurpunt Klein-Brabant<\/a><\/p>\n\n<figure class=\"wp-block-image size-full\"><img decoding=\"async\" width=\"240\" height=\"70\" data-src=\"https:\/\/scrabble-it.com\/wp-content\/uploads\/2023\/03\/cropped-rechtsbunzing-only-LOGO-Web.png\" alt=\"\" class=\"wp-image-186 lazyload\" src=\"data:image\/svg+xml;base64,PHN2ZyB3aWR0aD0iMSIgaGVpZ2h0PSIxIiB4bWxucz0iaHR0cDovL3d3dy53My5vcmcvMjAwMC9zdmciPjwvc3ZnPg==\" style=\"--smush-placeholder-width: 240px; --smush-placeholder-aspect-ratio: 240\/70;\" \/><\/figure>\n\n<h4 class=\"wp-block-heading\">Kurs Bio-\u00d6kologisches Bauen 2010-2011<\/h4>\n\n<p>Ein vom <a href=\"https:\/\/www.vibe.be\/\" target=\"_blank\" rel=\"noreferrer noopener\">Fl\u00e4mischen Institut f\u00fcr bio-\u00f6kologisches Bauen<\/a> in Zusammenarbeit mit dem Sint-Lievens-Gymnasium in Gent organisierter Postgraduiertenkurs<\/p>\n\n<figure class=\"wp-block-image size-full is-resized\"><img decoding=\"async\" data-src=\"https:\/\/scrabble-it.com\/wp-content\/uploads\/2023\/03\/Logo-e1594717189254.png\" alt=\"\" class=\"wp-image-185 lazyload\" width=\"148\" height=\"74\" src=\"data:image\/svg+xml;base64,PHN2ZyB3aWR0aD0iMSIgaGVpZ2h0PSIxIiB4bWxucz0iaHR0cDovL3d3dy53My5vcmcvMjAwMC9zdmciPjwvc3ZnPg==\" style=\"--smush-placeholder-width: 148px; --smush-placeholder-aspect-ratio: 148\/74;\" \/><\/figure>\n\n<p><\/p>\n\n<p><\/p>\n\n<h6 class=\"wp-block-heading\">Zur\u00fcck zur <a href=\"https:\/\/scrabble-it.com\/index.php\/duurzaamheid\/\">\u00dcbersicht Nachhaltigkeit<\/a><\/h6>\n","protected":false},"excerpt":{"rendered":"<p>Arbeitsgruppe Energie-Klima-B\u00fcrgerplattform Klein-Brabant (2019 &#8211; jetzt) regelm\u00e4\u00dfige Kontakte mit Experten aller Art Ausbildung zum Klimaguide 2020-2021 In Zusammenarbeit mit der [&hellip;]<\/p>\n","protected":false},"author":1,"featured_media":0,"parent":367,"menu_order":0,"comment_status":"closed","ping_status":"closed","template":"","meta":{"site-sidebar-layout":"default","site-content-layout":"","ast-site-content-layout":"default","site-content-style":"default","site-sidebar-style":"default","ast-global-header-display":"","ast-banner-title-visibility":"","ast-main-header-display":"","ast-hfb-above-header-display":"","ast-hfb-below-header-display":"","ast-hfb-mobile-header-display":"","site-post-title":"","ast-breadcrumbs-content":"","ast-featured-img":"","footer-sml-layout":"","ast-disable-related-posts":"","theme-transparent-header-meta":"","adv-header-id-meta":"","stick-header-meta":"","header-above-stick-meta":"","header-main-stick-meta":"","header-below-stick-meta":"","astra-migrate-meta-layouts":"default","ast-page-background-enabled":"default","ast-page-background-meta":{"desktop":{"background-color":"var(--ast-global-color-5)","background-image":"","background-repeat":"repeat","background-position":"center center","background-size":"auto","background-attachment":"scroll","background-type":"","background-media":"","overlay-type":"","overlay-color":"","overlay-opacity":"","overlay-gradient":""},"tablet":{"background-color":"","background-image":"","background-repeat":"repeat","background-position":"center center","background-size":"auto","background-attachment":"scroll","background-type":"","background-media":"","overlay-type":"","overlay-color":"","overlay-opacity":"","overlay-gradient":""},"mobile":{"background-color":"","background-image":"","background-repeat":"repeat","background-position":"center center","background-size":"auto","background-attachment":"scroll","background-type":"","background-media":"","overlay-type":"","overlay-color":"","overlay-opacity":"","overlay-gradient":""}},"ast-content-background-meta":{"desktop":{"background-color":"var(--ast-global-color-4)","background-image":"","background-repeat":"repeat","background-position":"center center","background-size":"auto","background-attachment":"scroll","background-type":"","background-media":"","overlay-type":"","overlay-color":"","overlay-opacity":"","overlay-gradient":""},"tablet":{"background-color":"var(--ast-global-color-4)","background-image":"","background-repeat":"repeat","background-position":"center center","background-size":"auto","background-attachment":"scroll","background-type":"","background-media":"","overlay-type":"","overlay-color":"","overlay-opacity":"","overlay-gradient":""},"mobile":{"background-color":"var(--ast-global-color-4)","background-image":"","background-repeat":"repeat","background-position":"center center","background-size":"auto","background-attachment":"scroll","background-type":"","background-media":"","overlay-type":"","overlay-color":"","overlay-opacity":"","overlay-gradient":""}},"footnotes":""},"class_list":["post-389","page","type-page","status-publish","hentry"],"aioseo_notices":[],"_links":{"self":[{"href":"https:\/\/scrabble-it.com\/de\/wp-json\/wp\/v2\/pages\/389","targetHints":{"allow":["GET"]}}],"collection":[{"href":"https:\/\/scrabble-it.com\/de\/wp-json\/wp\/v2\/pages"}],"about":[{"href":"https:\/\/scrabble-it.com\/de\/wp-json\/wp\/v2\/types\/page"}],"author":[{"embeddable":true,"href":"https:\/\/scrabble-it.com\/de\/wp-json\/wp\/v2\/users\/1"}],"replies":[{"embeddable":true,"href":"https:\/\/scrabble-it.com\/de\/wp-json\/wp\/v2\/comments?post=389"}],"version-history":[{"count":2,"href":"https:\/\/scrabble-it.com\/de\/wp-json\/wp\/v2\/pages\/389\/revisions"}],"predecessor-version":[{"id":525,"href":"https:\/\/scrabble-it.com\/de\/wp-json\/wp\/v2\/pages\/389\/revisions\/525"}],"up":[{"embeddable":true,"href":"https:\/\/scrabble-it.com\/de\/wp-json\/wp\/v2\/pages\/367"}],"wp:attachment":[{"href":"https:\/\/scrabble-it.com\/de\/wp-json\/wp\/v2\/media?parent=389"}],"curies":[{"name":"wp","href":"https:\/\/api.w.org\/{rel}","templated":true}]}}