{"id":383,"date":"2023-03-06T13:28:21","date_gmt":"2023-03-06T13:28:21","guid":{"rendered":"https:\/\/scrabble-it.com\/index.php\/nachhaltigkeit\/naechste-nachhaltige-schritte\/"},"modified":"2026-01-05T14:00:05","modified_gmt":"2026-01-05T14:00:05","slug":"naechste-nachhaltige-schritte","status":"publish","type":"page","link":"https:\/\/scrabble-it.com\/de\/nachhaltigkeit\/naechste-nachhaltige-schritte\/","title":{"rendered":"N\u00e4chste nachhaltige Schritte"},"content":{"rendered":"\n<p>Das Bewertungssystem von <a href=\"https:\/\/www.green-key.be\/\" target=\"_blank\" rel=\"noreferrer noopener\">Green-Key<\/a> gibt auch Aufschluss dar\u00fcber, was verbessert werden kann. In den n\u00e4chsten Jahren wollen wir uns auf 3 spezifische Aspekte konzentrieren.<\/p>\n\n<h4 class=\"wp-block-heading\">1) Konkretes Ziel und Ausarbeitung eines Plans in Bezug auf die CO2-Emissionen  <\/h4>\n\n<figure class=\"wp-block-image size-full is-resized\"><img decoding=\"async\" width=\"807\" height=\"179\" data-src=\"https:\/\/scrabble-it.com\/wp-content\/uploads\/2023\/03\/CO2-Neutraal.png\" alt=\"\" class=\"wp-image-205 lazyload\" style=\"--smush-placeholder-width: 807px; --smush-placeholder-aspect-ratio: 807\/179;width:478px;height:106px\" data-srcset=\"https:\/\/scrabble-it.com\/wp-content\/uploads\/2023\/03\/CO2-Neutraal.png 807w, https:\/\/scrabble-it.com\/wp-content\/uploads\/2023\/03\/CO2-Neutraal-300x67.png 300w, https:\/\/scrabble-it.com\/wp-content\/uploads\/2023\/03\/CO2-Neutraal-768x170.png 768w\" data-sizes=\"(max-width: 807px) 100vw, 807px\" src=\"data:image\/svg+xml;base64,PHN2ZyB3aWR0aD0iMSIgaGVpZ2h0PSIxIiB4bWxucz0iaHR0cDovL3d3dy53My5vcmcvMjAwMC9zdmciPjwvc3ZnPg==\" \/><\/figure>\n\n<p>Wir wollen uns ein konkretes Ziel in Bezug auf die Netto-CO2-Emissionen setzen. Dies gilt sowohl f\u00fcr die eigenen Emissionen als auch f\u00fcr den Ausgleich von Restemissionen.<\/p>\n\n<p>Ziel: bis Ende 2026 klimaneutral zu sein.<\/p>\n\n<p>Stand 09-2025:  <\/p>\n\n<ul class=\"wp-block-list\">\n<li>CO2-Emissionen durch Energieverbrauch: F\u00fcr die Installation einer W\u00e4rmepumpe wurden Zusch\u00fcsse von Tourismus Flandern beantragt. Danach sind wir 100% CO2-neutral, was den Energieverbrauch betrifft (Scope 1 und 2). <\/li>\n\n\n\n<li>Scope 3-Emissionen wird es immer geben, obwohl wir versuchen, diese zu reduzieren, indem wir so viele \u00f6kologische Entscheidungen wie m\u00f6glich treffen. Siehe z.B. <a href=\"https:\/\/scrabble-it.com\/de\/nachhaltigkeit\/gesunde-oekologische-und-faire-lebensmittel\/\" title=\"Gesunde, &#xF6;kologische und faire Lebensmittel\">hier<\/a>. Der Fu\u00dfabdruck unserer IT-Systeme wird ebenfalls weiter \u00fcberpr\u00fcft.  <\/li>\n\n\n\n<li>Wir pr\u00fcfen gerade, ob dies auch kompensiert werden kann, weitere Informationen folgen.<\/li>\n<\/ul>\n\n<div style=\"height:56px\" aria-hidden=\"true\" class=\"wp-block-spacer\"><\/div>\n\n<h4 class=\"wp-block-heading\">2) Konkrete Hilfe bei der Reduzierung der CO2-Emissionen unserer G\u00e4ste anbieten<\/h4>\n\n<p>Auch hier k\u00f6nnen wir mit Ausgleichszahlungen, aber auch mit konkreten Tipps und Tricks arbeiten. Vor allem der Verkehr spielt hier eine gro\u00dfe Rolle.<\/p>\n\n<p>Ziel: bis 2025 nutzen 75 % nachhaltige Verkehrsmittel oder gleichen ihre nicht nachhaltigen Verkehrsmittel aus<\/p>\n\n<figure class=\"wp-block-image size-full is-resized\"><img decoding=\"async\" width=\"768\" height=\"480\" data-src=\"https:\/\/scrabble-it.com\/wp-content\/uploads\/2023\/03\/Carbon-emission-Small.jpg\" alt=\"\" class=\"wp-image-206 lazyload\" style=\"--smush-placeholder-width: 768px; --smush-placeholder-aspect-ratio: 768\/480;width:320px;height:200px\" data-srcset=\"https:\/\/scrabble-it.com\/wp-content\/uploads\/2023\/03\/Carbon-emission-Small.jpg 768w, https:\/\/scrabble-it.com\/wp-content\/uploads\/2023\/03\/Carbon-emission-Small-300x188.jpg 300w\" data-sizes=\"(max-width: 768px) 100vw, 768px\" src=\"data:image\/svg+xml;base64,PHN2ZyB3aWR0aD0iMSIgaGVpZ2h0PSIxIiB4bWxucz0iaHR0cDovL3d3dy53My5vcmcvMjAwMC9zdmciPjwvc3ZnPg==\" \/><\/figure>\n\n<p>Sehen Sie sich auch die Seite zur <a href=\"https:\/\/scrabble-it.com\/index.php\/duurzaamheid\/mobiliteit\/\">Mobilit\u00e4t<\/a> an.<\/p>\n\n<p>Stand 09-2025<\/p>\n\n<ul class=\"wp-block-list\">\n<li>die meisten unserer G\u00e4ste kommen zum Radfahren oder Wandern. Dazu haben wir noch keine statistischen Daten. <\/li>\n\n\n\n<li>viele G\u00e4ste kommen mit dem Fahrrad, unterwegs auf einer der <a href=\"https:\/\/www.icoonfietsroutes.be\/\" target=\"_blank\" rel=\"noopener\" title=\"\">kultigen Radtouren<\/a><\/li>\n\n\n\n<li>wir stellen fest, dass immer mehr Menschen mit Elektroautos unterwegs sind<\/li>\n\n\n\n<li>arbeiteten wir an einer gr\u00fcndlichen Dokumentation aller Transportm\u00f6glichkeiten in der Region.  <a href=\"https:\/\/scrabble-it.com\/de\/nachhaltigkeit\/mobilitaet\/schlanker-onderweg-in-und-nach-klein-brabant\/\" title=\"Schlanker Onderweg in und nach Klein Brabant\">Siehe hier<\/a><\/li>\n<\/ul>\n\n<div style=\"height:56px\" aria-hidden=\"true\" class=\"wp-block-spacer\"><\/div>\n\n<h4 class=\"wp-block-heading\">3) R\u00fcckkopplungsschleifen<\/h4>\n\n<p>Wie k\u00f6nnen uns die G\u00e4ste mehr, besseres und ehrliches Feedback zu unserer Nachhaltigkeitsarbeit geben?  <\/p>\n\n<p>Derzeit befragen wir die Kunden manchmal, aber nicht systematisch oder strukturiert.  <\/p>\n\n<p>Vielleicht helfen wir beim Aufbau des Fairbnb.coop-Feedback-Systems. Oder wir machen es auf eine einfachere Weise. Nur um das herauszufinden.<\/p>\n\n<p>Ziel: Bis 2025 erhalten wir wertvolles Feedback und haben mindestens eine wertvolle Ma\u00dfnahme mit nachweisbaren Ergebnissen ergriffen.<\/p>\n\n<p>Stand 09-2025<\/p>\n\n<ul class=\"wp-block-list\">\n<li>Wir haben einen Fragebogen vorbereitet, den wir von Zeit zu Zeit an unsere Kunden senden (https:\/\/scrabble-it.com\/feedbackformulier\/)<\/li>\n\n\n\n<li>Beachten Sie, dass wir bereits eine Menge Feedback \u00fcber andere Kan\u00e4le erhalten: booking.com, google, tripadvisor<\/li>\n\n\n\n<li>Sobald wir feststellen, dass dies von ausreichendem Interesse ist, um ein weiteres Formular zu versenden, werden wir diesen Prozess automatisieren.<\/li>\n<\/ul>\n\n<figure class=\"wp-block-image size-full is-resized\"><img decoding=\"async\" width=\"246\" height=\"282\" data-src=\"https:\/\/scrabble-it.com\/wp-content\/uploads\/2023\/03\/Schermafbeelding-2023-03-06-141229.jpg\" alt=\"\" class=\"wp-image-207 lazyload\" style=\"--smush-placeholder-width: 246px; --smush-placeholder-aspect-ratio: 246\/282;width:167px;height:192px\" src=\"data:image\/svg+xml;base64,PHN2ZyB3aWR0aD0iMSIgaGVpZ2h0PSIxIiB4bWxucz0iaHR0cDovL3d3dy53My5vcmcvMjAwMC9zdmciPjwvc3ZnPg==\" \/><\/figure>\n","protected":false},"excerpt":{"rendered":"<p>Das Bewertungssystem von Green-Key gibt auch Aufschluss dar\u00fcber, was verbessert werden kann. In den n\u00e4chsten Jahren wollen wir uns auf [&hellip;]<\/p>\n","protected":false},"author":1,"featured_media":0,"parent":367,"menu_order":0,"comment_status":"closed","ping_status":"closed","template":"","meta":{"site-sidebar-layout":"default","site-content-layout":"","ast-site-content-layout":"default","site-content-style":"default","site-sidebar-style":"default","ast-global-header-display":"","ast-banner-title-visibility":"","ast-main-header-display":"","ast-hfb-above-header-display":"","ast-hfb-below-header-display":"","ast-hfb-mobile-header-display":"","site-post-title":"","ast-breadcrumbs-content":"","ast-featured-img":"","footer-sml-layout":"","ast-disable-related-posts":"","theme-transparent-header-meta":"","adv-header-id-meta":"","stick-header-meta":"","header-above-stick-meta":"","header-main-stick-meta":"","header-below-stick-meta":"","astra-migrate-meta-layouts":"default","ast-page-background-enabled":"default","ast-page-background-meta":{"desktop":{"background-color":"var(--ast-global-color-5)","background-image":"","background-repeat":"repeat","background-position":"center center","background-size":"auto","background-attachment":"scroll","background-type":"","background-media":"","overlay-type":"","overlay-color":"","overlay-opacity":"","overlay-gradient":""},"tablet":{"background-color":"","background-image":"","background-repeat":"repeat","background-position":"center center","background-size":"auto","background-attachment":"scroll","background-type":"","background-media":"","overlay-type":"","overlay-color":"","overlay-opacity":"","overlay-gradient":""},"mobile":{"background-color":"","background-image":"","background-repeat":"repeat","background-position":"center center","background-size":"auto","background-attachment":"scroll","background-type":"","background-media":"","overlay-type":"","overlay-color":"","overlay-opacity":"","overlay-gradient":""}},"ast-content-background-meta":{"desktop":{"background-color":"var(--ast-global-color-4)","background-image":"","background-repeat":"repeat","background-position":"center center","background-size":"auto","background-attachment":"scroll","background-type":"","background-media":"","overlay-type":"","overlay-color":"","overlay-opacity":"","overlay-gradient":""},"tablet":{"background-color":"var(--ast-global-color-4)","background-image":"","background-repeat":"repeat","background-position":"center center","background-size":"auto","background-attachment":"scroll","background-type":"","background-media":"","overlay-type":"","overlay-color":"","overlay-opacity":"","overlay-gradient":""},"mobile":{"background-color":"var(--ast-global-color-4)","background-image":"","background-repeat":"repeat","background-position":"center center","background-size":"auto","background-attachment":"scroll","background-type":"","background-media":"","overlay-type":"","overlay-color":"","overlay-opacity":"","overlay-gradient":""}},"footnotes":""},"class_list":["post-383","page","type-page","status-publish","hentry"],"aioseo_notices":[],"_links":{"self":[{"href":"https:\/\/scrabble-it.com\/de\/wp-json\/wp\/v2\/pages\/383","targetHints":{"allow":["GET"]}}],"collection":[{"href":"https:\/\/scrabble-it.com\/de\/wp-json\/wp\/v2\/pages"}],"about":[{"href":"https:\/\/scrabble-it.com\/de\/wp-json\/wp\/v2\/types\/page"}],"author":[{"embeddable":true,"href":"https:\/\/scrabble-it.com\/de\/wp-json\/wp\/v2\/users\/1"}],"replies":[{"embeddable":true,"href":"https:\/\/scrabble-it.com\/de\/wp-json\/wp\/v2\/comments?post=383"}],"version-history":[{"count":5,"href":"https:\/\/scrabble-it.com\/de\/wp-json\/wp\/v2\/pages\/383\/revisions"}],"predecessor-version":[{"id":1444,"href":"https:\/\/scrabble-it.com\/de\/wp-json\/wp\/v2\/pages\/383\/revisions\/1444"}],"up":[{"embeddable":true,"href":"https:\/\/scrabble-it.com\/de\/wp-json\/wp\/v2\/pages\/367"}],"wp:attachment":[{"href":"https:\/\/scrabble-it.com\/de\/wp-json\/wp\/v2\/media?parent=383"}],"curies":[{"name":"wp","href":"https:\/\/api.w.org\/{rel}","templated":true}]}}