{"id":367,"date":"2023-02-19T11:24:10","date_gmt":"2023-02-19T11:24:10","guid":{"rendered":"https:\/\/scrabble-it.com\/index.php\/nachhaltigkeit\/"},"modified":"2024-04-16T10:47:16","modified_gmt":"2024-04-16T10:47:16","slug":"nachhaltigkeit","status":"publish","type":"page","link":"https:\/\/scrabble-it.com\/de\/nachhaltigkeit\/","title":{"rendered":"Genie\u00dfen Sie ein \u00f6kologisch und sozial nachhaltiges Ferienhaus"},"content":{"rendered":"\n<figure class=\"wp-block-image alignright size-full is-resized is-style-default\"><img decoding=\"async\" data-src=\"https:\/\/scrabble-it.com\/wp-content\/uploads\/2023\/02\/image.png\" alt=\"Genie&#xDF;en Sie ein &#xF6;kologisch und sozial nachhaltiges Ferienhaus-G&#xE4;stehaus\" class=\"wp-image-16 lazyload\" width=\"393\" height=\"227\" data-srcset=\"https:\/\/scrabble-it.com\/wp-content\/uploads\/2023\/02\/image.png 727w, https:\/\/scrabble-it.com\/wp-content\/uploads\/2023\/02\/image-300x173.png 300w\" data-sizes=\"(max-width: 393px) 100vw, 393px\" src=\"data:image\/svg+xml;base64,PHN2ZyB3aWR0aD0iMSIgaGVpZ2h0PSIxIiB4bWxucz0iaHR0cDovL3d3dy53My5vcmcvMjAwMC9zdmciPjwvc3ZnPg==\" style=\"--smush-placeholder-width: 393px; --smush-placeholder-aspect-ratio: 393\/227;\" \/><\/figure>\n\n<p>Das G\u00e4stehaus in der ruhigen Gegend von Weert hat sich zum Ziel gesetzt, in der &#8220;Donut-Wirtschaft&#8221; zu arbeiten. Unser G\u00e4stehaus ber\u00fccksichtigt somit die \u00f6kologischen Grenzen unserer Erde und die sozialen Anforderungen unseres Gesellschaftssystems.<\/p>\n\n<p>Sie ist und bleibt ein Unterfangen und ist daher auch dynamisch. Was wir heute als gut f\u00fcr die Umwelt und die Umgebung empfinden, ist es morgen vielleicht nicht mehr, oder nicht genug. Es ist also ein kontinuierlicher Verbesserungsprozess f\u00fcr uns.<\/p>\n\n<p>2017 sind wir in unser komplett bio-\u00f6kologisch umgebautes Haus eingezogen. Mit einem EPC von 7 sind wir nahe an einem energieneutralen Haus. Wir \u00fcberwachen das Smart Home st\u00e4ndig und nehmen regelm\u00e4\u00dfig kleine \u00c4nderungen vor.<\/p>\n\n<p>Der \u00f6kologische Garten besteht aus vielen Wildblumenfeldern, Str\u00e4uchern und B\u00e4umen. Es gibt nur wenige &#8220;normale&#8221; Rasenfl\u00e4chen. Sie k\u00f6nnen Rehe, Eisv\u00f6gel, Iltisse, Eichh\u00f6rnchen, Spechte, Schwanzmeisen, Stieglitze und viele mehr entdecken.<\/p>\n\n<p>Auch die <a href=\"https:\/\/scrabble-it.com\/index.php\/duurzaamheid\/mobiliteit\/\">Mobilit\u00e4t<\/a> ist f\u00fcr uns besonders wichtig. Wenn wir k\u00f6nnen, fahren wir mit dem Fahrrad oder gehen zu Fu\u00df. Wenn es zu schwierig ist, \u00f6ffentliche Verkehrsmittel zu benutzen, fahren wir fast CO2-neutral mit unserem Elektroauto, Lastenrad oder normalen Fahrrad.<\/p>\n\n<p>Bei Konsumg\u00fctern achten wir auf das Recycling und den Herkunftsort. Was die Ern\u00e4hrung betrifft, so sind wir &#8220;Flexiveganer&#8221;.<\/p>\n\n<p>Die &#8220;Flexibilit\u00e4t&#8221; spiegelt sich auch in der Art und Weise wider, wie wir mit Menschen umgehen: Wir hei\u00dfen einzigartige Menschen willkommen und versuchen, dies so unvoreingenommen wie m\u00f6glich zu tun.<\/p>\n\n<p>Wahrscheinlich werden Sie hier und da in unseren G\u00e4stezimmern etwas entdecken, das Sie zum Staunen bringt. Auf diese Weise hoffen wir, unseren G\u00e4sten etwas \u00fcber das &#8220;Leben im Donut&#8221; beizubringen.<\/p>\n\n<div style=\"height:72px\" aria-hidden=\"true\" class=\"wp-block-spacer\"><\/div>\n\n<p><\/p>\n\n<p>In Zusammenarbeit mit<\/p>\n\n<figure class=\"wp-block-image size-large is-resized\"><a href=\"https:\/\/fairhospitality.coop\"><img decoding=\"async\" data-src=\"https:\/\/scrabble-it.com\/wp-content\/uploads\/2023\/02\/image-1-1024x93.png\" alt=\"\" class=\"wp-image-17 lazyload\" width=\"423\" height=\"38\" data-srcset=\"https:\/\/scrabble-it.com\/wp-content\/uploads\/2023\/02\/image-1-1024x93.png 1024w, https:\/\/scrabble-it.com\/wp-content\/uploads\/2023\/02\/image-1-300x27.png 300w, https:\/\/scrabble-it.com\/wp-content\/uploads\/2023\/02\/image-1-768x69.png 768w, https:\/\/scrabble-it.com\/wp-content\/uploads\/2023\/02\/image-1-1536x139.png 1536w, https:\/\/scrabble-it.com\/wp-content\/uploads\/2023\/02\/image-1.png 1771w\" data-sizes=\"(max-width: 423px) 100vw, 423px\" src=\"data:image\/svg+xml;base64,PHN2ZyB3aWR0aD0iMSIgaGVpZ2h0PSIxIiB4bWxucz0iaHR0cDovL3d3dy53My5vcmcvMjAwMC9zdmciPjwvc3ZnPg==\" style=\"--smush-placeholder-width: 423px; --smush-placeholder-aspect-ratio: 423\/38;\" \/><\/a><\/figure>\n\n<figure class=\"wp-block-image size-full\"><a href=\"https:\/\/booking.fairbnb.coop\/nl\"><img decoding=\"async\" width=\"212\" height=\"38\" data-src=\"https:\/\/scrabble-it.com\/wp-content\/uploads\/2023\/02\/image-2.png\" alt=\"\" class=\"wp-image-18 lazyload\" src=\"data:image\/svg+xml;base64,PHN2ZyB3aWR0aD0iMSIgaGVpZ2h0PSIxIiB4bWxucz0iaHR0cDovL3d3dy53My5vcmcvMjAwMC9zdmciPjwvc3ZnPg==\" style=\"--smush-placeholder-width: 212px; --smush-placeholder-aspect-ratio: 212\/38;\" \/><\/a><\/figure>\n\n<figure class=\"wp-block-image size-full is-resized\"><img decoding=\"async\" data-src=\"https:\/\/scrabble-it.com\/wp-content\/uploads\/2023\/02\/image-3.png\" alt=\"\" class=\"wp-image-19 lazyload\" width=\"93\" height=\"117\" src=\"data:image\/svg+xml;base64,PHN2ZyB3aWR0aD0iMSIgaGVpZ2h0PSIxIiB4bWxucz0iaHR0cDovL3d3dy53My5vcmcvMjAwMC9zdmciPjwvc3ZnPg==\" style=\"--smush-placeholder-width: 93px; --smush-placeholder-aspect-ratio: 93\/117;\" \/><\/figure>\n","protected":false},"excerpt":{"rendered":"<p>Das G\u00e4stehaus in der ruhigen Gegend von Weert hat sich zum Ziel gesetzt, in der &#8220;Donut-Wirtschaft&#8221; zu arbeiten. Unser G\u00e4stehaus [&hellip;]<\/p>\n","protected":false},"author":1,"featured_media":0,"parent":0,"menu_order":0,"comment_status":"closed","ping_status":"closed","template":"","meta":{"site-sidebar-layout":"default","site-content-layout":"","ast-site-content-layout":"default","site-content-style":"default","site-sidebar-style":"default","ast-global-header-display":"","ast-banner-title-visibility":"","ast-main-header-display":"","ast-hfb-above-header-display":"","ast-hfb-below-header-display":"","ast-hfb-mobile-header-display":"","site-post-title":"","ast-breadcrumbs-content":"","ast-featured-img":"","footer-sml-layout":"","ast-disable-related-posts":"","theme-transparent-header-meta":"","adv-header-id-meta":"","stick-header-meta":"","header-above-stick-meta":"","header-main-stick-meta":"","header-below-stick-meta":"","astra-migrate-meta-layouts":"default","ast-page-background-enabled":"default","ast-page-background-meta":{"desktop":{"background-color":"var(--ast-global-color-5)","background-image":"","background-repeat":"repeat","background-position":"center center","background-size":"auto","background-attachment":"scroll","background-type":"","background-media":"","overlay-type":"","overlay-color":"","overlay-opacity":"","overlay-gradient":""},"tablet":{"background-color":"","background-image":"","background-repeat":"repeat","background-position":"center center","background-size":"auto","background-attachment":"scroll","background-type":"","background-media":"","overlay-type":"","overlay-color":"","overlay-opacity":"","overlay-gradient":""},"mobile":{"background-color":"","background-image":"","background-repeat":"repeat","background-position":"center center","background-size":"auto","background-attachment":"scroll","background-type":"","background-media":"","overlay-type":"","overlay-color":"","overlay-opacity":"","overlay-gradient":""}},"ast-content-background-meta":{"desktop":{"background-color":"var(--ast-global-color-4)","background-image":"","background-repeat":"repeat","background-position":"center center","background-size":"auto","background-attachment":"scroll","background-type":"","background-media":"","overlay-type":"","overlay-color":"","overlay-opacity":"","overlay-gradient":""},"tablet":{"background-color":"var(--ast-global-color-4)","background-image":"","background-repeat":"repeat","background-position":"center center","background-size":"auto","background-attachment":"scroll","background-type":"","background-media":"","overlay-type":"","overlay-color":"","overlay-opacity":"","overlay-gradient":""},"mobile":{"background-color":"var(--ast-global-color-4)","background-image":"","background-repeat":"repeat","background-position":"center center","background-size":"auto","background-attachment":"scroll","background-type":"","background-media":"","overlay-type":"","overlay-color":"","overlay-opacity":"","overlay-gradient":""}},"footnotes":""},"class_list":["post-367","page","type-page","status-publish","hentry"],"aioseo_notices":[],"_links":{"self":[{"href":"https:\/\/scrabble-it.com\/de\/wp-json\/wp\/v2\/pages\/367","targetHints":{"allow":["GET"]}}],"collection":[{"href":"https:\/\/scrabble-it.com\/de\/wp-json\/wp\/v2\/pages"}],"about":[{"href":"https:\/\/scrabble-it.com\/de\/wp-json\/wp\/v2\/types\/page"}],"author":[{"embeddable":true,"href":"https:\/\/scrabble-it.com\/de\/wp-json\/wp\/v2\/users\/1"}],"replies":[{"embeddable":true,"href":"https:\/\/scrabble-it.com\/de\/wp-json\/wp\/v2\/comments?post=367"}],"version-history":[{"count":7,"href":"https:\/\/scrabble-it.com\/de\/wp-json\/wp\/v2\/pages\/367\/revisions"}],"predecessor-version":[{"id":656,"href":"https:\/\/scrabble-it.com\/de\/wp-json\/wp\/v2\/pages\/367\/revisions\/656"}],"wp:attachment":[{"href":"https:\/\/scrabble-it.com\/de\/wp-json\/wp\/v2\/media?parent=367"}],"curies":[{"name":"wp","href":"https:\/\/api.w.org\/{rel}","templated":true}]}}