{"id":348,"date":"2023-02-20T11:43:01","date_gmt":"2023-02-20T11:43:01","guid":{"rendered":"https:\/\/scrabble-it.com\/index.php\/mobilitaet\/"},"modified":"2025-08-31T09:13:26","modified_gmt":"2025-08-31T09:13:26","slug":"mobilitaet","status":"publish","type":"page","link":"https:\/\/scrabble-it.com\/de\/nachhaltigkeit\/mobilitaet\/","title":{"rendered":"Mobilit\u00e4t"},"content":{"rendered":"\n<p>Wie erreichen Sie uns am besten?<\/p>\n\n<h4 class=\"wp-block-heading\">Entlang von Rad- und Wanderwegen<\/h4>\n\n<p>ScraB&amp;Ble liegt an Rad- und Wanderwegen. Das ist bereits eine erste angenehme Art, uns zu erreichen: \u00fcber eine Rad- oder Wandertour!<\/p>\n\n<p>Neben den vielen Knotenpunkten durchqueren wir auch 3 der 9 ikonischen Routen: <a href=\"https:\/\/www.icoonfietsroutes.be\/\" target=\"_blank\" rel=\"noopener\" title=\"\">https:\/\/www.icoonfietsroutes.be\/<\/a><\/p>\n\n<figure class=\"wp-block-table\"><table class=\"has-fixed-layout\"><tbody><tr><td class=\"has-text-align-center\" data-align=\"center\"><img decoding=\"async\" width=\"150\" height=\"101\" class=\"wp-image-1035 lazyload\" style=\"--smush-placeholder-width: 150px; --smush-placeholder-aspect-ratio: 150\/101;width: 150px;\" data-src=\"https:\/\/scrabble-it.com\/wp-content\/uploads\/2024\/08\/webimage-29A0ABC4-41F9-475B-A998DB6D2390D791.png\" alt=\"\" data-srcset=\"https:\/\/scrabble-it.com\/wp-content\/uploads\/2024\/08\/webimage-29A0ABC4-41F9-475B-A998DB6D2390D791.png 800w, https:\/\/scrabble-it.com\/wp-content\/uploads\/2024\/08\/webimage-29A0ABC4-41F9-475B-A998DB6D2390D791-300x202.png 300w, https:\/\/scrabble-it.com\/wp-content\/uploads\/2024\/08\/webimage-29A0ABC4-41F9-475B-A998DB6D2390D791-768x517.png 768w, https:\/\/scrabble-it.com\/wp-content\/uploads\/2024\/08\/webimage-29A0ABC4-41F9-475B-A998DB6D2390D791-600x404.png 600w\" data-sizes=\"(max-width: 150px) 100vw, 150px\" src=\"data:image\/svg+xml;base64,PHN2ZyB3aWR0aD0iMSIgaGVpZ2h0PSIxIiB4bWxucz0iaHR0cDovL3d3dy53My5vcmcvMjAwMC9zdmciPjwvc3ZnPg==\" \/><\/td><td class=\"has-text-align-center\" data-align=\"center\"><img decoding=\"async\" width=\"150\" height=\"101\" class=\"wp-image-1031 lazyload\" style=\"--smush-placeholder-width: 150px; --smush-placeholder-aspect-ratio: 150\/101;width: 150px;\" data-src=\"https:\/\/scrabble-it.com\/wp-content\/uploads\/2024\/08\/webimage-3BC1E364-D799-4B35-8D5238353B3FE435.png\" alt=\"\" data-srcset=\"https:\/\/scrabble-it.com\/wp-content\/uploads\/2024\/08\/webimage-3BC1E364-D799-4B35-8D5238353B3FE435.png 800w, https:\/\/scrabble-it.com\/wp-content\/uploads\/2024\/08\/webimage-3BC1E364-D799-4B35-8D5238353B3FE435-300x202.png 300w, https:\/\/scrabble-it.com\/wp-content\/uploads\/2024\/08\/webimage-3BC1E364-D799-4B35-8D5238353B3FE435-768x517.png 768w, https:\/\/scrabble-it.com\/wp-content\/uploads\/2024\/08\/webimage-3BC1E364-D799-4B35-8D5238353B3FE435-600x404.png 600w\" data-sizes=\"(max-width: 150px) 100vw, 150px\" src=\"data:image\/svg+xml;base64,PHN2ZyB3aWR0aD0iMSIgaGVpZ2h0PSIxIiB4bWxucz0iaHR0cDovL3d3dy53My5vcmcvMjAwMC9zdmciPjwvc3ZnPg==\" \/><\/td><td class=\"has-text-align-center\" data-align=\"center\"><img decoding=\"async\" width=\"150\" height=\"101\" class=\"wp-image-1027 lazyload\" style=\"--smush-placeholder-width: 150px; --smush-placeholder-aspect-ratio: 150\/101;width: 150px;\" data-src=\"https:\/\/scrabble-it.com\/wp-content\/uploads\/2024\/08\/webimage-12285FF2-B52E-4C43-AEA0ABB7278A9365.png\" alt=\"\" data-srcset=\"https:\/\/scrabble-it.com\/wp-content\/uploads\/2024\/08\/webimage-12285FF2-B52E-4C43-AEA0ABB7278A9365.png 800w, https:\/\/scrabble-it.com\/wp-content\/uploads\/2024\/08\/webimage-12285FF2-B52E-4C43-AEA0ABB7278A9365-300x202.png 300w, https:\/\/scrabble-it.com\/wp-content\/uploads\/2024\/08\/webimage-12285FF2-B52E-4C43-AEA0ABB7278A9365-768x517.png 768w, https:\/\/scrabble-it.com\/wp-content\/uploads\/2024\/08\/webimage-12285FF2-B52E-4C43-AEA0ABB7278A9365-600x404.png 600w\" data-sizes=\"(max-width: 150px) 100vw, 150px\" src=\"data:image\/svg+xml;base64,PHN2ZyB3aWR0aD0iMSIgaGVpZ2h0PSIxIiB4bWxucz0iaHR0cDovL3d3dy53My5vcmcvMjAwMC9zdmciPjwvc3ZnPg==\" \/><\/td><\/tr><\/tbody><\/table><\/figure>\n\n<p>Und die Schl\u00f6sser-Route kommt auch zu uns: <a href=\"https:\/\/www.scheldeland.be\/fietsen-scheldekastelen\" target=\"_blank\" rel=\"noopener\" title=\"\">https:\/\/www.scheldeland.be\/fietsen-scheldekastelen<\/a><\/p>\n\n<p><\/p>\n\n<figure class=\"wp-block-image size-large is-resized\"><img decoding=\"async\" width=\"1024\" height=\"658\" data-src=\"https:\/\/scrabble-it.com\/wp-content\/uploads\/2023\/02\/image-4-1024x658.png\" alt=\"\" class=\"wp-image-78 lazyload\" style=\"--smush-placeholder-width: 1024px; --smush-placeholder-aspect-ratio: 1024\/658;width:834px;height:534px\" data-srcset=\"https:\/\/scrabble-it.com\/wp-content\/uploads\/2023\/02\/image-4-1024x658.png 1024w, https:\/\/scrabble-it.com\/wp-content\/uploads\/2023\/02\/image-4-300x193.png 300w, https:\/\/scrabble-it.com\/wp-content\/uploads\/2023\/02\/image-4-768x494.png 768w, https:\/\/scrabble-it.com\/wp-content\/uploads\/2023\/02\/image-4.png 1134w\" data-sizes=\"(max-width: 1024px) 100vw, 1024px\" src=\"data:image\/svg+xml;base64,PHN2ZyB3aWR0aD0iMSIgaGVpZ2h0PSIxIiB4bWxucz0iaHR0cDovL3d3dy53My5vcmcvMjAwMC9zdmciPjwvc3ZnPg==\" \/><figcaption class=\"wp-element-caption\">ScraB&amp;Ble zwischen den Wanderknotenpunkten 22 und 23 in Bornem\/Weert<\/figcaption><\/figure>\n\n<figure class=\"wp-block-image size-large is-resized\"><img decoding=\"async\" width=\"1024\" height=\"687\" data-src=\"https:\/\/scrabble-it.com\/wp-content\/uploads\/2023\/02\/image-5-1024x687.png\" alt=\"\" class=\"wp-image-79 lazyload\" style=\"--smush-placeholder-width: 1024px; --smush-placeholder-aspect-ratio: 1024\/687;width:840px;height:563px\" data-srcset=\"https:\/\/scrabble-it.com\/wp-content\/uploads\/2023\/02\/image-5-1024x687.png 1024w, https:\/\/scrabble-it.com\/wp-content\/uploads\/2023\/02\/image-5-300x201.png 300w, https:\/\/scrabble-it.com\/wp-content\/uploads\/2023\/02\/image-5-768x515.png 768w, https:\/\/scrabble-it.com\/wp-content\/uploads\/2023\/02\/image-5.png 1102w\" data-sizes=\"(max-width: 1024px) 100vw, 1024px\" src=\"data:image\/svg+xml;base64,PHN2ZyB3aWR0aD0iMSIgaGVpZ2h0PSIxIiB4bWxucz0iaHR0cDovL3d3dy53My5vcmcvMjAwMC9zdmciPjwvc3ZnPg==\" \/><figcaption class=\"wp-element-caption\">ScraB&amp;Ble befindet sich zwischen den Fahrradknotenpunkten 3 und 5 in Bornem\/Weert<\/figcaption><\/figure>\n\n<h4 class=\"wp-block-heading\">Mit \u00f6ffentlichen Verkehrsmitteln<\/h4>\n\n<p>Ziehen Sie es vor, mit \u00f6ffentlichen Verkehrsmitteln anzureisen?<\/p>\n\n<p>Nat\u00fcrlich k\u00f6nnen Sie das: Der n\u00e4chste Bahnhof befindet sich in Temse, 3,7 km von unserer Pension entfernt.<\/p>\n\n<figure class=\"wp-block-image alignright size-full is-resized\"><img decoding=\"async\" width=\"720\" height=\"480\" data-src=\"https:\/\/scrabble-it.com\/wp-content\/uploads\/2024\/04\/Urban-Arrow-Family-UA4.2-Performance-Line-Black-F3-scaled-Small.jpg\" alt=\"\" class=\"wp-image-996 lazyload\" style=\"--smush-placeholder-width: 720px; --smush-placeholder-aspect-ratio: 720\/480;width:233px;height:auto\" data-srcset=\"https:\/\/scrabble-it.com\/wp-content\/uploads\/2024\/04\/Urban-Arrow-Family-UA4.2-Performance-Line-Black-F3-scaled-Small.jpg 720w, https:\/\/scrabble-it.com\/wp-content\/uploads\/2024\/04\/Urban-Arrow-Family-UA4.2-Performance-Line-Black-F3-scaled-Small-300x200.jpg 300w, https:\/\/scrabble-it.com\/wp-content\/uploads\/2024\/04\/Urban-Arrow-Family-UA4.2-Performance-Line-Black-F3-scaled-Small-600x400.jpg 600w\" data-sizes=\"(max-width: 720px) 100vw, 720px\" src=\"data:image\/svg+xml;base64,PHN2ZyB3aWR0aD0iMSIgaGVpZ2h0PSIxIiB4bWxucz0iaHR0cDovL3d3dy53My5vcmcvMjAwMC9zdmciPjwvc3ZnPg==\" \/><\/figure>\n\n<p>Dort k\u00f6nnen Sie das Blue-Bike nehmen. Alle Informationen unter: <a href=\"https:\/\/www.blue-bike.be\/nl\" target=\"_blank\" rel=\"noreferrer noopener\">https:\/\/www.blue-bike.be\/nl<\/a><\/p>\n\n<p>Sie haben etwas zu viel Gep\u00e4ck f\u00fcr ein normales Fahrrad? Kontaktieren Sie uns: Wir k\u00f6nnen Ihr Gep\u00e4ck mit unserem Lastenfahrrad abholen.  <\/p>\n\n<h4 class=\"wp-block-heading\">Kommen Sie mit dem Auto?<\/h4>\n\n<p>Sie k\u00f6nnen es, obwohl es nicht unser beliebtestes Verkehrsmittel ist.<\/p>\n\n<p>Parkpl\u00e4tze sind (fast) immer in der N\u00e4he!<\/p>\n\n<p>Wenn Sie elektrisch fahren und Ihr Auto aufladen m\u00f6chten, k\u00f6nnen Sie dies in unserer Einfahrt tun. Teilen Sie uns dies im Voraus mit, damit wir die Einzelheiten vereinbaren k\u00f6nnen.<\/p>\n\n<p>Kommen Sie mit dem Auto, um dann zu Fu\u00df oder mit dem Fahrrad hierher zu kommen? Auch eine gute Idee. Auf den Infoseiten finden Sie alle M\u00f6glichkeiten.  <\/p>\n\n<p>Fahrr\u00e4der k\u00f6nnen Sie 300 m von uns entfernt im Silver Heron mieten. Am besten aber im Voraus buchen! <a href=\"https:\/\/zilverreiger.be\/fietsen\/\" target=\"_blank\" rel=\"noreferrer noopener\">https:\/\/zilverreiger.be\/fietsen\/<\/a><\/p>\n\n<p>Weitere Informationen zum Fahrradverleih: <a href=\"http:\/\/www.toerismekleinbrabant.be\/fietsverhuur.html\" target=\"_blank\" rel=\"noreferrer noopener\">http:\/\/www.toerismekleinbrabant.be\/fietsverhuur.html<\/a><\/p>\n\n<h4 class=\"wp-block-heading\">Mehr Infos<\/h4>\n\n<p>Eine praktische \u00dcbersicht \u00fcber alle <a href=\"https:\/\/scrabble-it.com\/de\/nachhaltigkeit\/mobilitaet\/schlanker-onderweg-in-und-nach-klein-brabant\/\" title=\"Schlanker Onderweg in und nach Klein Brabant\">nachhaltigen Transportm\u00f6glichkeiten finden Sie hier<\/a>.<\/p>\n\n<p><\/p>\n","protected":false},"excerpt":{"rendered":"<p>Wie erreichen Sie uns am besten? Entlang von Rad- und Wanderwegen ScraB&amp;Ble liegt an Rad- und Wanderwegen. Das ist bereits [&hellip;]<\/p>\n","protected":false},"author":1,"featured_media":0,"parent":367,"menu_order":0,"comment_status":"closed","ping_status":"closed","template":"","meta":{"site-sidebar-layout":"default","site-content-layout":"","ast-site-content-layout":"default","site-content-style":"default","site-sidebar-style":"default","ast-global-header-display":"","ast-banner-title-visibility":"","ast-main-header-display":"","ast-hfb-above-header-display":"","ast-hfb-below-header-display":"","ast-hfb-mobile-header-display":"","site-post-title":"","ast-breadcrumbs-content":"","ast-featured-img":"","footer-sml-layout":"","ast-disable-related-posts":"","theme-transparent-header-meta":"","adv-header-id-meta":"","stick-header-meta":"","header-above-stick-meta":"","header-main-stick-meta":"","header-below-stick-meta":"","astra-migrate-meta-layouts":"default","ast-page-background-enabled":"default","ast-page-background-meta":{"desktop":{"background-color":"var(--ast-global-color-5)","background-image":"","background-repeat":"repeat","background-position":"center center","background-size":"auto","background-attachment":"scroll","background-type":"","background-media":"","overlay-type":"","overlay-color":"","overlay-opacity":"","overlay-gradient":""},"tablet":{"background-color":"","background-image":"","background-repeat":"repeat","background-position":"center center","background-size":"auto","background-attachment":"scroll","background-type":"","background-media":"","overlay-type":"","overlay-color":"","overlay-opacity":"","overlay-gradient":""},"mobile":{"background-color":"","background-image":"","background-repeat":"repeat","background-position":"center center","background-size":"auto","background-attachment":"scroll","background-type":"","background-media":"","overlay-type":"","overlay-color":"","overlay-opacity":"","overlay-gradient":""}},"ast-content-background-meta":{"desktop":{"background-color":"var(--ast-global-color-4)","background-image":"","background-repeat":"repeat","background-position":"center center","background-size":"auto","background-attachment":"scroll","background-type":"","background-media":"","overlay-type":"","overlay-color":"","overlay-opacity":"","overlay-gradient":""},"tablet":{"background-color":"var(--ast-global-color-4)","background-image":"","background-repeat":"repeat","background-position":"center center","background-size":"auto","background-attachment":"scroll","background-type":"","background-media":"","overlay-type":"","overlay-color":"","overlay-opacity":"","overlay-gradient":""},"mobile":{"background-color":"var(--ast-global-color-4)","background-image":"","background-repeat":"repeat","background-position":"center center","background-size":"auto","background-attachment":"scroll","background-type":"","background-media":"","overlay-type":"","overlay-color":"","overlay-opacity":"","overlay-gradient":""}},"footnotes":""},"class_list":["post-348","page","type-page","status-publish","hentry"],"aioseo_notices":[],"_links":{"self":[{"href":"https:\/\/scrabble-it.com\/de\/wp-json\/wp\/v2\/pages\/348","targetHints":{"allow":["GET"]}}],"collection":[{"href":"https:\/\/scrabble-it.com\/de\/wp-json\/wp\/v2\/pages"}],"about":[{"href":"https:\/\/scrabble-it.com\/de\/wp-json\/wp\/v2\/types\/page"}],"author":[{"embeddable":true,"href":"https:\/\/scrabble-it.com\/de\/wp-json\/wp\/v2\/users\/1"}],"replies":[{"embeddable":true,"href":"https:\/\/scrabble-it.com\/de\/wp-json\/wp\/v2\/comments?post=348"}],"version-history":[{"count":9,"href":"https:\/\/scrabble-it.com\/de\/wp-json\/wp\/v2\/pages\/348\/revisions"}],"predecessor-version":[{"id":1431,"href":"https:\/\/scrabble-it.com\/de\/wp-json\/wp\/v2\/pages\/348\/revisions\/1431"}],"up":[{"embeddable":true,"href":"https:\/\/scrabble-it.com\/de\/wp-json\/wp\/v2\/pages\/367"}],"wp:attachment":[{"href":"https:\/\/scrabble-it.com\/de\/wp-json\/wp\/v2\/media?parent=348"}],"curies":[{"name":"wp","href":"https:\/\/api.w.org\/{rel}","templated":true}]}}