{"id":333,"date":"2023-02-20T17:38:27","date_gmt":"2023-02-20T17:38:27","guid":{"rendered":"https:\/\/scrabble-it.com\/index.php\/energie\/"},"modified":"2023-04-24T12:27:51","modified_gmt":"2023-04-24T12:27:51","slug":"energie","status":"publish","type":"page","link":"https:\/\/scrabble-it.com\/de\/nachhaltigkeit\/energie\/","title":{"rendered":"Energie"},"content":{"rendered":"\n<p>Energie ist in der Debatte um die Klimakrise besonders wichtig. Und vor allem die Nutzung fossiler Brennstoffe. Wir wenden das Konzept der Trias Ecologica an.<\/p>\n\n<figure class=\"wp-block-image size-full is-resized\"><img decoding=\"async\" data-src=\"https:\/\/scrabble-it.com\/wp-content\/uploads\/2023\/02\/trias_ecologica.jpg\" alt=\"\" class=\"wp-image-96 lazyload\" width=\"239\" height=\"171\" data-srcset=\"https:\/\/scrabble-it.com\/wp-content\/uploads\/2023\/02\/trias_ecologica.jpg 380w, https:\/\/scrabble-it.com\/wp-content\/uploads\/2023\/02\/trias_ecologica-300x215.jpg 300w\" data-sizes=\"(max-width: 239px) 100vw, 239px\" src=\"data:image\/svg+xml;base64,PHN2ZyB3aWR0aD0iMSIgaGVpZ2h0PSIxIiB4bWxucz0iaHR0cDovL3d3dy53My5vcmcvMjAwMC9zdmciPjwvc3ZnPg==\" style=\"--smush-placeholder-width: 239px; --smush-placeholder-aspect-ratio: 239\/171;\" \/><\/figure>\n\n<p>Das Haus ist sehr gut isoliert. Mit einer Wandst\u00e4rke von ca. 45 cm (mit Zellulose gef\u00fcllter Holzrahmen mit Holzfaserplatten an der Au\u00dfenseite und Rohrhohlraum an der Innenseite) vermeiden wir, dass die W\u00e4rme im Winter nach au\u00dfen und im Sommer nach innen gelangt.<\/p>\n\n<p>F\u00fcr die Energie, die wir dann noch ben\u00f6tigen, verwenden wir ausschlie\u00dflich Strom aus erneuerbaren Energien (Photovoltaik-Solarzellen oder \u00d6kostrom von <a href=\"https:\/\/ecopower.be\">ecopower.be<\/a>). F\u00fcr die Heizung (Raum und Wasser) nutzen wir so oft wie m\u00f6glich unseren Solarboiler. Wenn das nicht ausreicht, setzen wir unseren Gas-Brennwertkessel ein.  <\/p>\n\n<p>Diese und weitere Ma\u00dfnahmen erm\u00f6glichen es uns, einen \u00e4u\u00dferst g\u00fcnstigen Energieausweis vorzulegen:<\/p>\n\n<figure class=\"wp-block-image size-full\"><img decoding=\"async\" width=\"507\" height=\"141\" data-src=\"https:\/\/scrabble-it.com\/wp-content\/uploads\/2023\/02\/image-6.png\" alt=\"\" class=\"wp-image-97 lazyload\" data-srcset=\"https:\/\/scrabble-it.com\/wp-content\/uploads\/2023\/02\/image-6.png 507w, https:\/\/scrabble-it.com\/wp-content\/uploads\/2023\/02\/image-6-300x83.png 300w\" data-sizes=\"(max-width: 507px) 100vw, 507px\" src=\"data:image\/svg+xml;base64,PHN2ZyB3aWR0aD0iMSIgaGVpZ2h0PSIxIiB4bWxucz0iaHR0cDovL3d3dy53My5vcmcvMjAwMC9zdmciPjwvc3ZnPg==\" style=\"--smush-placeholder-width: 507px; --smush-placeholder-aspect-ratio: 507\/141;\" \/><\/figure>\n\n<figure class=\"wp-block-image size-large\"><a href=\"https:\/\/www.vreg.be\/nl\/groencheck-results\/2023022102\/541448820058177790\"><img decoding=\"async\" width=\"1024\" height=\"550\" data-src=\"https:\/\/scrabble-it.com\/wp-content\/uploads\/2023\/02\/image-7-1024x550.png\" alt=\"\" class=\"wp-image-100 lazyload\" data-srcset=\"https:\/\/scrabble-it.com\/wp-content\/uploads\/2023\/02\/image-7-1024x550.png 1024w, https:\/\/scrabble-it.com\/wp-content\/uploads\/2023\/02\/image-7-300x161.png 300w, https:\/\/scrabble-it.com\/wp-content\/uploads\/2023\/02\/image-7-768x412.png 768w, https:\/\/scrabble-it.com\/wp-content\/uploads\/2023\/02\/image-7.png 1140w\" data-sizes=\"(max-width: 1024px) 100vw, 1024px\" src=\"data:image\/svg+xml;base64,PHN2ZyB3aWR0aD0iMSIgaGVpZ2h0PSIxIiB4bWxucz0iaHR0cDovL3d3dy53My5vcmcvMjAwMC9zdmciPjwvc3ZnPg==\" style=\"--smush-placeholder-width: 1024px; --smush-placeholder-aspect-ratio: 1024\/550;\" \/><\/a><\/figure>\n","protected":false},"excerpt":{"rendered":"<p>Energie ist in der Debatte um die Klimakrise besonders wichtig. Und vor allem die Nutzung fossiler Brennstoffe. Wir wenden das [&hellip;]<\/p>\n","protected":false},"author":1,"featured_media":0,"parent":367,"menu_order":0,"comment_status":"closed","ping_status":"closed","template":"","meta":{"site-sidebar-layout":"default","site-content-layout":"","ast-site-content-layout":"default","site-content-style":"default","site-sidebar-style":"default","ast-global-header-display":"","ast-banner-title-visibility":"","ast-main-header-display":"","ast-hfb-above-header-display":"","ast-hfb-below-header-display":"","ast-hfb-mobile-header-display":"","site-post-title":"","ast-breadcrumbs-content":"","ast-featured-img":"","footer-sml-layout":"","ast-disable-related-posts":"","theme-transparent-header-meta":"","adv-header-id-meta":"","stick-header-meta":"","header-above-stick-meta":"","header-main-stick-meta":"","header-below-stick-meta":"","astra-migrate-meta-layouts":"default","ast-page-background-enabled":"default","ast-page-background-meta":{"desktop":{"background-color":"var(--ast-global-color-5)","background-image":"","background-repeat":"repeat","background-position":"center center","background-size":"auto","background-attachment":"scroll","background-type":"","background-media":"","overlay-type":"","overlay-color":"","overlay-opacity":"","overlay-gradient":""},"tablet":{"background-color":"","background-image":"","background-repeat":"repeat","background-position":"center center","background-size":"auto","background-attachment":"scroll","background-type":"","background-media":"","overlay-type":"","overlay-color":"","overlay-opacity":"","overlay-gradient":""},"mobile":{"background-color":"","background-image":"","background-repeat":"repeat","background-position":"center center","background-size":"auto","background-attachment":"scroll","background-type":"","background-media":"","overlay-type":"","overlay-color":"","overlay-opacity":"","overlay-gradient":""}},"ast-content-background-meta":{"desktop":{"background-color":"var(--ast-global-color-4)","background-image":"","background-repeat":"repeat","background-position":"center center","background-size":"auto","background-attachment":"scroll","background-type":"","background-media":"","overlay-type":"","overlay-color":"","overlay-opacity":"","overlay-gradient":""},"tablet":{"background-color":"var(--ast-global-color-4)","background-image":"","background-repeat":"repeat","background-position":"center center","background-size":"auto","background-attachment":"scroll","background-type":"","background-media":"","overlay-type":"","overlay-color":"","overlay-opacity":"","overlay-gradient":""},"mobile":{"background-color":"var(--ast-global-color-4)","background-image":"","background-repeat":"repeat","background-position":"center center","background-size":"auto","background-attachment":"scroll","background-type":"","background-media":"","overlay-type":"","overlay-color":"","overlay-opacity":"","overlay-gradient":""}},"footnotes":""},"class_list":["post-333","page","type-page","status-publish","hentry"],"aioseo_notices":[],"_links":{"self":[{"href":"https:\/\/scrabble-it.com\/de\/wp-json\/wp\/v2\/pages\/333","targetHints":{"allow":["GET"]}}],"collection":[{"href":"https:\/\/scrabble-it.com\/de\/wp-json\/wp\/v2\/pages"}],"about":[{"href":"https:\/\/scrabble-it.com\/de\/wp-json\/wp\/v2\/types\/page"}],"author":[{"embeddable":true,"href":"https:\/\/scrabble-it.com\/de\/wp-json\/wp\/v2\/users\/1"}],"replies":[{"embeddable":true,"href":"https:\/\/scrabble-it.com\/de\/wp-json\/wp\/v2\/comments?post=333"}],"version-history":[{"count":1,"href":"https:\/\/scrabble-it.com\/de\/wp-json\/wp\/v2\/pages\/333\/revisions"}],"predecessor-version":[{"id":335,"href":"https:\/\/scrabble-it.com\/de\/wp-json\/wp\/v2\/pages\/333\/revisions\/335"}],"up":[{"embeddable":true,"href":"https:\/\/scrabble-it.com\/de\/wp-json\/wp\/v2\/pages\/367"}],"wp:attachment":[{"href":"https:\/\/scrabble-it.com\/de\/wp-json\/wp\/v2\/media?parent=333"}],"curies":[{"name":"wp","href":"https:\/\/api.w.org\/{rel}","templated":true}]}}