{"id":1425,"date":"2025-08-29T07:00:27","date_gmt":"2025-08-29T07:00:27","guid":{"rendered":"https:\/\/scrabble-it.com\/nachhaltigkeit\/mobilitaet\/schlanker-onderweg-in-und-nach-klein-brabant\/"},"modified":"2025-08-31T09:13:26","modified_gmt":"2025-08-31T09:13:26","slug":"schlanker-onderweg-in-und-nach-klein-brabant","status":"publish","type":"page","link":"https:\/\/scrabble-it.com\/de\/nachhaltigkeit\/mobilitaet\/schlanker-onderweg-in-und-nach-klein-brabant\/","title":{"rendered":"Schlanker Onderweg in und nach Klein Brabant"},"content":{"rendered":"\n<pre class=\"wp-block-verse\">Quelle: B\u00fcrgerplattform Klima Klein-Brabant<\/pre>\n\n<figure class=\"wp-block-image size-full\"><a href=\"https:\/\/umap.openstreetmap.fr\/nl\/map\/mobiliteit-in-klein-brabant_1226307#13\/51.0899\/4.2706\" target=\"_blank\" rel=\" noreferrer noopener\"><img decoding=\"async\" width=\"300\" height=\"175\" data-src=\"https:\/\/scrabble-it.com\/wp-content\/uploads\/2025\/08\/Mobiliteit-in-Klein-Brabant.webp\" alt=\"\" class=\"wp-image-1367 lazyload\" src=\"data:image\/svg+xml;base64,PHN2ZyB3aWR0aD0iMSIgaGVpZ2h0PSIxIiB4bWxucz0iaHR0cDovL3d3dy53My5vcmcvMjAwMC9zdmciPjwvc3ZnPg==\" style=\"--smush-placeholder-width: 300px; --smush-placeholder-aspect-ratio: 300\/175;\" \/><\/a><\/figure>\n\n<p>Egal, ob Sie lieber mit dem Fahrrad fahren, eine Fahrgemeinschaft bilden, den Flexbus nehmen oder nach einem gemeinsam genutzten Auto suchen &#8211; nachhaltiges Reisen beginnt mit einem guten \u00dcberblick \u00fcber die M\u00f6glichkeiten. Auf dieser interaktiven Mobilit\u00e4tskarte entdecken Sie auf einen Blick Hoppin-Punkte, Bushaltestellen, Bahnh\u00f6fe, Gemeinschaftsfahrr\u00e4der, Gemeinschaftsautos, Fahrradst\u00e4nder usw. Und weil nicht alles auf eine Karte passt, finden Sie unten auch zus\u00e4tzliche Erkl\u00e4rungen zu praktischen Mobilit\u00e4ts-Apps und anderen n\u00fctzlichen Informationen.  <\/p>\n\n<h3 class=\"wp-block-heading\">Karte<\/h3>\n\n<p>Einen einfachen \u00dcberblick \u00fcber alle nachhaltigen Mobilit\u00e4tsoptionen finden Sie auf <a href=\"https:\/\/umap.openstreetmap.fr\/nl\/map\/mobiliteit-in-klein-brabant_1226307#13\/51.0899\/4.2706\" target=\"_blank\" rel=\"noopener\" title=\"\">dieser Karte<\/a>!<\/p>\n\n<ul class=\"wp-block-list\">\n<li><strong>Bedienung der Karte.<\/strong>\n<ul class=\"wp-block-list\">\n<li><img decoding=\"async\" width=\"46\" height=\"47\" class=\"wp-image-1379 lazyload\" style=\"--smush-placeholder-width: 46px; --smush-placeholder-aspect-ratio: 46\/47;width: 46px;\" data-src=\"https:\/\/scrabble-it.com\/wp-content\/uploads\/2025\/08\/Schermafbeelding-2025-08-29-082409.png\" alt=\"\" src=\"data:image\/svg+xml;base64,PHN2ZyB3aWR0aD0iMSIgaGVpZ2h0PSIxIiB4bWxucz0iaHR0cDovL3d3dy53My5vcmcvMjAwMC9zdmciPjwvc3ZnPg==\" \/>  Wenn Sie darauf klicken, wird der Datenbrowser ein- oder ausgeblendet. Wenn Sie im Datenbrowser auf ein Auge <img decoding=\"async\" width=\"150\" height=\"89\" class=\"wp-image-1400 lazyload\" style=\"--smush-placeholder-width: 150px; --smush-placeholder-aspect-ratio: 150\/89;width: 150px;\" data-src=\"https:\/\/scrabble-it.com\/wp-content\/uploads\/2025\/08\/Schermafbeelding-2025-08-29-084017-1.png\" alt=\"\" src=\"data:image\/svg+xml;base64,PHN2ZyB3aWR0aD0iMSIgaGVpZ2h0PSIxIiB4bWxucz0iaHR0cDovL3d3dy53My5vcmcvMjAwMC9zdmciPjwvc3ZnPg==\" \/>klicken, k\u00f6nnen Sie die verschiedenen Kategorien ein- oder ausblenden. Wenn Sie auf das obere Auge klicken, zeigen Sie alle oder keine der Kategorien auf der Karte an. Mit den anderen Augen schalten Sie eine einzelne Kategorie ein oder aus.   <\/li>\n\n\n\n<li><img decoding=\"async\" width=\"42\" height=\"46\" class=\"wp-image-1383 lazyload\" style=\"--smush-placeholder-width: 42px; --smush-placeholder-aspect-ratio: 42\/46;width: 42px;\" data-src=\"https:\/\/scrabble-it.com\/wp-content\/uploads\/2025\/08\/Schermafbeelding-2025-08-29-082553.png\" alt=\"\" src=\"data:image\/svg+xml;base64,PHN2ZyB3aWR0aD0iMSIgaGVpZ2h0PSIxIiB4bWxucz0iaHR0cDovL3d3dy53My5vcmcvMjAwMC9zdmciPjwvc3ZnPg==\" \/>  Erm\u00f6glicht es Ihnen, die Karte auf Ihren aktuellen Standort zu zoomen<\/li>\n\n\n\n<li><img decoding=\"async\" width=\"55\" height=\"132\" class=\"wp-image-1391 lazyload\" style=\"--smush-placeholder-width: 55px; --smush-placeholder-aspect-ratio: 55\/132;width: 55px;\" data-src=\"https:\/\/scrabble-it.com\/wp-content\/uploads\/2025\/08\/Schermafbeelding-2025-08-29-083045.png\" alt=\"\" src=\"data:image\/svg+xml;base64,PHN2ZyB3aWR0aD0iMSIgaGVpZ2h0PSIxIiB4bWxucz0iaHR0cDovL3d3dy53My5vcmcvMjAwMC9zdmciPjwvc3ZnPg==\" \/>  Wenn Sie den Mauszeiger \u00fcber die kleine Karte bewegen, die durch das rote Quadrat gekennzeichnet ist, k\u00f6nnen Sie zwischen verschiedenen Kartenhintergr\u00fcnden w\u00e4hlen. Wenn Sie auf <img decoding=\"async\" width=\"87\" height=\"88\" class=\"wp-image-1387 lazyload\" style=\"--smush-placeholder-width: 87px; --smush-placeholder-aspect-ratio: 87\/88;width: 87px;\" data-src=\"https:\/\/scrabble-it.com\/wp-content\/uploads\/2025\/08\/Schermafbeelding-2025-08-29-082716.png\" alt=\"\" src=\"data:image\/svg+xml;base64,PHN2ZyB3aWR0aD0iMSIgaGVpZ2h0PSIxIiB4bWxucz0iaHR0cDovL3d3dy53My5vcmcvMjAwMC9zdmciPjwvc3ZnPg==\" \/> klicken, erhalten Sie so eine interessante Karte mit Fahrradrouten. <\/li>\n<\/ul>\n<\/li>\n\n\n\n<li><strong>Verschiedene Kategorien auf der Karte<\/strong>\n<ul class=\"wp-block-list\">\n<li><strong><em>Hoppin Punkte<\/em><\/strong>\n<ul class=\"wp-block-list\">\n<li>An den Hoppin-Punkten treffen verschiedene Verkehrsmittel wie Zug, (Flex)Bus, Stra\u00dfenbahn oder gemeinsame Systeme zusammen, so dass Sie leicht von einem Verkehrsmittel auf ein anderes umsteigen k\u00f6nnen. Oft gibt es einen Fahrradschuppen und manchmal finden Sie auch zus\u00e4tzliche Dienstleistungen wie einen Paketautomaten, eine Fahrradpumpe oder Ladestationen f\u00fcr Elektrofahrzeuge. <\/li>\n<\/ul>\n<\/li>\n\n\n\n<li><strong><em>Zughaltestellen<\/em><\/strong>\n<ul class=\"wp-block-list\">\n<li>Es gibt 3 Bahnh\u00f6fe in Klein-Brabant: Bornem, Puurs und Ruisbroek-Sauvegarde<\/li>\n<\/ul>\n<\/li>\n\n\n\n<li><strong><em>Bushaltestellen Linie 25<\/em><\/strong>\n<ul class=\"wp-block-list\">\n<li>dieser Bus verkehrt zu den Hauptverkehrszeiten halbst\u00fcndlich und in den Nebenverkehrszeiten st\u00fcndlich<\/li>\n<\/ul>\n<\/li>\n\n\n\n<li><strong><em>Bushaltestellen Linie 26<\/em><\/strong>\n<ul class=\"wp-block-list\">\n<li>dieser Bus verkehrt zu den Hauptverkehrszeiten halbst\u00fcndlich und in den Nebenverkehrszeiten st\u00fcndlich<\/li>\n<\/ul>\n<\/li>\n\n\n\n<li><strong><em>Bushaltestellen Linie 89<\/em><\/strong>\n<ul class=\"wp-block-list\">\n<li>Dieser Bus verkehrt st\u00fcndlich zwischen 8 Uhr morgens und 20 Uhr abends<\/li>\n<\/ul>\n<\/li>\n\n\n\n<li><strong><em>Bushaltestellen Linie 257<\/em><\/strong>\n<ul class=\"wp-block-list\">\n<li>Achtung: Diese Linie ist eine Schulbuslinie und verkehrt nicht im Juli und August.<\/li>\n<\/ul>\n<\/li>\n\n\n\n<li><strong><em>Bushaltestellen Linie 269<\/em><\/strong>\n<ul class=\"wp-block-list\">\n<li>Achtung: Diese Linie ist eine Schulbuslinie und verkehrt nicht im Juli und August.<\/li>\n\n\n\n<li>an Schultagen f\u00e4hrt der Bus zweimal t\u00e4glich: zwischen ca. 07:00 und ca. 08:00 Uhr und zwischen ca. 16:00 und ca. 17:00 Uhr (Schulbusse)<\/li>\n<\/ul>\n<\/li>\n\n\n\n<li><strong><em>Flexbus<\/em><\/strong>\n<ul class=\"wp-block-list\">\n<li>Alle Bushaltestellen sind auch Haltestellen f\u00fcr den Flexbus. Es gibt auch Haltestellen nur f\u00fcr den Flexbus; Sie finden sie hier <\/li>\n<\/ul>\n<\/li>\n\n\n\n<li><strong><em>Fahrr\u00e4der teilen<\/em><\/strong>\n<ul class=\"wp-block-list\">\n<li>Leihfahrr\u00e4der von Donkey oder anderen Organisationen finden Sie an 10 Standorten auf der Karte<\/li>\n<\/ul>\n<\/li>\n\n\n\n<li><strong><em>Fahrradparken<\/em><\/strong><\/li>\n\n\n\n<li><strong><em>Autos teilen<\/em><\/strong>\n<ul class=\"wp-block-list\">\n<li>Derzeit (1.7.2025) gibt es 9 Orte, an denen mobishare Autos zur Verf\u00fcgung stehen. Es handelt sich um Elektroautos, entweder Renault Zo\u00eb oder Renault Kangoo ZE. <\/li>\n<\/ul>\n<\/li>\n<\/ul>\n<\/li>\n<\/ul>\n\n<h3 class=\"wp-block-heading\">Fahrrad-L\u00e4tzchen<\/h3>\n\n<p>Bei Nektari k\u00f6nnen Sie Fahrr\u00e4der f\u00fcr ein Jahr ausleihen. Siehe https:\/\/nektari.be\/fietsen-op-maat\/ <\/p>\n\n<h3 class=\"wp-block-heading\">Taxiunternehmen<\/h3>\n\n<p>Taxi Bjorn, https:\/\/www.taxi-bjorn.be\/taxi\/, +32 493 92 54 25 (ist allerdings f\u00fcr ein Unternehmen in Lokeren)<br\/>Taxi C-motion, https:\/\/www.cmotion.be\/#ContactUs , +32 465 07 55 96<br\/>Drive 2, https:\/\/www.drive2.be\/ , +32 488 00 58 38<br\/>Taxi Bornem, https:\/\/taxibornem.be\/, +32 472 706.245<br\/>Bornem Taxi, https:\/\/bornemtaxi.be\/, 0476 29.30.96<\/p>\n\n<p>Es gibt auch Taxidienste nur \u00fcber eine APP:<br\/><a href=\"https:\/\/bolt.eu\/nl-be\/\" target=\"_blank\" rel=\"noopener\" title=\"\">Bolt<\/a><br\/> Uber<\/p>\n\n<h3 class=\"wp-block-heading\">Mobilit\u00e4ts-Apps<\/h3>\n\n<p><br\/>Wir haben eine nicht ersch\u00f6pfende Analyse bestehender Mobilit\u00e4ts-Apps durchgef\u00fchrt.<br\/>Dabei haben wir eine Bewertung der verschiedenen Optionen vorgenommen, wobei wir uns auf multimodalen Transport konzentriert haben, falls erforderlich oder gew\u00fcnscht.<\/p>\n\n<ol start=\"4\" class=\"wp-block-list\"><\/ol>\n\n<p>Wir haben uns diese Apps genauer angesehen: Slim Naar Antwerpen, Floya (Br\u00fcssel), Hoppin, Google Maps, OSMAnd, Magic Earth, NMBS, De Lijn, De Waterbus<\/p>\n\n<h4 class=\"wp-block-heading\"><strong>Slim Naar Antwerpen (SNA)  <\/strong><\/h4>\n\n<p>SNA ist in dieser Hinsicht unsere bevorzugte Wahl. Es ist eine sehr vollst\u00e4ndige App, die auch gleich verschiedene Alternativen anbietet. Sie k\u00f6nnen sie also f\u00fcr \u00f6ffentliche Verkehrsmittel nutzen, aber auch f\u00fcr das Fahrrad, zu Fu\u00df oder mit dem Auto. Oder eine Kombination. Vor allem letzteres ist ein Mehrwert im Vergleich zu den meisten anderen Apps. Obwohl es sich um eine App f\u00fcr die Stadt Antwerpen handelt, kann sie sicherlich weit dar\u00fcber hinaus und somit auch in Klein Brabant verwendet werden.     <\/p>\n\n<ul class=\"wp-block-list\">\n<li>Multimodal<\/li>\n\n\n\n<li>Umfasst Sharing-Systeme (Fahrrad, Motorroller, Auto)<\/li>\n\n\n\n<li>Gibt einen Hinweis auf Kosten und Kcal, die Sie verbrauchen werden<\/li>\n\n\n\n<li>Links zum Ticketverkauf in der jeweiligen App oder Website<\/li>\n\n\n\n<li>Funktioniert auch im Browser<\/li>\n\n\n\n<li>Flexbus ist nicht enthalten<\/li>\n\n\n\n<li>Nicht Android Car-f\u00e4hig<\/li>\n<\/ul>\n\n<p>Anmerkung: Floya hat in etwa die gleichen Funktionen wie SNA, konzentriert sich aber auf Br\u00fcssel und wird hier nicht weiter behandelt.<\/p>\n\n<h4 class=\"wp-block-heading\"><strong>Magische Erde<\/strong><\/h4>\n\n<p>Magic Earth basiert auf Open Source-Karten von OpenStreetMap, hat aber viele Karteneinstellungen (Satellit, 3D, &#8230;). Die App funktioniert mit Android Auto und Apple Auto.<br\/>Sie funktioniert nicht multimodal, bietet Ihnen aber Optionen f\u00fcr Gehen, Radfahren, \u00f6ffentliche Verkehrsmittel, LKW oder Auto. Es gibt aktuelle Informationen \u00fcber \u00f6ffentliche Verkehrsmittel und den Verkehr.  <\/p>\n\n<ul class=\"wp-block-list\">\n<li>quelloffen\/nicht datenschutzsensibel<\/li>\n\n\n\n<li>verschiedene Verkehrsmittel zur Verf\u00fcgung gestellt werden<\/li>\n\n\n\n<li>funktioniert mit bekannten Fahrzeugsystemen<\/li>\n\n\n\n<li>sehr einfach offline zu arbeiten<\/li>\n\n\n\n<li>Nicht multimodal<\/li>\n\n\n\n<li>keine Preisinformation<\/li>\n\n\n\n<li>Flexbus ist nicht enthalten<\/li>\n\n\n\n<li>Subsysteme sind nicht verbunden<\/li>\n<\/ul>\n\n<h4 class=\"wp-block-heading\"><strong>Google Maps<\/strong><\/h4>\n\n<p>Google Maps hat ungef\u00e4hr die gleichen Funktionen wie Magic Earth. Es bietet auch Informationen zur gemeinsamen Mobilit\u00e4t in einigen Gro\u00dfst\u00e4dten. <\/p>\n\n<ul class=\"wp-block-list\">\n<li>verschiedene Verkehrsmittel zur Verf\u00fcgung gestellt werden<\/li>\n\n\n\n<li>funktioniert mit bekannten Fahrzeugsystemen<\/li>\n\n\n\n<li>aktuelle Online-Informationen \u00fcber Verkehr und \u00f6ffentliche Verkehrsmittel<\/li>\n\n\n\n<li>Nicht multimodal<\/li>\n\n\n\n<li>keine Preisinformation<\/li>\n\n\n\n<li>Flexbus ist nicht enthalten<\/li>\n\n\n\n<li>Teilsysteme sind nur teilweise miteinander verbunden<\/li>\n<\/ul>\n\n<h4 class=\"wp-block-heading\"><strong>Hoppin<\/strong><\/h4>\n\n<p>Hoppin ist keine App, sondern eine Website. Sie spiegelt die Philosophie wider, die wir uns f\u00fcr unsere Mobilit\u00e4t zu eigen machen wollen. <\/p>\n\n<p>Die Website gibt einen guten \u00dcberblick \u00fcber unsere Mobilit\u00e4t.<br\/>Auch \u00fcber die verschiedenen &#8216;offiziellen&#8217; Apps, die es in Flandern gibt (De Lijn, NMBS), aber auch andere wie Mitfahr-, Park- und Lade-Apps. Schauen Sie unbedingt hier nach <\/p>\n\n<h3 class=\"wp-block-heading\">Mobitwin (ehemals Minder Mobielen Centrale) Klein-Brabant<\/h3>\n\n<p>Mobitwin ist ein freiwilliger Fahrdienst f\u00fcr Menschen, die sich aus verschiedenen Gr\u00fcnden nicht selbst fortbewegen k\u00f6nnen: Alter, Krankheit, Behinderung, <br\/>soziale Notlage<br\/>Bedingungen und Verfahren: siehe https:\/\/www.puurs-sint-amands.be\/mobitwin-klein-brabant<\/p>\n\n<h3 class=\"wp-block-heading\">Kommentare und Vorschl\u00e4ge<\/h3>\n\n<p>Wenn Sie Kommentare oder Vorschl\u00e4ge zu den oben genannten Inhalten haben, senden Sie uns bitte eine Nachricht an burgerklimaat@gmail.co<\/p>\n\n<p><\/p>\n","protected":false},"excerpt":{"rendered":"<p>Quelle: B\u00fcrgerplattform Klima Klein-Brabant Egal, ob Sie lieber mit dem Fahrrad fahren, eine Fahrgemeinschaft bilden, den Flexbus nehmen oder nach [&hellip;]<\/p>\n","protected":false},"author":1,"featured_media":1370,"parent":348,"menu_order":0,"comment_status":"closed","ping_status":"closed","template":"","meta":{"site-sidebar-layout":"default","site-content-layout":"","ast-site-content-layout":"default","site-content-style":"default","site-sidebar-style":"default","ast-global-header-display":"","ast-banner-title-visibility":"","ast-main-header-display":"","ast-hfb-above-header-display":"","ast-hfb-below-header-display":"","ast-hfb-mobile-header-display":"","site-post-title":"","ast-breadcrumbs-content":"","ast-featured-img":"disabled","footer-sml-layout":"","ast-disable-related-posts":"","theme-transparent-header-meta":"","adv-header-id-meta":"","stick-header-meta":"","header-above-stick-meta":"","header-main-stick-meta":"","header-below-stick-meta":"","astra-migrate-meta-layouts":"default","ast-page-background-enabled":"default","ast-page-background-meta":{"desktop":{"background-color":"var(--ast-global-color-5)","background-image":"","background-repeat":"repeat","background-position":"center center","background-size":"auto","background-attachment":"scroll","background-type":"","background-media":"","overlay-type":"","overlay-color":"","overlay-opacity":"","overlay-gradient":""},"tablet":{"background-color":"","background-image":"","background-repeat":"repeat","background-position":"center center","background-size":"auto","background-attachment":"scroll","background-type":"","background-media":"","overlay-type":"","overlay-color":"","overlay-opacity":"","overlay-gradient":""},"mobile":{"background-color":"","background-image":"","background-repeat":"repeat","background-position":"center center","background-size":"auto","background-attachment":"scroll","background-type":"","background-media":"","overlay-type":"","overlay-color":"","overlay-opacity":"","overlay-gradient":""}},"ast-content-background-meta":{"desktop":{"background-color":"var(--ast-global-color-4)","background-image":"","background-repeat":"repeat","background-position":"center center","background-size":"auto","background-attachment":"scroll","background-type":"","background-media":"","overlay-type":"","overlay-color":"","overlay-opacity":"","overlay-gradient":""},"tablet":{"background-color":"var(--ast-global-color-4)","background-image":"","background-repeat":"repeat","background-position":"center center","background-size":"auto","background-attachment":"scroll","background-type":"","background-media":"","overlay-type":"","overlay-color":"","overlay-opacity":"","overlay-gradient":""},"mobile":{"background-color":"var(--ast-global-color-4)","background-image":"","background-repeat":"repeat","background-position":"center center","background-size":"auto","background-attachment":"scroll","background-type":"","background-media":"","overlay-type":"","overlay-color":"","overlay-opacity":"","overlay-gradient":""}},"footnotes":""},"class_list":["post-1425","page","type-page","status-publish","has-post-thumbnail","hentry"],"aioseo_notices":[],"_links":{"self":[{"href":"https:\/\/scrabble-it.com\/de\/wp-json\/wp\/v2\/pages\/1425","targetHints":{"allow":["GET"]}}],"collection":[{"href":"https:\/\/scrabble-it.com\/de\/wp-json\/wp\/v2\/pages"}],"about":[{"href":"https:\/\/scrabble-it.com\/de\/wp-json\/wp\/v2\/types\/page"}],"author":[{"embeddable":true,"href":"https:\/\/scrabble-it.com\/de\/wp-json\/wp\/v2\/users\/1"}],"replies":[{"embeddable":true,"href":"https:\/\/scrabble-it.com\/de\/wp-json\/wp\/v2\/comments?post=1425"}],"version-history":[{"count":1,"href":"https:\/\/scrabble-it.com\/de\/wp-json\/wp\/v2\/pages\/1425\/revisions"}],"predecessor-version":[{"id":1426,"href":"https:\/\/scrabble-it.com\/de\/wp-json\/wp\/v2\/pages\/1425\/revisions\/1426"}],"up":[{"embeddable":true,"href":"https:\/\/scrabble-it.com\/de\/wp-json\/wp\/v2\/pages\/348"}],"wp:featuredmedia":[{"embeddable":true,"href":"https:\/\/scrabble-it.com\/de\/wp-json\/wp\/v2\/media\/1370"}],"wp:attachment":[{"href":"https:\/\/scrabble-it.com\/de\/wp-json\/wp\/v2\/media?parent=1425"}],"curies":[{"name":"wp","href":"https:\/\/api.w.org\/{rel}","templated":true}]}}