{"id":1342,"date":"2025-08-13T16:05:43","date_gmt":"2025-08-13T16:05:43","guid":{"rendered":"https:\/\/scrabble-it.com\/oekologischer-garten\/"},"modified":"2025-08-13T16:05:52","modified_gmt":"2025-08-13T16:05:52","slug":"oekologischer-garten","status":"publish","type":"page","link":"https:\/\/scrabble-it.com\/de\/oekologischer-garten\/","title":{"rendered":"\u00d6kologischer Garten"},"content":{"rendered":"\n<figure class=\"wp-block-image\"><img decoding=\"async\" data-src=\"https:\/\/natuurgidsen-klein-brabant.com\/wp-content\/uploads\/2024\/08\/2021-05-30-09.26.33-scaled-e1724403703579.jpg\" alt=\"\" src=\"data:image\/svg+xml;base64,PHN2ZyB3aWR0aD0iMSIgaGVpZ2h0PSIxIiB4bWxucz0iaHR0cDovL3d3dy53My5vcmcvMjAwMC9zdmciPjwvc3ZnPg==\" class=\"lazyload\" \/><\/figure>\n\n<p>In unserem B&amp;B werden wir regelm\u00e4\u00dfig von G\u00e4sten mit Interesse auf unsere bio-\u00f6kologische Bauweise angesprochen. Dann spreche ich meist auch \u00fcber unseren \u00f6kologischen Garten. <\/p>\n\n<p>&#8220;Was genau ist denn ein \u00f6kologischer Garten?&#8221;, fragte einer unserer G\u00e4ste. Zuerst dachte ich: Das ist doch eine einfache Frage. Wir verwenden keine Pestizide, haben nicht viel gepflastert und mehr von diesen \u00fcblichen Antworten. Aber eigentlich geht es viel weiter. Es geht darum, wie man einen Garten betrachtet, was man von ihm erwartet.    <\/p>\n\n<h3 class=\"wp-block-heading\">Egologische G\u00e4rten<\/h3>\n\n<figure class=\"wp-block-image\"><img decoding=\"async\" data-src=\"https:\/\/natuurgidsen-klein-brabant.com\/wp-content\/uploads\/2024\/08\/Schermafbeelding-2024-08-23-111211.png\" alt=\"\" class=\"wp-image-7549 lazyload\" src=\"data:image\/svg+xml;base64,PHN2ZyB3aWR0aD0iMSIgaGVpZ2h0PSIxIiB4bWxucz0iaHR0cDovL3d3dy53My5vcmcvMjAwMC9zdmciPjwvc3ZnPg==\" \/><\/figure>\n\n<p>Egologische G\u00e4rten sind zu 100% darauf ausgelegt, den Menschen und sein Ego zu befriedigen. Sch\u00f6ne, gro\u00dfe, gr\u00fcne Rasenfl\u00e4chen, sauber abgegrenzt, flach wie ein Billardtisch, regelm\u00e4\u00dfig ged\u00fcngt, h\u00e4ufig getrimmt, am besten sogar mit einem Roboter. Sie k\u00f6nnen darauf golfen, Kubb spielen, ein Zelt aufstellen, &#8230; In den Beeten stehen wundersch\u00f6ne Blumen und Str\u00e4ucher. Blumen, die wir als Menschen sch\u00f6n finden. Sch\u00f6n bedeutet in der Regel: besonders, einzigartig, nirgendwo sonst leicht zu finden. Exotische und kultivierte Blumen und Pflanzen passen daher perfekt hinein. Unkraut sollte durch viel Unkrautj\u00e4ten oder noch einfacher durch den Einsatz von Herbiziden vermieden werden. Ein Maulwurf ruiniert unseren idealen Garten. Ein extremes Beispiel f\u00fcr einen solchen egologischen Garten lautet <a href=\"https:\/\/www.gva.be\/cnt\/dmf20240129_93434672\" target=\"_blank\" rel=\"noreferrer noopener\">: &#8220;Kunstrasen ist doch gr\u00fcn, oder?&#8221;<\/a>        <\/p>\n\n<h3 class=\"wp-block-heading\">\u00d6kologische G\u00e4rten<\/h3>\n\n<figure class=\"wp-block-image\"><img decoding=\"async\" data-src=\"https:\/\/natuurgidsen-klein-brabant.com\/wp-content\/uploads\/2024\/08\/Schermafbeelding-2024-08-23-111230.png\" alt=\"\" class=\"wp-image-7550 lazyload\" src=\"data:image\/svg+xml;base64,PHN2ZyB3aWR0aD0iMSIgaGVpZ2h0PSIxIiB4bWxucz0iaHR0cDovL3d3dy53My5vcmcvMjAwMC9zdmciPjwvc3ZnPg==\" \/><\/figure>\n\n<p>\u00d6kologische G\u00e4rten stellen die Natur in den Mittelpunkt. Der Mensch ist nur ein Teil dieser Natur. Um von einem naturnahen Garten zu sprechen, muss man den lokalen und einheimischen Pflanzen und Tieren viel Aufmerksamkeit schenken. Oder besser noch, lassen Sie die Natur ihren eigenen Weg finden und lassen Sie Pflanzen entstehen, die in einem egologischen Garten als Unkraut angesehen werden w\u00fcrden. Tats\u00e4chlich ist die Bewirtschaftung f\u00fcr den Menschen in einem solchen Garten viel einfacher und so spricht man vom faulen G\u00e4rtner. Er beschr\u00e4nkt sich in der Regel darauf, der Natur unter die Arme zu greifen, indem er den Boden zerkleinert, exotische Pflanzen entfernt und das Unkraut in Schach h\u00e4lt. Dichtes Grasland kann vorhanden sein, wird aber auf ein Minimum beschr\u00e4nkt.      <\/p>\n\n<p>Ein Garten voller Blumen scheint in vielen F\u00e4llen ein \u00f6kologischer Garten zu sein. Aber &#8230;<br\/>Wir pflanzen und bl\u00fchen in unserem Garten viele Wildpflanzen. Kn\u00f6terich, Disteln, Jakobskreuzkraut und Wildblumen gibt es im \u00dcberfluss. Wir haben auch Blumen wie Sonnenblumen und Rudbeckien gepflanzt und gekauft. Der Unterschied ? auf den Wildpflanzen wimmelt es von Leben: Summen, Saugen, Fliegen, Schn\u00fcffeln, Ausbreiten, Best\u00e4uben. Auf dem gekauften Material kann man h\u00f6chstens die H\u00e4lfte davon beobachten. K\u00fcrzlich haben sich die Stieglitze an unseren Knopffl\u00fcgeln erfreut.      <\/p>\n\n<p>Das Gleiche gilt f\u00fcr unseren \u00f6kologischen Teich. Er wurde mit minimalen Auswirkungen auf die Umwelt gebaut: keine Betonkonstruktion, sondern EPDM, um den Wasserstand zu halten, der durch ein Schilfbeet gereinigt wird. Wir schwimmen regelm\u00e4\u00dfig in ihm! Aber was wir am meisten genie\u00dfen, ist die Natur, die er anzieht: Fr\u00f6sche, Salamander, Libellen, Prachtlibellen, Skater. Und unser gro\u00dfer Favorit: der Eisvogel. Aber auch der Graureiher, der Kormoran, das Teichhuhn, das Bl\u00e4sshuhn, &#8230; Den Vergleich mit einem gechlorten Pool \u00fcberlasse ich Ihnen.      <\/p>\n\n<h3 class=\"wp-block-heading\">Sind Sie ein egologischer oder ein \u00f6kologischer G\u00e4rtner?<\/h3>\n\n<ul class=\"wp-block-list\">\n<li>Haben Sie jemals Unkraut wachsen lassen?<\/li>\n\n\n\n<li>Nehmen Sie an mow may not teil?<\/li>\n\n\n\n<li>Lassen Sie den Maulwurf sein Zuhause finden und setzen Sie eine Blume auf die Maulwurfsh\u00fcgel ?<\/li>\n\n\n\n<li>Sehen Sie L\u00f6cher im Zaun vor, damit Igel vorbeikommen k\u00f6nnen?<\/li>\n\n\n\n<li>Lassen Sie manchmal ein Reh etwas von Ihrem schmackhaften Garten genie\u00dfen?<\/li>\n\n\n\n<li>Verwenden Sie keine Herbizide und Pestizide?<\/li>\n\n\n\n<li>Spr\u00fchen Sie nicht oder nur in Ausnahmef\u00e4llen?<\/li>\n<\/ul>\n\n<p>Welchen Garten haben Sie? Sie k\u00f6nnen diese 2 grundlegend verschiedenen Arten der Gartenarbeit auf eine Skala setzen und sie als die Extreme eines Kontinuums betrachten. Die meisten G\u00e4rten werden irgendwo dazwischen liegen. Aber leider liegen die meisten G\u00e4rten auf der Seite des <strong>Egologischen<\/strong>.   <\/p>\n\n<p>Vor kurzem ist das europ\u00e4ische Gesetz zur Renaturierung in Kraft getreten. Werden Sie Ihren Teil dazu beitragen und Ihren Garten in eine \u00f6kologische Opulenz verwandeln? <\/p>\n","protected":false},"excerpt":{"rendered":"<p>In unserem B&amp;B werden wir regelm\u00e4\u00dfig von G\u00e4sten mit Interesse auf unsere bio-\u00f6kologische Bauweise angesprochen. Dann spreche ich meist auch [&hellip;]<\/p>\n","protected":false},"author":1,"featured_media":0,"parent":0,"menu_order":0,"comment_status":"closed","ping_status":"closed","template":"","meta":{"site-sidebar-layout":"default","site-content-layout":"","ast-site-content-layout":"default","site-content-style":"default","site-sidebar-style":"default","ast-global-header-display":"","ast-banner-title-visibility":"","ast-main-header-display":"","ast-hfb-above-header-display":"","ast-hfb-below-header-display":"","ast-hfb-mobile-header-display":"","site-post-title":"","ast-breadcrumbs-content":"","ast-featured-img":"","footer-sml-layout":"","ast-disable-related-posts":"","theme-transparent-header-meta":"","adv-header-id-meta":"","stick-header-meta":"","header-above-stick-meta":"","header-main-stick-meta":"","header-below-stick-meta":"","astra-migrate-meta-layouts":"default","ast-page-background-enabled":"default","ast-page-background-meta":{"desktop":{"background-color":"var(--ast-global-color-5)","background-image":"","background-repeat":"repeat","background-position":"center center","background-size":"auto","background-attachment":"scroll","background-type":"","background-media":"","overlay-type":"","overlay-color":"","overlay-opacity":"","overlay-gradient":""},"tablet":{"background-color":"","background-image":"","background-repeat":"repeat","background-position":"center center","background-size":"auto","background-attachment":"scroll","background-type":"","background-media":"","overlay-type":"","overlay-color":"","overlay-opacity":"","overlay-gradient":""},"mobile":{"background-color":"","background-image":"","background-repeat":"repeat","background-position":"center center","background-size":"auto","background-attachment":"scroll","background-type":"","background-media":"","overlay-type":"","overlay-color":"","overlay-opacity":"","overlay-gradient":""}},"ast-content-background-meta":{"desktop":{"background-color":"var(--ast-global-color-4)","background-image":"","background-repeat":"repeat","background-position":"center center","background-size":"auto","background-attachment":"scroll","background-type":"","background-media":"","overlay-type":"","overlay-color":"","overlay-opacity":"","overlay-gradient":""},"tablet":{"background-color":"var(--ast-global-color-4)","background-image":"","background-repeat":"repeat","background-position":"center center","background-size":"auto","background-attachment":"scroll","background-type":"","background-media":"","overlay-type":"","overlay-color":"","overlay-opacity":"","overlay-gradient":""},"mobile":{"background-color":"var(--ast-global-color-4)","background-image":"","background-repeat":"repeat","background-position":"center center","background-size":"auto","background-attachment":"scroll","background-type":"","background-media":"","overlay-type":"","overlay-color":"","overlay-opacity":"","overlay-gradient":""}},"footnotes":""},"class_list":["post-1342","page","type-page","status-publish","hentry"],"aioseo_notices":[],"_links":{"self":[{"href":"https:\/\/scrabble-it.com\/de\/wp-json\/wp\/v2\/pages\/1342","targetHints":{"allow":["GET"]}}],"collection":[{"href":"https:\/\/scrabble-it.com\/de\/wp-json\/wp\/v2\/pages"}],"about":[{"href":"https:\/\/scrabble-it.com\/de\/wp-json\/wp\/v2\/types\/page"}],"author":[{"embeddable":true,"href":"https:\/\/scrabble-it.com\/de\/wp-json\/wp\/v2\/users\/1"}],"replies":[{"embeddable":true,"href":"https:\/\/scrabble-it.com\/de\/wp-json\/wp\/v2\/comments?post=1342"}],"version-history":[{"count":1,"href":"https:\/\/scrabble-it.com\/de\/wp-json\/wp\/v2\/pages\/1342\/revisions"}],"predecessor-version":[{"id":1344,"href":"https:\/\/scrabble-it.com\/de\/wp-json\/wp\/v2\/pages\/1342\/revisions\/1344"}],"wp:attachment":[{"href":"https:\/\/scrabble-it.com\/de\/wp-json\/wp\/v2\/media?parent=1342"}],"curies":[{"name":"wp","href":"https:\/\/api.w.org\/{rel}","templated":true}]}}